{"id":10113,"date":"2021-11-02T11:35:28","date_gmt":"2021-11-02T10:35:28","guid":{"rendered":"http:\/\/gdsa30.fr\/?page_id=10113"},"modified":"2021-11-05T10:17:14","modified_gmt":"2021-11-05T09:17:14","slug":"lutte-contre-la-proliferation-du-frelon-asiatique","status":"publish","type":"page","link":"https:\/\/gdsa30.fr\/index.php\/lutte-contre-la-proliferation-du-frelon-asiatique\/","title":{"rendered":"Organisation de la lutte Frelon Asiatique"},"content":{"rendered":"\n<p class=\"has-text-align-center has-medium-font-size\"><strong>Pr\u00e9sentation et probl\u00e9matique de notre organisation de Lutte contre la prolif\u00e9ration du<br>FRELON ASIATIQUE<\/strong><\/p>\n\n\n\n<p>Le Groupement de D\u00e9fense Sanitaire du Gard ( GDSA 30 ) a mis en place \u00e0 partir de 2008 un<br>r\u00e9seau de Lutte contre le Frelon Asiatique ( FA ) (Information, pi\u00e9geages, recherche des nids<br>primaires, recensements et destruction des nids secondaires \u2026 voir historique chronologique)<br>En 2020, un nouveau partenariat avec le SDIS 30 a \u00e9t\u00e9 mis en place comprenant :<br>-Protocole de basculement sur notre r\u00e9seau de r\u00e9f\u00e9rents, de toutes les alertes sur hym\u00e9nopt\u00e8res arrivant au CTA ( le 112 ) en vue d\u2019action de destruction suivant les validations.<br>-Annuaire de dix neufs r\u00e9f\u00e9rents FA du GDSA 30 qui assurent la validation des op\u00e9rations de<br>destruction et le recensement sur tout le d\u00e9partement.<br>-Fiche op\u00e9rationnelle du traitement d\u2019une demande d\u2019assistance.<br>Il faut savoir qu\u2019au niveau des nids de FA, l\u2019\u00e9mergence des insectes reproducteurs d\u00e9bute environ milieu Septembre, \u00e0 l\u2019apog\u00e9e des nids secondaires, et se termine avec la d\u00e9g\u00e9n\u00e9rescence des nids  vers fin D\u00e9cembre. Vers milieu Novembre les pontes cessent et l\u2019activit\u00e9 d\u2019\u00e9levage baisse rapidement. Les nids se d\u00e9peuplent et la plupart sont vides fin Janvier, en fonction de la m\u00e9t\u00e9o.<br>Quelques \u00ab gynes \u00bb non f\u00e9cond\u00e9es peuvent rester quelquefois dans le nid durant l\u2019hiver.<br>Les nids ne sont jamais repeupl\u00e9s l\u2019ann\u00e9e suivante, et se d\u00e9sagr\u00e8gent peu \u00e0 peu au fil du temps.<br>Les jeunes fondatrices d\u00e9marrent leur ponte sur F\u00e9vrier, Mars, Avril, dans un petit nid primaire<br>qu\u2019elles construisent toujours sous abri, de la taille d\u2019une orange, avec un petit trou d\u2019entr\u00e9e au-dessous. La fondatrice est seule, plus d\u2019un mois, avant l\u2019\u00e9mergence de ses premi\u00e8res \u00ab ouvri\u00e8res \u00bb.<br>Depuis quelques ann\u00e9es nous avons un taux de recensements tr\u00e8s \u00e9lev\u00e9 ( plus de 500 nids ), avec  un pic exceptionnel de 1200 nids en 2018. Cette situation engendre un tr\u00e8s gros travail au sein du r\u00e9seau et nous rapproche des limites op\u00e9rationnelles, d\u2019autant que de nombreuses d\u00e9rives, dues \u00e0 la multiplicit\u00e9 et \u00e0 la lourdeur des engagements, freinent aussi l\u2019efficacit\u00e9 du syst\u00e8me \u2026<br>D\u2019autres r\u00e9ponses sont donc \u00e0 rechercher, d\u2019autant que la prolif\u00e9ration et la concentration des nids de FA accentuent les dangers : 5 \u00e0 10 % des nids sont \u00e0 hauteur d\u2019homme et repr\u00e9sentent un risque important pour les personnes, les pr\u00e9dations,, qui ne se limitent pas aux abeilles, appauvrissent nos<br>\u00e9cosyst\u00e8mes, les d\u00e9g\u00e2ts sur les ruchers deviennent tr\u00e8s importants et impactent durement la fili\u00e8re.<br>Les pistes men\u00e9es :<\/p>\n\n\n\n<ul class=\"wp-block-list\"><li>Une information claire et juste aupr\u00e8s de toute la population sur les enjeux, les collaborations<br>individuelles possibles, les dangers r\u00e9els et l\u2019aberration d\u2019un \u00ab business \u00bb de destruction.<\/li><li>Mise en place par secteur ( communaut\u00e9 de communes, municipalit\u00e9, \u2026 ) de cellules<br>d\u2019intervenants qualifi\u00e9s ( personnel des collectivit\u00e9s, missionn\u00e9 en saison et form\u00e9 \u00e0 cet effet ).<\/li><li>Et, ou, intensification par le GDSA 30 d\u2019un r\u00e9seau de perchistes volontaires, subventionn\u00e9 et soutenu par les diff\u00e9rentes collectivit\u00e9s territoriales.<\/li><\/ul>\n\n\n\n<p class=\"has-text-align-center has-normal-font-size\">Gilbert DUMAS<\/p>\n\n\n\n<p class=\"has-text-align-center\">GROUPEMENT DE DEFENSE SANITAIRE APICOLE DU GARD<br>Agr\u00e9ment Pr\u00e9fectoral n\u00b0 2011-028-0005 Agr\u00e9ment \u00ab Pharmacie V\u00e9t\u00e9rinaire \u00bb n\u00b0 PH 30 189 024<br>Adresse tout courrier : GDSA 30 4 Route de Saint Ambroix 30430 ST JEAN DE MARUEJOLS<br>Tel : 06 31 36 95 96 E-mail : gdsa30@gmail.com IBAN : FR19 2004 1010 0900 7594 5V03 091<br>Si\u00e8ge Social Mairie de VEZENOBRES SIRET 803 618 198 00011<\/p>\n","protected":false},"excerpt":{"rendered":"<p>Pr\u00e9sentation et probl\u00e9matique de notre organisation de Lutte contre la prolif\u00e9ration duFRELON ASIATIQUE Le Groupement de D\u00e9fense Sanitaire du Gard ( GDSA 30 ) a mis en place \u00e0 partir de 2008 unr\u00e9seau de Lutte contre le Frelon Asiatique ( FA ) (Information, pi\u00e9geages, recherche des nidsprimaires, recensements et destruction des nids secondaires \u2026 voir historique chronologique)En 2020, un nouveau partenariat avec le SDIS 30 a \u00e9t\u00e9 mis en place comprenant :-Protocole de basculement sur notre r\u00e9seau de r\u00e9f\u00e9rents, de&#8230;<\/p>\n<p class=\"read-more\"><a class=\"btn btn-default\" href=\"https:\/\/gdsa30.fr\/index.php\/lutte-contre-la-proliferation-du-frelon-asiatique\/\">Lire la suite<span class=\"screen-reader-text\"> Lire la suite<\/span><\/a><\/p>\n","protected":false},"author":3,"featured_media":0,"parent":0,"menu_order":0,"comment_status":"closed","ping_status":"closed","template":"","meta":{"footnotes":""},"class_list":["post-10113","page","type-page","status-publish","hentry"],"_links":{"self":[{"href":"https:\/\/gdsa30.fr\/index.php\/wp-json\/wp\/v2\/pages\/10113","targetHints":{"allow":["GET"]}}],"collection":[{"href":"https:\/\/gdsa30.fr\/index.php\/wp-json\/wp\/v2\/pages"}],"about":[{"href":"https:\/\/gdsa30.fr\/index.php\/wp-json\/wp\/v2\/types\/page"}],"author":[{"embeddable":true,"href":"https:\/\/gdsa30.fr\/index.php\/wp-json\/wp\/v2\/users\/3"}],"replies":[{"embeddable":true,"href":"https:\/\/gdsa30.fr\/index.php\/wp-json\/wp\/v2\/comments?post=10113"}],"version-history":[{"count":7,"href":"https:\/\/gdsa30.fr\/index.php\/wp-json\/wp\/v2\/pages\/10113\/revisions"}],"predecessor-version":[{"id":10144,"href":"https:\/\/gdsa30.fr\/index.php\/wp-json\/wp\/v2\/pages\/10113\/revisions\/10144"}],"wp:attachment":[{"href":"https:\/\/gdsa30.fr\/index.php\/wp-json\/wp\/v2\/media?parent=10113"}],"curies":[{"name":"wp","href":"https:\/\/api.w.org\/{rel}","templated":true}]}}