{"id":10168,"date":"2022-02-27T11:26:20","date_gmt":"2022-02-27T10:26:20","guid":{"rendered":"http:\/\/gdsa30.fr\/?page_id=10168"},"modified":"2025-12-11T10:45:31","modified_gmt":"2025-12-11T09:45:31","slug":"gdsa-30-reseau-de-lutte-frelon-asiatique","status":"publish","type":"page","link":"https:\/\/gdsa30.fr\/index.php\/gdsa-30-reseau-de-lutte-frelon-asiatique\/","title":{"rendered":"GDSA 30 : RESEAU de LUTTE Frelon Asiatique"},"content":{"rendered":"\n<figure class=\"wp-block-image size-full is-resized\"><img loading=\"lazy\" decoding=\"async\" width=\"235\" height=\"156\" src=\"http:\/\/gdsa30.fr\/wp-content\/uploads\/2022\/02\/image.png\" alt=\"\" class=\"wp-image-10170\" style=\"width:358px;height:237px\"\/><\/figure>\n\n\n\n<p class=\"has-text-align-left\"><br><strong>CAMPAGNE DE PIEGEAGE FA 2025<\/strong><br>Pr\u00e9sident du GDSA 30 : <strong>Gilbert DUMAS<\/strong><br>Coordonnateur du R\u00e9seau de pi\u00e9geage : <strong>Alexandre DUHAMEL<\/strong><\/p>\n\n\n\n<p class=\"has-text-align-left\">R\u00e9f\u00e9rences :<br><br><strong>GDS France et la FREDON<\/strong> &#8211; <strong>Plan national de pi\u00e9geage de printemps des FA<\/strong>  :<\/p>\n\n\n\n<p><a href=\"https:\/\/fredon.fr\/sites\/default\/files\/frelon\/Strat%C3%A9gie%20et%20plan%20national%20de%20lutte%20contre%20le%20frelon%20asiatique%20%C3%A0%20pattes%20jaunes-v2024.pdf\">https:\/\/fredon.fr\/sites\/default\/files\/frelon\/Strat%C3%A9gie%20et%20plan%20national%20de%20lutte%20contre%20le%20frelon%20asiatique%20%C3%A0%20pattes%20jaunes-v2024.pdf<\/a><\/p>\n\n\n\n<p class=\"has-text-align-left\"><strong>PR\u00c9FACE<\/strong> :<br>Certaines Organisations Sanitaires Apicoles ont essay\u00e9, d\u00e8s l\u2019arriv\u00e9e de Vespa Velutina, de construire un plan de Lutte contre cette esp\u00e8ce invasive. En effet le Frelon Asiatique (FA) s\u2019est tout de suite r\u00e9v\u00e9l\u00e9 grandement nuisible pour nos abeilles.<\/p>\n\n\n\n<p class=\"has-text-align-left\"><br>Le <strong>GDSA 30 <\/strong>(OSAD D\u00e9partementale) en est l\u2019une d\u2019entre elles et organise la lutte FA depuis 2008, ann\u00e9e de l\u2019arriv\u00e9e de FA dans le Gard. Plusieurs axes d\u2019attaque sont d\u00e9velopp\u00e9s et notamment le pi\u00e9geage de printemps raisonn\u00e9.<br>Sous l\u2019\u00e9gide de <strong>GDS France et de la FNOSAD<\/strong>, un Groupe de Travail a \u00e9t\u00e9 constitu\u00e9 pour \u00e9laborer un plan national de lutte contre les frelons asiatiques Vespa Velutina et Orientalis destin\u00e9 \u00e0 \u00eatre fonctionnel au printemps 2022. Un Groupe de Travail a r\u00e9uni l\u2019ensemble des organisations concern\u00e9es par la lutte contre ces esp\u00e8ces exotiques envahissantes : <strong>ADA France, FNOSAD, GDS France, GNTSA, INTERAPI, ITSAP.<\/strong><br>Le cycle biologique du Frelon Asiatique est annuel. Seules les femelles fondatrices de la nouvelle g\u00e9n\u00e9ration survivent a\u0300 l\u2019hiver. Elles se mettent en hivernage dans des endroits abrit\u00e9s et \u00e9mergent au d\u00e9but du printemps pour fonder de nouvelles colonies.<br>Une \u00e9tude r\u00e9alis\u00e9e entre 2016 et 2019 par l\u2019<strong>ITSAP-Institut de l\u2019Abeille <\/strong>et ses partenaires sur trois d\u00e9partements fran\u00e7ais, a r\u00e9v\u00e9l\u00e9 que le pi\u00e9geage des fondatrices permettait de faire diminuer le nombre de nids. Le pi\u00e9geage, qui ne permet pas l\u2019\u00e9radication, doit \u00eatre cible\u0301 et renouvel\u00e9 chaque ann\u00e9e dans le cadre d\u2019un plan g\u00e9n\u00e9ral de lutte incluant la pr\u00e9vention, la surveillance et la lutte.<br>Actuellement, et selon les donn\u00e9es scientifiques acquises a\u0300 ce jour, il n\u2019existe pas de pi\u00e8ges efficaces et s\u00e9lectifs contre le frelon asiatique. Il convient de limiter l\u2019impact du pi\u00e9geage sur les esp\u00e8ces non cibles en respectant les indications et pr\u00e9cautions qui suivent. Ces recommandations sont susceptibles d\u2019\u00e9voluer en fonction de l\u2019avanc\u00e9e des connaissances scientifiques.<\/p>\n\n\n\n<p class=\"has-text-align-left\"><br><strong>QUELQUES NOTIONS<\/strong> :<br>La reine, femelle fondatrice du frelon asiatique \u00ab vespa v\u00e9lutina \u00bb mesure jusqu&rsquo;\u00e0 3,2 cm. Sa dur\u00e9e de vie est d&rsquo;un an. Chaque reine fonde sa propre colonie au printemps, du mois de mars et jusqu&rsquo;\u00e0 d\u00e9but ao\u00fbt.<br>Les fondatrices ne pondent qu&rsquo;un oeuf par jour en d\u00e9but de saison et le d\u00e9veloppement des larves n\u00e9cessite 45 jours. Ce n&rsquo;est donc que vers le 15 juin que la fondatrice a assez d&rsquo;ouvri\u00e8res pour la nourrir et fonder le nid secondaire. A partir de l\u00e0, elle ne fera plus que pondre (jusqu&rsquo;\u00e0 100 \u0153ufs par jour).<br>Vers la fin du mois de septembre un \u00e9levage de nouvelles reines pour l\u2019ann\u00e9e suivante se pr\u00e9pare au sein du nid de Frelons Asiatiques.<br>Ces fondatrices, f\u00e9cond\u00e9es en octobre, consomment du sucr\u00e9, d\u2019octobre \u00e0 d\u00e9cembre. Apr\u00e8s f\u00e9condation elles abandonnent le nid, se dispersent et passe l\u2019hiver en diapause1 dans un endroit abrit\u00e9 (cavit\u00e9, mur en pierre s\u00e8che, tas de bois, ruche) et sortent au printemps pour fonder de nouvelles colonies.<br>La fondatrice est donc la cible \u00e0 localiser au plus t\u00f4t ; En effet, chaque fondatrice d\u00e9truite en d\u00e9but de saison repr\u00e9sente potentiellement un nid de frelons asiatiques en moins durant l\u2019\u00e9t\u00e9.<br>L\u2019\u00e9bauche du nid, de la taille d\u2019une orange, est dit \u00ab <strong>primaire <\/strong>\u00bb.<br>(1) : La diapause est une phase g\u00e9n\u00e9tiquement d\u00e9termin\u00e9e dans le d\u00e9veloppement d&rsquo;un organisme au cours de laquelle celui-ci diminue l&rsquo;intensit\u00e9 de ses activit\u00e9s m\u00e9taboliques.<br><br><strong>IMPACTS<\/strong> :<br>L\u2019objectif est de faire baisser la pression de pr\u00e9dation sur les ruchers, en limitant l\u2019implantation des nids a\u0300 proximite\u0301. Le pi\u00e9geage de printemps est utile pour prot\u00e9ger les colonies dont la survie a \u00e9te\u0301 menac\u00e9e par les FA de l\u2019ann\u00e9e pr\u00e9c\u00e9dente. Il faut donc cibler les ruchers impact\u00e9s et les lieux ou\u0300 des nids \u00e9taient pr\u00e9sents.<\/p>\n\n\n\n<p class=\"has-text-align-left\"><br><strong>P\u00c9RIODES POUR PI\u00c9GER AU PRINTEMPS<\/strong><br>\u2022 Entre fin f\u00e9vrier et fin mai selon les r\u00e9gions (altitude, m\u00e9t\u00e9o&#8230;)<br>\u2022 Pi\u00e9geage des reines fondatrices, pour \u00e9viter la construction de nids secondaires ;<br>\u2022 D\u00e9buter et arr\u00eater le pi\u00e9geage selon le climat et les temp\u00e9ratures (minimum 12 degr\u00e9s).<\/p>\n\n\n\n<p class=\"has-text-align-left\"><br><strong>O\u00d9 INSTALLER LES PI\u00c8GES ?<\/strong><br>Un maillage re\u0301gulier des pie\u0300ges est ne\u0301cessaire autour du rucher a\u0300 prote\u0301ger : 1 a\u0300 2 pie\u0300ges par rucher et m\u00eame jusqu\u2019a\u0300 10 pie\u0300ges re\u0301partis dans un rayon de 500 m autour du rucher. Les pie\u0300ges doivent e\u0302tre espace\u0301s re\u0301gulie\u0300rement. Il est utile de les surveiller et de relever les insectes pie\u0301ge\u0301s une fois par semaine. Bien noter la pre\u0301sence des nids l\u2019anne\u0301e pre\u0301ce\u0301dente pour cibler les zones a\u0300 prote\u0301ger pour le pi\u00e9geage de printemps.<\/p>\n\n\n\n<p class=\"has-text-align-left\"><br><strong>7 R\u00c8GLES POUR INSTALLER ET G\u00c9RER MON PI\u00c8GE<\/strong><br>\u2022 Au soleil, avec des pie\u0300ges nasses poss\u00e9dant des entr\u00e9es et sorties s\u00e9lectives <br>\u2022 A cote\u0301 d\u2019une source de nourriture (fleurs printani\u00e8res, arbres et arbustes mellif\u00e8res en fleur\u2026) ou d\u2019une source d\u2019eau ou d\u2019un rucher. Ne pas h\u00e9siter a\u0300 d\u00e9placer le pi\u00e8ge en fonction de la floraison<br>\u2022 Orientation de la grille lat\u00e9rale Sud \/ Sud-Est<br>\u2022 L\u00e9g\u00e8re inclinaison vers l\u2019avant pour l\u2019\u00e9vacuation de l\u2019eau<br>\u2022 Placement de l\u2019app\u00e2t a\u0300 l\u2019int\u00e9rieur du pi\u00e8ge et renouvellement tous les 8-10 jours<br>\u2022 Si vous devez vider le pi\u00e8ge : le placer de pr\u00e9f\u00e9rence 1 heure au cong\u00e9lateur ou noyer le pi\u00e8ge dans l\u2019eau (remettre quelques frelons intacts dans le pi\u00e8ge)<br>\u2022 A proximite\u0301 des anciens nids.<\/p>\n\n\n\n<p class=\"has-text-align-left\"><br><strong>PIEGES UTILISES<\/strong> :<br>Des pie\u0300ges a\u0300 s\u00e9lection physique de type nasses, \u00e9quipes de c\u00f4nes d\u2019entr\u00e9e, afin de retenir les fondatrices et ouvri\u00e8res en laissant \u00e9chapper un maximum d\u2019esp\u00e8ces non cibles. L\u2019orifice d\u2019entr\u00e9e doit e\u0302tre adapte\u0301 a\u0300 la taille du frelon asiatique et exclure l\u2019entr\u00e9e d\u2019insectes plus gros (ex : Frelon europ\u00e9en), afin de retenir les fondatrices et ouvri\u00e8res en laissant \u00e9chapper un maximum d\u2019esp\u00e8ces non cibles.<br>Proscrire les pie\u0300ges non s\u00e9lectifs de type \u00ab <strong>bouteille <\/strong>\u00bb, ou \u00ab<strong> cloche<\/strong> \u00bb, avec une solution liquide entrainant la noyade des insectes : leur s\u00e9lectivite\u0301 est tr\u00e8s mauvaise m\u00eame avec des adaptations, et leur impact sur le reste de l\u2019entomofaune2 est trop important.<br>Si vous utilisez un attractif liquide sucre\u0301 et alcoolise\u0301, utilisez-le avec une \u00e9ponge imbib\u00e9e du liquide ou placez un grillage s\u00e9parant l\u2019int\u00e9rieur du pi\u00e8ge et le liquide : 1\/3 sirop de fruit ou sucre + 1\/3 bi\u00e8re + 1\/3 vin + jus de fonte des cires ou jus de cirier fermente\u0301. \u00c9viter les br\u00e8ches de cires et le miel pour des raisons sanitaires, m\u00eame si un grillage prot\u00e8ge l\u2019app\u00e2t.<\/p>\n\n\n\n<p><br><strong>Entretenir les pi\u00e8ges<\/strong> : <\/p>\n\n\n\n<p class=\"has-text-align-left\">Renouveler l\u2019attractif toutes les semaines. Vider r\u00e9guli\u00e8rement le pi\u00e8ge des vieux frelons captur\u00e9s. Transvaser les frelons vivants et laisser aussi quelques frelons morts en bon \u00e9tat.<br>(2) : L&rsquo;entomofaune d\u00e9signe la totalit\u00e9 de la population d\u2019insectes pr\u00e9sents dans un milieu<br><br><strong>APP\u00c2TS SUCR\u00c9S \u00c0 PRIVIL\u00c9GIER AU PRINTEMPS<\/strong><br>\u2022 Dans un pi\u00e8ge, les frelons vivants en attirent d\u2019autres. L\u2019app\u00e2t va attirer des frelons, qui vont ensuite eux-m\u00eames attirer d\u2019autres frelons, gr\u00e2ce aux ph\u00e9romones qu\u2019ils produisent.<br>\u2022 La bi\u00e8re, pour la fermentation qui favorise la dispersion de l\u2019odeur du sucre.<br>\u2022 Le sirop, pour le sucre ne\u0301cessaire a\u0300 la nourriture du frelon asiatique. Ce sirop peut-\u00eatre<br>avantageusement remplace\u0301 par du sirop de nourrissement des abeilles (plus app\u00e8tent 3).<br>\u2022 Le vin rouge, blanc ou ros\u00e9, r\u00e9pulsif pour les abeilles.<br>(3) app\u00e8tent : D\u00e9sir instinctif qui porte vers tout objet propre \u00e0 satisfaire un penchant naturel, en particulier vers la nourriture.<\/p>\n\n\n\n<p class=\"has-text-align-left\"><br><strong>ACTEURS DU PIEGEAGE DE PRINTEMPS<\/strong> :<br>Les pi\u00e9geurs du R\u00e9seau GDSA30 sont en g\u00e9n\u00e9ral des apiculteurs, mais \u00e9galement d\u2019autres personnes sensibilis\u00e9es par ce ph\u00e9nom\u00e8ne dommageable. Leurs donn\u00e9es permettent de constituer un fichier source.<br>Les Pi\u00e9geurs compl\u00e8tent et transmettent leurs r\u00e9sultats de captures sur la commune au coordonnateur, gr\u00e2ce aux questionnaires en ligne transmis par celui-ci.<br>Ils r\u00e9pondent aussi aux \u00e9ventuelles enqu\u00eates initi\u00e9es par le coordonnateur.<br>Ils peuvent aussi recruter et former de nouveaux pi\u00e9geurs pour mieux \u00ab couvrir \u00bb leur secteur.<br>Un Coordonnateur qui sollicite p\u00e9riodiquement les pi\u00e9geurs afin d\u2019obtenir les informations n\u00e9cessaires \u00e0 la r\u00e9alisation de bilans et de statistiques.<br>Le Pr\u00e9sident du GDSA qui anime l\u2019ensemble des acteurs est destinataire de ces bilans.<\/p>\n\n\n\n<p class=\"has-text-align-left\"><br><strong>FREQUENCE DES SOLLICITATIONS<\/strong> :<br>Les bilans seront r\u00e9alis\u00e9s tous les quinze jours. Il est donc important que chaque pi\u00e9geur respecte le timing du calendrier 2022 ci-dessous :<br>Total des captures sur la commune, (1) arr\u00eat\u00e9 au 5 Mars, puis (2) entre le 6\/03 et 19\/03, (3) entre le 20\/03 et 02\/04, (4) entre le 03\/04 et 16\/04, (5) entre le 17\/04 et 30\/04, (6) entre le 01\/05 et 14\/05, (7) entre le 15\/05 et 28\/05, et prolongation \u00e9ventuelle suivant m\u00e9t\u00e9o entre 29\/05 et 11\/06.<\/p>\n\n\n\n<p class=\"has-text-align-left\"><br>Renvoie de son, ou de ses questionnaires dans les trois jours \u00e0 partir des dates de fin des p\u00e9riodes.<br>Il est utile de bien d\u00e9finir sa strat\u00e9gie et de maintenir son pi\u00e9geage tout au long du pi\u00e9geage de printemps.<br>Les r\u00e9ponses aux questionnaires doivent \u00eatre r\u00e9guli\u00e8res. (<strong>La r\u00e9ponse 0 capture est utile <\/strong>statistiquement<br>et doit donc \u00eatre signal\u00e9e par un questionnaire renvoy\u00e9, m\u00eame sans capture dans les pi\u00e8ges)<br>Les pi\u00e9geurs recevront sur leur messagerie :<br>. Un rappel de cl\u00f4ture pour chaque p\u00e9riode et le lien pour acc\u00e9der au questionnaire.<br>. Le bilan des p\u00e9riodes pr\u00e9c\u00e9dentes et, \u00e9ventuellement des enqu\u00eates cibl\u00e9es.<br>. Des pr\u00e9cisions ponctuelles sur l\u2019organisation mise en place.<\/p>\n\n\n\n<p><br><strong>Comment d\u00e9clarer ses prises<\/strong> ?<br>Un <strong>LIEN<\/strong> pour les pi\u00e9geurs a \u00e9t\u00e9 mis en place afin de faciliter le traitement des informations : <a href=\"http:\/\/LEFRELON.COM\">http:\/\/LEFRELON.COM<\/a><\/p>\n","protected":false},"excerpt":{"rendered":"<p>CAMPAGNE DE PIEGEAGE FA 2025Pr\u00e9sident du GDSA 30 : Gilbert DUMASCoordonnateur du R\u00e9seau de pi\u00e9geage : Alexandre DUHAMEL R\u00e9f\u00e9rences : GDS France et la FREDON &#8211; Plan national de pi\u00e9geage de printemps des FA : https:\/\/fredon.fr\/sites\/default\/files\/frelon\/Strat%C3%A9gie%20et%20plan%20national%20de%20lutte%20contre%20le%20frelon%20asiatique%20%C3%A0%20pattes%20jaunes-v2024.pdf PR\u00c9FACE :Certaines Organisations Sanitaires Apicoles ont essay\u00e9, d\u00e8s l\u2019arriv\u00e9e de Vespa Velutina, de construire un plan de Lutte contre cette esp\u00e8ce invasive. En effet le Frelon Asiatique (FA) s\u2019est tout de suite r\u00e9v\u00e9l\u00e9 grandement nuisible pour nos abeilles. Le GDSA 30 (OSAD D\u00e9partementale) en&#8230;<\/p>\n<p class=\"read-more\"><a class=\"btn btn-default\" href=\"https:\/\/gdsa30.fr\/index.php\/gdsa-30-reseau-de-lutte-frelon-asiatique\/\">Lire la suite<span class=\"screen-reader-text\"> Lire la suite<\/span><\/a><\/p>\n","protected":false},"author":3,"featured_media":0,"parent":0,"menu_order":0,"comment_status":"closed","ping_status":"closed","template":"","meta":{"footnotes":""},"class_list":["post-10168","page","type-page","status-publish","hentry"],"_links":{"self":[{"href":"https:\/\/gdsa30.fr\/index.php\/wp-json\/wp\/v2\/pages\/10168","targetHints":{"allow":["GET"]}}],"collection":[{"href":"https:\/\/gdsa30.fr\/index.php\/wp-json\/wp\/v2\/pages"}],"about":[{"href":"https:\/\/gdsa30.fr\/index.php\/wp-json\/wp\/v2\/types\/page"}],"author":[{"embeddable":true,"href":"https:\/\/gdsa30.fr\/index.php\/wp-json\/wp\/v2\/users\/3"}],"replies":[{"embeddable":true,"href":"https:\/\/gdsa30.fr\/index.php\/wp-json\/wp\/v2\/comments?post=10168"}],"version-history":[{"count":8,"href":"https:\/\/gdsa30.fr\/index.php\/wp-json\/wp\/v2\/pages\/10168\/revisions"}],"predecessor-version":[{"id":10686,"href":"https:\/\/gdsa30.fr\/index.php\/wp-json\/wp\/v2\/pages\/10168\/revisions\/10686"}],"wp:attachment":[{"href":"https:\/\/gdsa30.fr\/index.php\/wp-json\/wp\/v2\/media?parent=10168"}],"curies":[{"name":"wp","href":"https:\/\/api.w.org\/{rel}","templated":true}]}}