{"id":10243,"date":"2022-04-02T16:36:56","date_gmt":"2022-04-02T14:36:56","guid":{"rendered":"http:\/\/gdsa30.fr\/?page_id=10243"},"modified":"2025-12-08T11:19:36","modified_gmt":"2025-12-08T10:19:36","slug":"assemblee-generale-2022-proces-verbal","status":"publish","type":"page","link":"https:\/\/gdsa30.fr\/index.php\/assemblee-generale-2022-proces-verbal\/","title":{"rendered":"Assembl\u00e9e G\u00e9n\u00e9rale 2024 &#8211; proc\u00e8s verbal"},"content":{"rendered":"\n<p>Lien de t\u00e9l\u00e9chargement:\u00a0 <a href=\"https:\/\/gdsa30.fr\/wp-content\/uploads\/2025\/01\/24-03-23-AGS-2024-GDSA-30-PV.pdf\">AG 2024<\/a><\/p>\n\n\n\n<p><strong>R\u00e9sum\u00e9<\/strong><\/p>\n\n\n\n<ol class=\"wp-block-list\">\n<li>L\u2019AG s\u2019est tenue le 23 mars 2024 \u00e0 Rousson (Gard), avec 41 membres pr\u00e9sents et 93 procurations.<br><\/li>\n\n\n\n<li>Le proc\u00e8s-verbal de l\u2019AG du 11 mars 2023 a \u00e9t\u00e9 lu et approuv\u00e9 \u00e0 l\u2019unanimit\u00e9.<br><\/li>\n\n\n\n<li>Bilan financier 2023 : 63 970,65 \u20ac de recettes, 46 046,85 \u20ac de d\u00e9penses, g\u00e9n\u00e9rant un exc\u00e9dent de 17 923,80 \u20ac. Cet exc\u00e9dent s\u2019explique par des soutiens re\u00e7us par le r\u00e9seau de lutte contre le frelon asiatique et des d\u00e9penses diff\u00e9r\u00e9es.<br><\/li>\n\n\n\n<li>Le budget est solide, soutenu en partie par la participation r\u00e9gionale via FRGDS Occitanie, ce qui justifie une pleine int\u00e9gration r\u00e9gionale.<br><\/li>\n\n\n\n<li>On note une baisse continue des adh\u00e9sions depuis trois ans.<br><\/li>\n\n\n\n<li>Le rapport du commissaire aux comptes a \u00e9t\u00e9 approuv\u00e9 \u00e0 l\u2019unanimit\u00e9. Un nouveau commissaire suppl\u00e9ant a \u00e9t\u00e9 \u00e9lu : David Perrier.<br><\/li>\n\n\n\n<li>Renouvellement du conseil d\u2019administration : plusieurs membres sortants, de nouvelles candidatures \u2014 notamment Renald Beaurain \u2014 et r\u00e9\u00e9lection de certains \u00e0 l\u2019unanimit\u00e9 pour 3 ans.<br><\/li>\n\n\n\n<li>Parmi les faits marquants de l\u2019ann\u00e9e : installation d\u2019une pharmacie apicole \u00e0 Saint-Privat-des-Vieux et d\u00e9p\u00f4t du dossier de renouvellement de l\u2019agr\u00e9ment de leur plan sanitaire d\u2019\u00e9levage (PSE).<br><\/li>\n\n\n\n<li>Le rapport moral du pr\u00e9sident (Gilbert Dumas) indique que ses objectifs de fin de mandat \u2014 renouvellement de l\u2019agr\u00e9ment du PSE et int\u00e9gration en tant que section apicole dans le groupe multi-esp\u00e8ces (GDS-ME 30) \u2014 sont atteints ; il appelle \u00e0 l\u2019arriv\u00e9e de nouveaux responsables.<br><\/li>\n\n\n\n<li>Enfin, une proposition a \u00e9t\u00e9 accept\u00e9e \u2014 sans opposition \u2014 pour tester la r\u00e9sistance des varroas gardois \u00e0 certaines mol\u00e9cules (amitraze, tau-fluvalinate), afin d\u2019orienter les choix de traitement pour 2025.<a href=\"https:\/\/gdsa30.fr\/wp-content\/uploads\/2025\/01\/24-03-23-AGS-2024-GDSA-30-PV.pdf\">\u00a0<\/a><\/li>\n<\/ol>\n\n\n\n<div data-wp-interactive=\"core\/file\" class=\"wp-block-file\"><object data-wp-bind--hidden=\"!state.hasPdfPreview\" hidden class=\"wp-block-file__embed\" data=\"http:\/\/gdsa30.fr\/wp-content\/uploads\/2022\/04\/22-02-12-GDSA30-PV-Assemblee-Generale.pdf\" type=\"application\/pdf\" style=\"width:100%;height:600px\" aria-label=\"Contenu embarqu\u00e9 22-02-12-GDSA30-PV-Assemblee-Generale.\"><\/object><a id=\"wp-block-file--media-56829532-8ff5-48ec-a9f9-4773895c50c1\" href=\"http:\/\/gdsa30.fr\/wp-content\/uploads\/2022\/04\/22-02-12-GDSA30-PV-Assemblee-Generale.pdf\">22-02-12-GDSA30-PV-Assemblee-Generale<\/a><a href=\"http:\/\/gdsa30.fr\/wp-content\/uploads\/2022\/04\/22-02-12-GDSA30-PV-Assemblee-Generale.pdf\" class=\"wp-block-file__button wp-element-button\" download aria-describedby=\"wp-block-file--media-56829532-8ff5-48ec-a9f9-4773895c50c1\">T\u00e9l\u00e9charger<\/a><\/div>\n","protected":false},"excerpt":{"rendered":"<p>Lien de t\u00e9l\u00e9chargement:\u00a0 AG 2024 R\u00e9sum\u00e9<\/p>\n","protected":false},"author":3,"featured_media":0,"parent":0,"menu_order":0,"comment_status":"closed","ping_status":"closed","template":"","meta":{"footnotes":""},"class_list":["post-10243","page","type-page","status-publish","hentry"],"_links":{"self":[{"href":"https:\/\/gdsa30.fr\/index.php\/wp-json\/wp\/v2\/pages\/10243","targetHints":{"allow":["GET"]}}],"collection":[{"href":"https:\/\/gdsa30.fr\/index.php\/wp-json\/wp\/v2\/pages"}],"about":[{"href":"https:\/\/gdsa30.fr\/index.php\/wp-json\/wp\/v2\/types\/page"}],"author":[{"embeddable":true,"href":"https:\/\/gdsa30.fr\/index.php\/wp-json\/wp\/v2\/users\/3"}],"replies":[{"embeddable":true,"href":"https:\/\/gdsa30.fr\/index.php\/wp-json\/wp\/v2\/comments?post=10243"}],"version-history":[{"count":4,"href":"https:\/\/gdsa30.fr\/index.php\/wp-json\/wp\/v2\/pages\/10243\/revisions"}],"predecessor-version":[{"id":10652,"href":"https:\/\/gdsa30.fr\/index.php\/wp-json\/wp\/v2\/pages\/10243\/revisions\/10652"}],"wp:attachment":[{"href":"https:\/\/gdsa30.fr\/index.php\/wp-json\/wp\/v2\/media?parent=10243"}],"curies":[{"name":"wp","href":"https:\/\/api.w.org\/{rel}","templated":true}]}}