{"id":10302,"date":"2022-11-15T16:56:21","date_gmt":"2022-11-15T15:56:21","guid":{"rendered":"http:\/\/gdsa30.fr\/?page_id=10302"},"modified":"2022-11-15T17:00:52","modified_gmt":"2022-11-15T16:00:52","slug":"congres-de-quimper-les-methodes-de-lutte-contre-le-frelon-asiatique-fa","status":"publish","type":"page","link":"https:\/\/gdsa30.fr\/index.php\/congres-de-quimper-les-methodes-de-lutte-contre-le-frelon-asiatique-fa\/","title":{"rendered":"Congr\u00e8s de Quimper\u00a0: les m\u00e9thodes de lutte contre le frelon asiatique"},"content":{"rendered":"\n<p>Notes prises au congr\u00e8s europ\u00e9en de l\u2019apiculture \u00e0 Quimper, le 21 octobre 2022, lors de la conf\u00e9rence de&nbsp;: <strong>Denis Thi\u00e9ry<\/strong> directeur de recherche \u00e0 l\u2019INRAE, <strong>Eric Darrouzet<\/strong> directeur du d\u00e9partement Agro-sciences de l\u2019universit\u00e9 de Tours et <strong>Marco Porporato<\/strong> chercheur \u00e0 l\u2019universit\u00e9 de Turin.<\/p>\n\n\n\n<p><strong>Denis Thi\u00e9ry<\/strong> a d\u00e9j\u00e0 \u00e9voqu\u00e9 de nombreuses m\u00e9thodes de lutte qui, d\u2019apr\u00e8s lui, ne marchent pas. Il semble garder un petit espoir dans un champignon parasite. Il pense qu\u2019on ne pourra pas \u00e9radiquer le frelon asiatique, tout au plus on limitera son action pr\u00e9datrice.<\/p>\n\n\n\n<p>Sur le long terme, il est r\u00e9serv\u00e9 sur l\u2019efficacit\u00e9 du pi\u00e9geage. Les pi\u00e8ges de printemps s\u2019ils limitent le nombre de nids, ne r\u00e9duisent pas significativement la pr\u00e9dation d\u2019automne autour des ruches. Si l\u2019on observe la pr\u00e9sence de 4 \u00e0 5frelons par ruche, la colonie est en danger de disparition.<\/p>\n\n\n\n<p>Il a men\u00e9 une exp\u00e9rience en Espagne avec des herses \u00e9lectriques. Une herse par ruche plac\u00e9e devant,perpendiculairement, donne des r\u00e9sultats satisfaisants, captant 85 % de frelons asiatiques et 15 % d&rsquo;abeilles (ce dernier taux est trop \u00e9lev\u00e9 car les abeilles venaient boire l\u2019eau \u00e0 la base des herses destin\u00e9e \u00e0 d\u00e9nombrer les frelons). En pla\u00e7ant des herses sans eau derri\u00e8re les ruches, on devrait pouvoir limiter les captures d\u2019abeilles. Toutefois cette m\u00e9thode reste trop on\u00e9reuse&nbsp;: le co\u00fbt d\u2019une herse ne peut pas descendre en dessous de 80 \u20ac du fait des batteries.<\/p>\n\n\n\n<p><strong>Eric Darrouzet <\/strong>fait le point sur les recherches des ph\u00e9romones.<\/p>\n\n\n\n<p>Une \u00e9quipe chinoise a identifi\u00e9 une ph\u00e9romone sexuelle attirant les m\u00e2les de <em>Vespa velutina oriana<\/em> qui a un comportement diff\u00e9rent&nbsp;de notre FA, les m\u00e2les se regroupent sur les branches des arbres.<br>Des essais concluants ont \u00e9t\u00e9 men\u00e9s en Chine avec notre FA \u00ab&nbsp;<em>Vespa Velutina nigrithorax&nbsp;\u00bb<\/em>.<br>Puis les m\u00eames essais en France donnent de bons r\u00e9sultats. En 2023 ces tests vont se poursuivre avec une formulation par la soci\u00e9t\u00e9 b\u00e9arnaise Scyll\u2019agro, qui a d\u00e9j\u00e0 mis au point une trentaine de ph\u00e9romones d\u2019insectes.<\/p>\n\n\n\n<p>La commercialisation par cette soci\u00e9t\u00e9 est pr\u00e9vue pour 2024.<\/p>\n\n\n\n<p>Les reproductrices femelles sont f\u00e9cond\u00e9es par 1 \u00e0 3 m\u00e2les. On pourrait penser que le pi\u00e9geage sexuel des m\u00e2les reste limit\u00e9, mais ce pi\u00e9geage des seuls m\u00e2les a deux effets&nbsp;:<\/p>\n\n\n\n<p>&#8211; diminuer leur nombre et leur pression sur les femelles surtout pour les m\u00e2les ext\u00e9rieursau nid&nbsp;;<br>&#8211; augmenter la consanguinit\u00e9 des m\u00e2les du nid, ce qui produit ainsi plus de m\u00e2les diplo\u00efdes dont la descendance polyplo\u00efde n\u2019est pas viable.<\/p>\n\n\n\n<p><strong>Marco Porpanato<\/strong> a d\u00e9velopp\u00e9 en Italie du nord, une m\u00e9thode de tra\u00e7age des frelons asiatiques par un radar appel\u00e9 \u201centomoradar\u201c. Cette m\u00e9thode permet de rep\u00e9rer les nids les plus cach\u00e9s et d\u2019\u00e9tudier le comportement en vol des frelons. On place une sorte de puce (tag) sur un frelon et on peut suivre les parcours exacts qu\u2019il effectue, la part de butinage et de pr\u00e9dation et la distance parcourue, distance qui peut atteindre 1800 m&nbsp;! Ce dispositif est particuli\u00e8rement efficace mais relativement on\u00e9reux. Il est financ\u00e9 par la r\u00e9gion.<\/p>\n\n\n\n<p>En conclusion les intervenants pr\u00e9conisent un pi\u00e9geage de printemps de fin mars au 15 mai,<a><\/a> et de combiner toutes les techniques \u00e0 notre disposition pour limiter les frelons asiatiques faute de pouvoir les \u00e9radiquer.<\/p>\n\n\n\n<p>Prise de notes partag\u00e9es par <strong>Alain T\u00e9tu.<\/strong><\/p>\n","protected":false},"excerpt":{"rendered":"<p>Notes prises au congr\u00e8s europ\u00e9en de l\u2019apiculture \u00e0 Quimper, le 21 octobre 2022, lors de la conf\u00e9rence de&nbsp;: Denis Thi\u00e9ry directeur de recherche \u00e0 l\u2019INRAE, Eric Darrouzet directeur du d\u00e9partement Agro-sciences de l\u2019universit\u00e9 de Tours et Marco Porporato chercheur \u00e0 l\u2019universit\u00e9 de Turin. Denis Thi\u00e9ry a d\u00e9j\u00e0 \u00e9voqu\u00e9 de nombreuses m\u00e9thodes de lutte qui, d\u2019apr\u00e8s lui, ne marchent pas. Il semble garder un petit espoir dans un champignon parasite. Il pense qu\u2019on ne pourra pas \u00e9radiquer le frelon asiatique, tout&#8230;<\/p>\n<p class=\"read-more\"><a class=\"btn btn-default\" href=\"https:\/\/gdsa30.fr\/index.php\/congres-de-quimper-les-methodes-de-lutte-contre-le-frelon-asiatique-fa\/\">Lire la suite<span class=\"screen-reader-text\"> Lire la suite<\/span><\/a><\/p>\n","protected":false},"author":3,"featured_media":0,"parent":0,"menu_order":0,"comment_status":"closed","ping_status":"closed","template":"","meta":{"footnotes":""},"class_list":["post-10302","page","type-page","status-publish","hentry"],"_links":{"self":[{"href":"https:\/\/gdsa30.fr\/index.php\/wp-json\/wp\/v2\/pages\/10302","targetHints":{"allow":["GET"]}}],"collection":[{"href":"https:\/\/gdsa30.fr\/index.php\/wp-json\/wp\/v2\/pages"}],"about":[{"href":"https:\/\/gdsa30.fr\/index.php\/wp-json\/wp\/v2\/types\/page"}],"author":[{"embeddable":true,"href":"https:\/\/gdsa30.fr\/index.php\/wp-json\/wp\/v2\/users\/3"}],"replies":[{"embeddable":true,"href":"https:\/\/gdsa30.fr\/index.php\/wp-json\/wp\/v2\/comments?post=10302"}],"version-history":[{"count":2,"href":"https:\/\/gdsa30.fr\/index.php\/wp-json\/wp\/v2\/pages\/10302\/revisions"}],"predecessor-version":[{"id":10305,"href":"https:\/\/gdsa30.fr\/index.php\/wp-json\/wp\/v2\/pages\/10302\/revisions\/10305"}],"wp:attachment":[{"href":"https:\/\/gdsa30.fr\/index.php\/wp-json\/wp\/v2\/media?parent=10302"}],"curies":[{"name":"wp","href":"https:\/\/api.w.org\/{rel}","templated":true}]}}