{"id":10577,"date":"2025-01-15T20:59:31","date_gmt":"2025-01-15T19:59:31","guid":{"rendered":"http:\/\/gdsa30.fr\/?page_id=10577"},"modified":"2026-02-28T00:34:55","modified_gmt":"2026-02-27T23:34:55","slug":"rejoindre-le-reseau-piegeur-fa","status":"publish","type":"page","link":"https:\/\/gdsa30.fr\/index.php\/rejoindre-le-reseau-piegeur-fa\/","title":{"rendered":"Rejoindre notre r\u00e9seau \u00ab\u00a0Pi\u00e8geur\u00a0\u00bb"},"content":{"rendered":"\n<p>Vous souhaitez rejoindre le r\u00e9seau \u00ab\u00a0Pi\u00e8geur\u00a0\u00bb de Frelon Asiatique du GDSA30 ?<\/p>\n\n\n\n<p>Inscrivez vous sur le site : <a href=\"http:\/\/lefrelon.com\"><strong>http:\/\/lefrelon.com<\/strong><\/a><\/p>\n\n\n\n<p><strong>Si vous souhaitez profiter de l&rsquo;offre d&rsquo;achat pour 1 ou 2 pi\u00e8ges BeeVital au prix de 15\u20ac pi\u00e8ce (42\u20ac en magasin) <a href=\"https:\/\/gdsa30.fr\/wp-content\/uploads\/2025\/12\/2026_GDSA-30-Reseau-Lutte-FA-CHARTE-DU-PIEGEUR-Bonnes-pratiques.pdf\">signez la charte du Pi\u00e8geur FA.<\/a><\/strong> <\/p>\n\n\n\n<figure class=\"wp-block-image size-full\"><img loading=\"lazy\" decoding=\"async\" width=\"368\" height=\"335\" src=\"http:\/\/gdsa30.fr\/wp-content\/uploads\/2025\/01\/piege-FA-BeeVital.jpg\" alt=\"\" class=\"wp-image-10579\" srcset=\"https:\/\/gdsa30.fr\/wp-content\/uploads\/2025\/01\/piege-FA-BeeVital.jpg 368w, https:\/\/gdsa30.fr\/wp-content\/uploads\/2025\/01\/piege-FA-BeeVital-300x273.jpg 300w, https:\/\/gdsa30.fr\/wp-content\/uploads\/2025\/01\/piege-FA-BeeVital-297x270.jpg 297w\" sizes=\"auto, (max-width: 368px) 100vw, 368px\" \/><\/figure>\n\n\n\n<h1 class=\"wp-block-heading\">Frelon asiatique : bonnes pratiques pour un pi\u00e9geage de printemps efficace<\/h1>\n\n\n\n<p>Dans le cadre de la <strong>Strat\u00e9gie et du Plan National de Lutte contre le Frelon Asiatique \u00e0 pattes jaunes<\/strong> (f\u00e9vrier 2024), voici les recommandations officielles pour organiser un <strong>pi\u00e9geage de printemps efficace, s\u00e9lectif et responsable<\/strong>.<\/p>\n\n\n\n<hr class=\"wp-block-separator has-css-opacity\"\/>\n\n\n\n<h2 class=\"wp-block-heading\">Objectif du pi\u00e9geage de printemps<\/h2>\n\n\n\n<p>L\u2019objectif est de <strong>r\u00e9duire la pression de pr\u00e9dation sur les ruchers<\/strong> en limitant l\u2019implantation de nouveaux nids \u00e0 proximit\u00e9. Le pi\u00e9geage cible principalement les <strong>reines fondatrices<\/strong> afin d\u2019\u00e9viter la construction des nids secondaires.<\/p>\n\n\n\n<hr class=\"wp-block-separator has-css-opacity\"\/>\n\n\n\n<h2 class=\"wp-block-heading\">Quelle p\u00e9riode pour pi\u00e9ger ?<\/h2>\n\n\n\n<ul class=\"wp-block-list\">\n<li>P\u00e9riode de 2 mois maximum au printemps<\/li>\n\n\n\n<li>Entre le <strong>1er f\u00e9vrier et le 31 mai<\/strong><\/li>\n\n\n\n<li>\u00c0 adapter selon le climat local (diff\u00e9rences Nord\/Sud)<\/li>\n\n\n\n<li>D\u00e9marrer apr\u00e8s les derni\u00e8res gel\u00e9es<\/li>\n\n\n\n<li>Temp\u00e9ratures sup\u00e9rieures \u00e0 <strong>12\u00b0C<\/strong><\/li>\n<\/ul>\n\n\n\n<p>Sur une zone donn\u00e9e, le pi\u00e9geage doit \u00eatre maintenu pendant <strong>au moins 4 ans<\/strong> pour \u00eatre r\u00e9ellement efficace.<\/p>\n\n\n\n<hr class=\"wp-block-separator has-css-opacity\"\/>\n\n\n\n<h2 class=\"wp-block-heading\">Combien de pi\u00e8ges installer ?<\/h2>\n\n\n\n<h3 class=\"wp-block-heading\">Zones peu infest\u00e9es<\/h3>\n\n\n\n<ul class=\"wp-block-list\">\n<li>Cibler les ruchers impact\u00e9s ou proches d\u2019anciens nids<\/li>\n\n\n\n<li>1 pi\u00e8ge dans le rucher<\/li>\n\n\n\n<li>1 pi\u00e8ge pr\u00e8s de fleurs attractives (ex : cam\u00e9lia)<\/li>\n<\/ul>\n\n\n\n<h3 class=\"wp-block-heading\">Zones fortement infest\u00e9es<\/h3>\n\n\n\n<ul class=\"wp-block-list\">\n<li>4 \u00e0 10 pi\u00e8ges par commune<\/li>\n\n\n\n<li>\u00c0 adapter selon le nombre de nids d\u00e9tect\u00e9s l\u2019ann\u00e9e pr\u00e9c\u00e9dente<\/li>\n\n\n\n<li>Installer pr\u00e8s des fleurs attractives<\/li>\n\n\n\n<li>\u00c0 proximit\u00e9 des ruchers impact\u00e9s et anciens nids<\/li>\n<\/ul>\n\n\n\n<hr class=\"wp-block-separator has-css-opacity\"\/>\n\n\n\n<h2 class=\"wp-block-heading\">Quels pi\u00e8ges utiliser ?<\/h2>\n\n\n\n<p>Les pi\u00e8ges doivent \u00eatre <strong>hautement s\u00e9lectifs<\/strong> afin de pr\u00e9server l\u2019entomofaune.<\/p>\n\n\n\n<ul class=\"wp-block-list\">\n<li>Pi\u00e8ges \u00e0 s\u00e9lection physique de type <strong>nasse<\/strong><\/li>\n\n\n\n<li>\u00c9quip\u00e9s de <strong>c\u00f4nes d\u2019entr\u00e9e<\/strong><\/li>\n\n\n\n<li>S\u00e9paration entre l\u2019app\u00e2t et la zone de capture<\/li>\n\n\n\n<li>Mod\u00e8les r\u00e9f\u00e9renc\u00e9s dans le cadre du Plan National Frelon<\/li>\n<\/ul>\n\n\n\n<p><strong>Mod\u00e8les autoris\u00e9s :<\/strong><\/p>\n\n\n\n<ul class=\"wp-block-list\">\n<li>Pi\u00e8ge japonais<\/li>\n\n\n\n<li>Pi\u00e8ge cor\u00e9en \u00e0 ailes<\/li>\n\n\n\n<li>Pi\u00e8ge nasse \u00e0 grilles N\u00e9oppi jaunes<\/li>\n<\/ul>\n\n\n\n<blockquote class=\"is-layout-flow wp-block-quote-is-layout-flow\">\n<p><strong>Attention :<\/strong> Les pi\u00e8ges de type bouteille, cloche ou bocal sont interdits dans le cadre du plan national. Leur s\u00e9lectivit\u00e9 est insuffisante et leur impact sur les esp\u00e8ces non-cibles est trop important.<\/p>\n<\/blockquote>\n\n\n\n<hr class=\"wp-block-separator has-css-opacity\"\/>\n\n\n\n<h2 class=\"wp-block-heading\">Quels app\u00e2ts utiliser ?<\/h2>\n\n\n\n<p>Trois app\u00e2ts sucr\u00e9s classiques sont efficaces :<\/p>\n\n\n\n<ul class=\"wp-block-list\">\n<li>1\/3 sirop fruits rouges + 1\/3 bi\u00e8re + 1\/3 vin rouge<\/li>\n\n\n\n<li>2L eau + 1 kg sucre + 30 g levure (fermentation 3 jours) + \u00bd L vin rouge<\/li>\n\n\n\n<li>Jus de pomme<\/li>\n<\/ul>\n\n\n\n<h3 class=\"wp-block-heading\">Pourquoi ces ingr\u00e9dients ?<\/h3>\n\n\n\n<ul class=\"wp-block-list\">\n<li>La bi\u00e8re ou la levure : favorisent la fermentation et la dispersion de l\u2019odeur<\/li>\n\n\n\n<li>Le sirop : source de sucre attractive<\/li>\n\n\n\n<li>Le vin rouge : r\u00e9pulsif pour les abeilles<\/li>\n<\/ul>\n\n\n\n<p>\u26a0\ufe0f \u00c9viter le miel et les br\u00e8ches de cire pour des raisons sanitaires.<\/p>\n\n\n\n<hr class=\"wp-block-separator has-css-opacity\"\/>\n\n\n\n<h2 class=\"wp-block-heading\">Entretien du pi\u00e8ge<\/h2>\n\n\n\n<ul class=\"wp-block-list\">\n<li>Renouveler l\u2019app\u00e2t tous les <strong>8 \u00e0 10 jours<\/strong><\/li>\n\n\n\n<li>Laisser quelques frelons vivants dans le pi\u00e8ge (effet ph\u00e9romonal)<\/li>\n\n\n\n<li>Pour vider le pi\u00e8ge : 1 heure au cong\u00e9lateur ou immersion dans l\u2019eau<\/li>\n<\/ul>\n\n\n\n<p>Ne pas vider compl\u00e8tement le pi\u00e8ge afin de conserver l\u2019attractivit\u00e9.<\/p>\n\n\n\n<hr class=\"wp-block-separator has-css-opacity\"\/>\n\n\n\n<h2 class=\"wp-block-heading\">Les 7 r\u00e8gles d\u2019installation<\/h2>\n\n\n\n<ol class=\"wp-block-list\">\n<li>Installer au soleil<\/li>\n\n\n\n<li>Proche d\u2019une source de nourriture ou d\u2019eau<\/li>\n\n\n\n<li>Hauteur : 1,20 m \u00e0 1,50 m<\/li>\n\n\n\n<li>Orientation grille Sud \/ Sud-Est<\/li>\n\n\n\n<li>L\u00e9g\u00e8re inclinaison vers l\u2019avant<\/li>\n\n\n\n<li>App\u00e2t plac\u00e9 \u00e0 l\u2019int\u00e9rieur<\/li>\n\n\n\n<li>Renouvellement tous les 8 \u00e0 10 jours<\/li>\n<\/ol>\n\n\n\n<hr class=\"wp-block-separator has-css-opacity\"\/>\n\n\n\n<h2 class=\"wp-block-heading\">Suivi et \u00e9valuation<\/h2>\n\n\n\n<p>Un <strong>comptage hebdomadaire par diff\u00e9rence<\/strong> est recommand\u00e9, sans ouvrir le pi\u00e8ge.<\/p>\n\n\n\n<p>Les r\u00e9sultats doivent \u00eatre consign\u00e9s dans la fiche pi\u00e9geur et transmis dans le cadre du plan de lutte d\u00e9partemental.<\/p>\n\n\n\n<hr class=\"wp-block-separator has-css-opacity\"\/>\n\n\n\n<p><em>Source : Strat\u00e9gie et Plan National de Lutte contre le Frelon Asiatique \u00e0 pattes jaunes \u2013 F\u00e9vrier 2024<\/em><\/p>\n","protected":false},"excerpt":{"rendered":"<p>Vous souhaitez rejoindre le r\u00e9seau \u00ab\u00a0Pi\u00e8geur\u00a0\u00bb de Frelon Asiatique du GDSA30 ? Inscrivez vous sur le site : http:\/\/lefrelon.com Si vous souhaitez profiter de l&rsquo;offre d&rsquo;achat pour 1 ou 2 pi\u00e8ges BeeVital au prix de 15\u20ac pi\u00e8ce (42\u20ac en magasin) signez la charte du Pi\u00e8geur FA. Frelon asiatique : bonnes pratiques pour un pi\u00e9geage de printemps efficace Dans le cadre de la Strat\u00e9gie et du Plan National de Lutte contre le Frelon Asiatique \u00e0 pattes jaunes (f\u00e9vrier 2024), voici les&#8230;<\/p>\n<p class=\"read-more\"><a class=\"btn btn-default\" href=\"https:\/\/gdsa30.fr\/index.php\/rejoindre-le-reseau-piegeur-fa\/\">Lire la suite<span class=\"screen-reader-text\"> Lire la suite<\/span><\/a><\/p>\n","protected":false},"author":3,"featured_media":0,"parent":0,"menu_order":0,"comment_status":"closed","ping_status":"closed","template":"","meta":{"footnotes":""},"class_list":["post-10577","page","type-page","status-publish","hentry"],"_links":{"self":[{"href":"https:\/\/gdsa30.fr\/index.php\/wp-json\/wp\/v2\/pages\/10577","targetHints":{"allow":["GET"]}}],"collection":[{"href":"https:\/\/gdsa30.fr\/index.php\/wp-json\/wp\/v2\/pages"}],"about":[{"href":"https:\/\/gdsa30.fr\/index.php\/wp-json\/wp\/v2\/types\/page"}],"author":[{"embeddable":true,"href":"https:\/\/gdsa30.fr\/index.php\/wp-json\/wp\/v2\/users\/3"}],"replies":[{"embeddable":true,"href":"https:\/\/gdsa30.fr\/index.php\/wp-json\/wp\/v2\/comments?post=10577"}],"version-history":[{"count":9,"href":"https:\/\/gdsa30.fr\/index.php\/wp-json\/wp\/v2\/pages\/10577\/revisions"}],"predecessor-version":[{"id":11092,"href":"https:\/\/gdsa30.fr\/index.php\/wp-json\/wp\/v2\/pages\/10577\/revisions\/11092"}],"wp:attachment":[{"href":"https:\/\/gdsa30.fr\/index.php\/wp-json\/wp\/v2\/media?parent=10577"}],"curies":[{"name":"wp","href":"https:\/\/api.w.org\/{rel}","templated":true}]}}