{"id":10740,"date":"2025-12-31T12:30:38","date_gmt":"2025-12-31T11:30:38","guid":{"rendered":"https:\/\/gdsa30.fr\/index.php\/reseau-lutte-frelon-2026\/"},"modified":"2026-04-18T17:53:02","modified_gmt":"2026-04-18T15:53:02","slug":"reseau-lutte-frelon-2026","status":"publish","type":"page","link":"https:\/\/gdsa30.fr\/index.php\/reseau-lutte-frelon-2026\/","title":{"rendered":"RESEAU de LUTTE Frelon Asiatique \u2013 Campagne de Pi\u00e9geage de Printemps"},"content":{"rendered":"\n<h3 class=\"wp-block-heading\">PR\u00c9FACE :<\/h3>\n\n\n\n<p>Certaines Organisations Sanitaires Apicoles ont essay\u00e9, d\u00e8s l\u2019arriv\u00e9e de Vespa Velutina, de construire un plan de Lutte contre cette esp\u00e8ce invasive. En effet le Frelon Asiatique (FA) s\u2019est tout de suite r\u00e9v\u00e9l\u00e9 grandement nuisible pour nos abeilles.\nLe GDSA 30 ( OSAD D\u00e9partementale ) est l\u2019une d\u2019entre elles, et organise la lutte FA depuis 2008, ann\u00e9e de l\u2019arriv\u00e9e du FA dans le Gard. Plusieurs axes d\u2019attaque sont d\u00e9velopp\u00e9s et notamment le pi\u00e9geage de printemps raisonn\u00e9.<\/p>\n\n\n<div class=\"wp-block-image wp-block-image aligncenter\">\n<figure class=\"alignleft is-resized\"><img decoding=\"async\" src=\"\/wp-content\/uploads\/2026\/01\/unfrelonasiat.png\" alt=\"Illustration Frelon Asiatique\" style=\"width:312px;height:auto\"\/><\/figure>\n<\/div>\n\n\n<p>Sous l\u2019\u00e9gide de GDS France et de la FNOSAD, un Groupe de Travail ( GT ) a \u00e9t\u00e9 constitu\u00e9 pour \u00e9laborer un plan national de lutte contre les frelons asiatiques Vespa Velutina et Orientalis destin\u00e9 \u00e0 \u00eatre fonctionnel au printemps 2022. Ce GT a r\u00e9uni l\u2019ensemble des organisations apicoles concern\u00e9es par la lutte contre ces esp\u00e8ces exotiques envahissantes : FNOSAD, GDS France, ADA France, GNTSA, INTERAPI, ITSAP.<\/p>\n\n\n\n<p>Le cycle biologique du frelon asiatique est annuel ; Seules les femelles fondatrices de la nouvelle g\u00e9n\u00e9ration survivent \u00e0 l\u2019hiver. Elles se mettent en hivernage dans des endroits abrit\u00e9s et \u00e9mergent au d\u00e9but du printemps pour fonder de nouvelles colonies.<\/p>\n\n\n\n<p>Une \u00e9tude r\u00e9alis\u00e9e entre 2016 et 2019 par l\u2019ITSAP-Institut de l\u2019Abeille et ses partenaires sur trois d\u00e9partements fran\u00e7ais, a r\u00e9v\u00e9l\u00e9\u0301 que le pi\u00e9geage des fondatrices permettait de faire diminuer le nombre de nids.<\/p>\n\n\n\n<p>Le pi\u00e9geage, qui ne permet pas l\u2019\u00e9radication, doit \u00eatre cibl\u00e9 et renouvel\u00e9 chaque ann\u00e9e. Il s\u2019inscrit dans le cadre d\u2019un Plan g\u00e9n\u00e9ral de Lutte FA, incluant l\u2019information et le soutien des diff\u00e9rents acteurs possibles, la surveillance, l\u2019observation et la d\u00e9tection des nids primaires, les recensements d\u2019alertes et destruction des nids\nsecondaires.<\/p>\n\n\n\n<p>Actuellement, et selon les donn\u00e9es scientifiques acquises \u00e0 ce jour, il n\u2019existe pas de pi\u00e8ges efficaces et s\u00e9lectifs contre les frelons asiatiques. Il convient de limiter l\u2019impact du pi\u00e9geage sur les esp\u00e8ces non cibl\u00e9es en respectant les indications et pr\u00e9cautions qui suivent. Ces recommandations sont susceptibles d\u2019\u00e9voluer en fonction de l\u2019avanc\u00e9e des connaissances scientifiques.<\/p>\n\n\n\n<h3 class=\"wp-block-heading\">QUELQUES NOTIONS :<\/h3>\n\n\n\n<p>La reine, femelle fondatrice du frelon asiatique \u00ab vespa velutina \u00bb mesure jusqu&rsquo;\u00e0 3,2 cm. Sa dur\u00e9e de vie est d&rsquo;une ann\u00e9e. Chaque reine fonde sa propre colonie au printemps, \u00e0 partir de mars et jusqu&rsquo;\u00e0 d\u00e9but ao\u00fbt.<\/p>\n\n\n\n<p>Une fondatrice d\u00e9bute seule l\u2019implantation d\u2019un nid, dit \u00ab primaire \u00bb ; Elle construit, pond, chauffe, puis alimente les premi\u00e8res larves &#8230; Au bout d\u2019environ 45 jours, c\u2019est la naissance des premi\u00e8res ouvri\u00e8res.\nLorsque la population devient plus importante (environ 200 individus), 80% des colonies d\u00e9m\u00e9nagent pour fonder un nid \u00ab secondaire \u00bb \u00e0 proximit\u00e9, et d\u00e9laissent progressivement le nid primaire. (20% restent sur place et transforment progressivement leur nid en \u00ab secondaire \u00bb : allongement, accroissement et basculement de l\u2019entr\u00e9e sur le c\u00f4t\u00e9). Ces nids secondaires, la plupart du temps install\u00e9s haut et cach\u00e9s par le feuillage, sont difficilement d\u00e9tectables.<\/p>\n\n\n\n<p>Vers la fin du mois de septembre l\u2019\u00e9levage de nouvelles femelles f\u00e9condables, ainsi que des m\u00e2les, plus nombreux, s\u2019enclenche au sein du nid de frelons asiatiques en vue de l\u2019ann\u00e9e suivante.\nD\u2019octobre \u00e0 d\u00e9cembre, les fondatrices, quittent le nid pour \u00eatre f\u00e9cond\u00e9es ; Elles se dispersent et \u00ab s\u2019engraisse \u00bb par une grosse consommation de \u00ab sucr\u00e9 \u00bb pour pr\u00e9parer l\u2019hivernage ; Elles passent l&rsquo;hiver en diapause dans un endroit abrit\u00e9 (cavit\u00e9s, murs en pierre s\u00e8ches, tas de bois, ruches), et sortent au printemps pour fonder de nouvelles colonies.\nLa fondatrice est donc la cible \u00e0 localiser au printemps : Chaque destruction de fondatrice en d\u00e9but de saison repr\u00e9sente potentiellement un nid de frelons asiatiques en moins, l\u2019\u00e9t\u00e9 venu. Cependant il y a une forte concurrence \u00e0 l\u2019implantation et toutes les fondatrices ne r\u00e9ussissent pas \u00e0 cr\u00e9er un nid.<\/p>\n\n\n\n<p>NB: La diapause est une phase g\u00e9n\u00e9tiquement d\u00e9termin\u00e9e dans le d\u00e9veloppement d&rsquo;un organisme au cours de laquelle celui-ci diminue l&rsquo;intensit\u00e9 de ses activit\u00e9s m\u00e9taboliques.<\/p>\n\n\n\n<h3 class=\"wp-block-heading\">IMPACT SUR LES RUCHERS :<\/h3>\n\n\n\n<p>L\u2019objectif est de faire baisser la pression de pr\u00e9dation sur les ruchers, en limitant l\u2019implantation des nids \u00e0 proximit\u00e9. Le pi\u00e9geage de printemps est \u00e0 privil\u00e9gier sur les ruchers fortement pr\u00e9dat\u00e9s l\u2019ann\u00e9e pr\u00e9c\u00e9dente, ainsi que dans les secteurs o\u00f9 des nids ont \u00e9t\u00e9 rep\u00e9r\u00e9s ant\u00e9rieurement.<\/p>\n\n\n\n<h3 class=\"wp-block-heading\">P\u00c9RIODES POUR PI\u00c9GER AU PRINTEMPS :<\/h3>\n\n\n\n<p><ul><li>Entre le 1er f\u00e9vrier et le 31 mai &#8211; rien ne presse au d\u00e9but, attendre de bonnes conditions m\u00e9t\u00e9os.<\/li><li> Pi\u00e9geage des reines fondatrices, pour \u00e9viter la construction de nids primaires.<\/li><li> D\u00e9buter et arr\u00eater le pi\u00e9geage en fonction de la climatologie, des temp\u00e9ratures (minimum 12 degr\u00e9s)mais aussi suivant les quantit\u00e9s pi\u00e9g\u00e9es d\u2019esp\u00e8ces non cibl\u00e9es.<\/li><li> Penser aussi \u00e0 chercher, aux m\u00eames p\u00e9riodes, les nids primaires chez soi au plafond des abris favorables.<\/li><li> Intervenir \u00e9ventuellement lors des premi\u00e8res pr\u00e9dations devant les ruches, effectu\u00e9es par les fondatrices.<\/li><\/ul><\/p>\n\n\n\n<h3 class=\"wp-block-heading\">O\u00d9 INSTALLER LES PI\u00c8GES ?<\/h3>\n\n\n\n<p>Un maillage r\u00e9gulier des pi\u00e8ges est n\u00e9cessaire autour du rucher \u00e0 prot\u00e9ger : 1 \u00e0 2 pi\u00e8ges par rucher ou pour un rayon de 500 m. Les pi\u00e8ges doivent \u00eatre espac\u00e9s r\u00e9guli\u00e8rement. Il est utile de les surveiller et de relever les insectes pi\u00e9g\u00e9s une fois par semaine. Bien noter la pr\u00e9sence des nids de l\u2019ann\u00e9e pr\u00e9c\u00e9dente pour cibler les zones \u00e0 pi\u00e9ger au printemps.<\/p>\n\n\n\n<h3 class=\"wp-block-heading\">CONSEILS POUR INSTALLER ET G\u00c9RER UN PI\u00c8GE :<\/h3>\n\n\n\n<ul>\n <li> Au soleil, avec des pi\u00e8ges poss\u00e9dant si possible des entr\u00e9es et sorties s\u00e9lectives.\n <\/li><li> \u00c0 c\u00f4t\u00e9 d\u2019une source de nourriture (fleurs printani\u00e8res, arbres et arbustes mellif\u00e8res en fleur&#8230;) ou d\u2019une source d\u2019eau ou d\u2019un rucher, dans les secteurs d\u2019anciens nids.\n <\/li><li> Ne pas h\u00e9siter \u00e0 d\u00e9placer le pi\u00e8ge en fonction de la floraison et de son attractivit\u00e9.\n <\/li><li> Orientation des entr\u00e9es, \u00e0 l\u2019abri, Sud \/ Sud-Est ou dans l\u2019axe des vents dominants.\n <\/li><li> Veiller \u00e0 la commodit\u00e9 pour l\u2019introduction de l\u2019app\u00e2t et son renouvellement.\n <\/li><li> Renouveler l\u2019attractif toutes les semaines (7 \u00e0 10 jours). Vider r\u00e9guli\u00e8rement le pi\u00e8ge des vieux frelons captur\u00e9s sans rincer, pour conservation des ph\u00e9romones. Transvaser les frelons vivants et laisser aussi quelques frelons morts en bon \u00e9tat.\n <\/li><li> Si vous utilisez un attractif liquide sucr\u00e9 et alcoolis\u00e9, placez un grillage s\u00e9parant l\u2019int\u00e9rieur du pi\u00e8ge et le liquide pour \u00e9viter les noyades.\n<\/ul>\n\n\n\n<h3 class=\"wp-block-heading\">PI\u00c8GES UTILISES :<\/h3>\n\n\n\n\n<p>Dans le cadre du <strong>Plan National Frelon (PNF)<\/strong>, les pi\u00e8ges doivent \u00eatre les plus s\u00e9lectifs possibles. Utilisez des pi\u00e8ges \u00e0 s\u00e9lection physique de type nasses avec c\u00f4nes d&rsquo;entr\u00e9e.<\/p>\n\n\n<div class=\"wp-block-columns are-vertically-aligned-center is-layout-flex wp-container-core-columns-is-layout-9d6595d7 wp-block-columns-is-layout-flex\">\n\n<div class=\"wp-block-column is-vertically-aligned-center border-none is-layout-flow wp-block-column-is-layout-flow\">\n\n<p class=\"has-text-align-center\"><strong>Le pi\u00e8ge japonais<\/strong><\/p>\n\n<div class=\"wp-block-image\">\n<figure class=\"aligncenter size-full\"><img decoding=\"async\" src=\"\/wp-content\/uploads\/2025\/12\/piege-a-frelons-asiatiques-osaka-select-type-japonais.jpg\" alt=\"Illustration d'un pi\u00e8ge japonais\"\/><\/figure>\n<\/div>\n<\/div>\n\n\n<div class=\"wp-block-column is-vertically-aligned-center is-layout-flow wp-block-column-is-layout-flow\">\n\n<p class=\"has-text-align-center\"><strong>Le pi\u00e8ge cor\u00e9en \u00e0 ailes<\/strong><\/p>\n\n<div class=\"wp-block-image\">\n<figure class=\"aligncenter size-full\"><img decoding=\"async\" src=\"\/wp-content\/uploads\/2025\/12\/piege-frelon-hautement-selectif-corren.jpg\" alt=\"Illustration d'un pi\u00e8ge cor\u00e9en \u00e0 ailes\"\/><\/figure>\n<\/div>\n<\/div>\n\n\n<div class=\"wp-block-column is-vertically-aligned-center is-layout-flow wp-block-column-is-layout-flow\">\n\n<p class=\"has-text-align-center\"><strong>Le pi\u00e8ge nasse N\u00e9oppi<\/strong><\/p>\n\n\n<figure class=\"wp-block-gallery aligncenter has-nested-images columns-default is-cropped wp-block-gallery-1 is-layout-flex wp-block-gallery-is-layout-flex\">\n<div class=\"wp-block-image\">\n<figure class=\"aligncenter size-full\"><img decoding=\"async\" src=\"\/wp-content\/uploads\/2025\/12\/piege-frelon-hautement-neopi.jpg\" alt=\"Illustration d'un pi\u00e8ge N\u00e9oppi jaune\"\/><\/figure>\n<\/div>\n<\/figure>\n\n<\/div>\n\n<\/div>\n\net plus g\u00e9n\u00e9ralement les pi\u00e8ges de petite taille, \u00e0 s\u00e9lection physique de type nasses, \u00e9quip\u00e9s de c\u00f4nes d\u2019entr\u00e9e,\nafin de retenir les fondatrices et ouvri\u00e8res en laissant \u00e9chapper un maximum d\u2019esp\u00e8ces non cibl\u00e9es. L\u2019orifice d\u2019entr\u00e9e doit \u00eatre adapt\u00e9 \u00e0 la taille du frelon asiatique et exclure l\u2019entr\u00e9e d\u2019insectes plus gros (ex : Frelon europ\u00e9en).<\/p>\n\n\n\n<p>Cette ann\u00e9e \u00e0 nouveau le GDSA 30 met \u00e0 disposition des pi\u00e9geurs de son R\u00e9seau \u00ab pi\u00e9geage FA \u00bb des pi\u00e8ges cor\u00e9ens au tarif pr\u00e9f\u00e9rentiel de 15\u20ac. Id\u00e9alement chaque pi\u00e9geur doit g\u00e9rer deux pi\u00e8ges par commune et au maximum sur trois communes. La demande de pi\u00e8ges se fait au verso du Bulletin d\u2019Adh\u00e9sion.<\/p>\n\n\n\n<p>Eviter les pi\u00e8ges peu s\u00e9lectifs de type \u00ab cloche \u00bb, avec une solution liquide entrainant la noyade des insectes : leur impact sur le reste de l\u2019entomofaune est trop important.<\/p>\n\n\n\n<p>NB : L\u2019entomofaune d\u00e9signe la totalit\u00e9 de la population d\u2019insectes pr\u00e9sents dans un milieu.<\/p>\n\n\n\n<h3 class=\"wp-block-heading\">APP\u00c2TS SUCR\u00c9S \u00c0 PRIVIL\u00c9GIER AU PRINTEMPS :<\/h3>\n\n\n\n<ul>\n <\/li><li> 1\/3 sirop de cassis ou grenadine + 1\/3 bi\u00e8re + 1\/3 vin. ( ou m\u00eame, \u00e9ventuellement, sans le vin ).\n <\/li><li> \u00c9viter les br\u00e8ches de cires et le miel pour des raisons sanitaires, m\u00eame si un grillage prot\u00e8ge l\u2019app\u00e2t.\n <\/li><li> Dans un pi\u00e8ge, les frelons vivants en attirent d\u2019autres. L\u2019app\u00e2t va attirer des frelons, qui vont ensuite eux-m\u00eames attirer d\u2019autres frelons, gr\u00e2ce aux ph\u00e9romones qu\u2019ils produisent.\n <\/li><li> D\u2019autres app\u00e2ts peuvent \u00eatre exp\u00e9riment\u00e9s tels que jus de pomme, p\u00e2te de coing &#8230;\n <\/li><li> Une nouvelle formule semble aussi donner satisfaction par fermentation de levure ; proportion de la pr\u00e9paration : 1l d\u2019eau &#8211; 400g de sucre &#8211; 10g de levure fra\u00eeche de boulanger (laisser fermenter 2 jours avant utilisation).\n<\/li>\n<\/ul>\n\n\n\n<h3 class=\"wp-block-heading\">ACTEURS DU PIEGEAGE DE PRINTEMPS :<\/h3>\n\n\n\n<p>L\u2019int\u00e9r\u00eat d\u2019un R\u00e9seau de pi\u00e9geage r\u00e9side dans le partage et la synth\u00e8se des informations, la coordination des actions. Il permet une vue d\u2019ensemble des r\u00e9sultats et autorise des conclusions plus fiables.<br><ul><li> Les pi\u00e9geurs, participant au R\u00e9seau de Lutte FA du GDSA 30, sont en g\u00e9n\u00e9ral des apiculteurs, mais peuvent \u00eatre \u00e9galement de simples personnes sensibilis\u00e9es \u00e0 l\u2019impact n\u00e9faste du Frelon Asiatique sur la Biodiversit\u00e9.<br>La remont\u00e9e des donn\u00e9es du plus grand nombre permet de constituer un fichier de bilans, riche d\u2019indicateurs utiles \u00e0 tous (quantitatifs, qualitatifs, et g\u00e9ographiques). Un coordonnateur du R\u00e9seau de pi\u00e9geage : Alexandre DUHAMEL, qui reste en \u00e9troite relation avec \u00ab lefrelon.com \u00bb. Il anime le R\u00e9seau et peut dispenser des informations compl\u00e9mentaires. Il initiera un questionnaire ponctuel sur les points d\u00e9j\u00e0 cit\u00e9s (date de la premi\u00e8re capture, \u00e0 noter &#8211; app\u00e2ts utilis\u00e9s qui donnent satisfaction &#8211; caract\u00e9ristiques des implantations de vos pi\u00e8ges &#8230;). Il sera destinataire des informations ou commentaires individuels pouvant \u00e9clairer le R\u00e9seau. Il pourra les regrouper et les partager avec tout le R\u00e9seau. Il r\u00e9alisera un Bilan de fin de p\u00e9riode qui sera adress\u00e9 \u00e0 tous les pi\u00e9geurs. Une adresse de messagerie entre pi\u00e9geurs et coordonnateur du R\u00e9seau pi\u00e9geage FA GDSA 30, a \u00e9t\u00e9 mise en place afin de faciliter le traitement des informations : <a href=\"mailto:gdsa30.piegeagefa@gmail.com\"><strong><mark style=\"background-color:#ffffff\" class=\"has-inline-color has-vivid-cyan-blue-color\">gdsa30.piegeagefa@gmail.com<\/mark><\/strong><\/a><br>En cas de n\u00e9cessit\u00e9 un appel t\u00e9l\u00e9phonique au <strong>06 25 11 88 09<\/strong> permettra de r\u00e9soudre une situation particuli\u00e8re. Le Pr\u00e9sident du GDSA 30 : Il assume la repr\u00e9sentation du r\u00e9seau de pi\u00e9geage aupr\u00e8s des organes ext\u00e9rieurs et la liaison de celui-ci avec les autres actions du R\u00e9seau de Lutte FA du GDSA 30.<\/li><\/ul><\/p>\n\n\n\n<h3 class=\"wp-block-heading has-black-color has-text-color has-link-color wp-elements-337e4b1ece7153f445b2b9938d191880\">Engagements des pi\u00e9geurs du R\u00e9seau<\/h3>\n\n\n\n<p class=\"has-black-color has-text-color has-link-color wp-elements-ac6c550b3b1b215a237c190b36bf079e\">voir <strong><a href=\"\/wp-content\/uploads\/2025\/12\/2026_GDSA-30-Reseau-Lutte-FA-CHARTE-DU-PIEGEUR-Bonnes-pratiques.pdf\"><strong><mark style=\"background-color:#ffffff\" class=\"active has-inline-color has-vivid-cyan-blue-color\">Charte \u00e0 signer<\/mark><\/strong><\/a><\/strong><\/p>\n\n\n\n<p><ul><li> Respecter les consignes collectives (bonnes pratiques) pour la mise en place et la conduite des pi\u00e8ges.<\/li><li> Respecter les p\u00e9riodicit\u00e9s du pi\u00e9geage de printemps : calendrier &#8211; recharges &#8211; relev\u00e9s sur lefrelon.com.<\/li><li> Noter les captures lors de la recharge de son (ou ses pi\u00e8ges) au mieux une fois par semaine.<\/li><li> Totaliser les captures (un seul total par commune et par pi\u00e9geur).<\/li><li> Inscrire, au moins tous les 10 jours, ses relev\u00e9s (m\u00eame 0 capture) dans son \u00ab espace pi\u00e9geages \u00bb du site \u00ab lefrelon.com \u00bb (cr\u00e9er son compte de connexion \u00e0 l\u2019avance). Il est utile de maintenir sa strat\u00e9gie de pi\u00e9geage tout au long de la campagne de printemps <\/li><li> Les relev\u00e9s doivent \u00eatre r\u00e9guliers. <\/li><li> La r\u00e9ponse 0 capture est utile statistiquement et doit donc aussi \u00eatre renseign\u00e9e.<\/li><li> N\u2019inscrire qu\u2019un seul pi\u00e8ge (global) par commune quel que soit votre nombre r\u00e9el de pi\u00e8ges. Si vous installez des pi\u00e8ges sur d\u2019autres communes, inscrire un autre pi\u00e8ge (global) pour chaque commune.<\/li><li> R\u00e9pondre occasionnellement aux enqu\u00eates initi\u00e9es par le coordonnateur (date de la premi\u00e8re capture, \u00e0 noter &#8211; app\u00e2ts utilis\u00e9s qui donnent satisfaction &#8211; caract\u00e9ristiques des implantation de vos pi\u00e8ges &#8230;).<\/li><li> Eventuellement recruter et former de nouveaux pi\u00e9geurs pour mieux \u00ab couvrir \u00bb son secteur, et plus g\u00e9n\u00e9ralement faire conna\u00eetre et partager ses initiatives locales visant le m\u00eame objectif.<\/li><\/ul><\/p>\n\n\n<p><!-- \/wp:post-content --><\/p>","protected":false},"excerpt":{"rendered":"<p>PR\u00c9FACE : Certaines Organisations Sanitaires Apicoles ont essay\u00e9, d\u00e8s l\u2019arriv\u00e9e de Vespa Velutina, de construire un plan de Lutte contre cette esp\u00e8ce invasive. En effet le Frelon Asiatique (FA) s\u2019est tout de suite r\u00e9v\u00e9l\u00e9 grandement nuisible pour nos abeilles. Le GDSA 30 ( OSAD D\u00e9partementale ) est l\u2019une d\u2019entre elles, et organise la lutte FA depuis 2008, ann\u00e9e de l\u2019arriv\u00e9e du FA dans le Gard. Plusieurs axes d\u2019attaque sont d\u00e9velopp\u00e9s et notamment le pi\u00e9geage de printemps raisonn\u00e9. Sous l\u2019\u00e9gide de&#8230;<\/p>\n<p class=\"read-more\"><a class=\"btn btn-default\" href=\"https:\/\/gdsa30.fr\/index.php\/reseau-lutte-frelon-2026\/\">Lire la suite<span class=\"screen-reader-text\"> Lire la suite<\/span><\/a><\/p>\n","protected":false},"author":4,"featured_media":0,"parent":0,"menu_order":0,"comment_status":"closed","ping_status":"closed","template":"","meta":{"footnotes":""},"class_list":["post-10740","page","type-page","status-publish","hentry"],"_links":{"self":[{"href":"https:\/\/gdsa30.fr\/index.php\/wp-json\/wp\/v2\/pages\/10740","targetHints":{"allow":["GET"]}}],"collection":[{"href":"https:\/\/gdsa30.fr\/index.php\/wp-json\/wp\/v2\/pages"}],"about":[{"href":"https:\/\/gdsa30.fr\/index.php\/wp-json\/wp\/v2\/types\/page"}],"author":[{"embeddable":true,"href":"https:\/\/gdsa30.fr\/index.php\/wp-json\/wp\/v2\/users\/4"}],"replies":[{"embeddable":true,"href":"https:\/\/gdsa30.fr\/index.php\/wp-json\/wp\/v2\/comments?post=10740"}],"version-history":[{"count":37,"href":"https:\/\/gdsa30.fr\/index.php\/wp-json\/wp\/v2\/pages\/10740\/revisions"}],"predecessor-version":[{"id":11196,"href":"https:\/\/gdsa30.fr\/index.php\/wp-json\/wp\/v2\/pages\/10740\/revisions\/11196"}],"wp:attachment":[{"href":"https:\/\/gdsa30.fr\/index.php\/wp-json\/wp\/v2\/media?parent=10740"}],"curies":[{"name":"wp","href":"https:\/\/api.w.org\/{rel}","templated":true}]}}