{"id":10870,"date":"2026-01-02T13:30:15","date_gmt":"2026-01-02T12:30:15","guid":{"rendered":"https:\/\/gdsa30.fr\/?page_id=10870"},"modified":"2026-01-02T14:33:40","modified_gmt":"2026-01-02T13:33:40","slug":"lettre-dinfos-janvier-2026","status":"publish","type":"page","link":"https:\/\/gdsa30.fr\/index.php\/lettre-dinfos-janvier-2026\/","title":{"rendered":"Lettre d\u2019infos janvier 2026"},"content":{"rendered":"\n<p><strong><a href=\"https:\/\/gdsa30.fr\/index.php\/lettre-dinfos-janvier-2026\/\"><mark style=\"background-color:rgba(0, 0, 0, 0)\" class=\"has-inline-color has-vivid-cyan-blue-color\">T\u00e9l\u00e9charger la lettre d&rsquo;infos<\/mark><\/a><\/strong><\/p>\n\n\n\n<p><strong>Ch\u00e8res amies apicultrices, chers amis apiculteurs,<\/strong><\/p>\n\n\n\n<p>En ce d\u00e9but d&rsquo;ann\u00e9e 2026, le GDSA du Gard tient \u00e0 vous adresser ses v\u0153ux les plus chaleureux. L&rsquo;ann\u00e9e 2025 a \u00e9t\u00e9 marqu\u00e9e par des d\u00e9fis importants, mais aussi par des avanc\u00e9es notables.<\/p>\n\n\n\n<p>Nous avons le plaisir de vous annoncer que la lutte contre le frelon asiatique, que notre association m\u00e8ne depuis 2008, porte enfin ses fruits. Gr\u00e2ce \u00e0 notre r\u00e9seau de pi\u00e9geurs et de destructeurs de nids b\u00e9n\u00e9voles, nous avons accompli un travail remarquable. Vos efforts \u00e0 toutes et tous, ont permis de r\u00e9duire la menace de ce pr\u00e9dateur redoutable pour nos colonies.<\/p>\n\n\n\n<p>Cependant, le bilan reste mitig\u00e9 dans certains secteurs de notre d\u00e9partement, il est donc crucial de continuer \u00e0 mobiliser nos adh\u00e9rents et \u00e0 sensibiliser le public ainsi que les collectivit\u00e9s locales \u00e0 l&rsquo;importance de notre \u00e9cosyst\u00e8me apicole. Chaque action compte, et notre engagement collectif est plus vital que jamais.<\/p>\n\n\n\n<p>Cette premi\u00e8re victoire est le fruit d&rsquo;un travail commun, et elle nous offre un nouvel \u00e9lan pour 2026. Nous esp\u00e9rons que cette nouvelle ann\u00e9e sera riche en projets innovants et en collaborations fructueuses. Ensemble, continuons \u00e0 d\u00e9fendre nos abeilles et \u00e0 pr\u00e9server notre environnement pour les g\u00e9n\u00e9rations futures.<\/p>\n\n\n\n<p>Nous vous souhaitons une m\u00e9t\u00e9o cl\u00e9mente et de belles r\u00e9coltes pour la nouvelle ann\u00e9e.<\/p>\n\n\n\n<p><strong>Merci \u00e0 tous pour votre engagement ind\u00e9fectible !<\/strong><\/p>\n\n\n\n<h2 class=\"wp-block-heading has-text-align-center\">ADHESION 2026<\/h2>\n\n\n\n<p><strong>Notre section apicole, forte de ses 350 membres, poursuit ses efforts pour assurer \u00e0 tout apiculteur gardois, qu\u2019il soit \u00abde loisir\u00bb, pluriactif ou professionnel :<\/strong><\/p>\n\n\n\n<ul class=\"wp-block-list\">\n<li>Une information et un soutien sanitaire de proximit\u00e9, (12 Techniciens Sanitaires Apicoles sont actuellement d\u00e9ploy\u00e9s sur le d\u00e9partement)<\/li>\n\n\n\n<li>L&rsquo;implication dans l&rsquo;Observatoire des Mortalit\u00e9s et Affaissements de l&rsquo;Abeille mellif\u00e8re (OMAA)<\/li>\n\n\n\n<li><strong>Une aide \u00e0 l\u2019achat<\/strong> de m\u00e9dicaments \u00ab anti-varroas \u00bb homologu\u00e9s, (nos efforts budg\u00e9taires nous permettent en 2026 de <strong>baisser les prix des traitements de -15 \u00e0 -20% <\/strong>par rapport \u00e0 2025)<\/li>\n\n\n\n<li>Un d\u00e9ploiement de son R\u00e9seau de Lutte contre le Frelon Asiatique avec, notamment, des campagnes concert\u00e9es de pi\u00e9geage de printemps dans de nombreux secteurs<\/li>\n\n\n\n<li>Le renouvellement de l&rsquo;offre de pi\u00e8ge FA BeeVital \u00e0 un prix subventionn\u00e9 de 15\u20ac, au lieu de 45\u20ac en magasin d&rsquo;apiculture<\/li>\n<\/ul>\n\n\n\n<p><strong>Afin de poursuivre nos efforts, nous avons besoin de toutes et tous, c&rsquo;est pourquoi, nous vous invitons \u00e0 prendre ou renouveler votre adh\u00e9sion au GDSA du Gard en 2026.<\/strong><\/p>\n\n\n\n<p>Cette ann\u00e9e votre adh\u00e9sion se fera \u00e0 partir de notre site internet, ou directement \u00e0 l\u2019aide du lien ci-dessous, gr\u00e2ce \u00e0 un formulaire d\u00e9roulant<\/p>\n\n\n\n<p>Vous pourrez suivre <strong>\u00ab\u00a0pas \u00e0 pas\u00a0\u00bb<\/strong> le protocole d&rsquo;adh\u00e9sion qui comprend :<\/p>\n\n\n\n<p><\/p>\n\n\n\n<ol class=\"wp-block-list\">\n<li>votre adh\u00e9sion 2026<\/li>\n\n\n\n<li>votre commande de m\u00e9dicaments v\u00e9t\u00e9rinaires<\/li>\n\n\n\n<li>l&rsquo;abonnement \u00e0 la revue \u00ab\u00a0La Sant\u00e9 de l&rsquo;Abeille\u00a0\u00bb (facultatif)<\/li>\n\n\n\n<li>l&rsquo;inscription \u00e0 notre AG du 14 mars 2026 \u00e0 ROUSSON ainsi qu&rsquo;au repas, ou votre procuration \u00e0 signer et \u00e0 transmettre sur le bulletin<\/li>\n\n\n\n<li>l&rsquo;inscription pour rejoindre notre \u00e9quipe de b\u00e9n\u00e9voles (administrateurs et\/ou lutte frelon)<\/li>\n\n\n\n<li>l&rsquo;inscription pour la prochaine formation TSA Occitanie<\/li>\n\n\n\n<li>Prendre connaissance de toutes les infos utiles concernant le PSE et le plan de distribution des m\u00e9dicaments 2026<\/li>\n<\/ol>\n\n\n\n<p>Nous vous attendons nombreuses et nombreux !<\/p>\n\n\n\n<p>Suivre le lien suivant &#8211;&gt; <strong><a href=\"https:\/\/gdsa30.fr\/index.php\/adhesion\"><mark style=\"background-color:rgba(0, 0, 0, 0)\" class=\"has-inline-color has-vivid-cyan-blue-color\">Adh\u00e9sion 2026<\/mark><\/a><\/strong><\/p>\n\n\n\n<h2 class=\"wp-block-heading has-text-align-center\">RESEAU de LUTTE Frelon Asiatique \u2013 CAMPAGNE DE PIEGEAGE FA 2026<\/h2>\n\n\n<div class=\"wp-block-image\">\n<figure class=\"aligncenter size-full\"><img loading=\"lazy\" decoding=\"async\" width=\"380\" height=\"189\" src=\"http:\/\/gdsa30.fr\/wp-content\/uploads\/2026\/01\/unfrelonasiat-e1767351411367.png\" alt=\"\" class=\"wp-image-10776\"\/><\/figure>\n<\/div>\n\n\n<p>Certaines Organisations Sanitaires Apicoles ont essay\u00e9, d\u00e8s l\u2019arriv\u00e9e de Vespa Velutina, de construire un plan de Lutte contre cette esp\u00e8ce invasive. (\u2026) Le GDSA 30 (OSAD D\u00e9partementale ) est l\u2019une d\u2019entre elles, et organise la lutte FA depuis 2008, ann\u00e9e de l\u2019arriv\u00e9e du FA dans le Gard. Plusieurs axes d\u2019attaque sont d\u00e9velopp\u00e9s et notamment le pi\u00e9geage de printemps raisonn\u00e9.<\/p>\n\n\n\n<p>Rendez-vous sur le site du GDSA30 pour lire la suite de cet article :<\/p>\n\n\n\n<p><a href=\"https:\/\/gdsa30.fr\/index.php\/reseau-lutte-frelon-2026\/\"><strong><mark style=\"background-color:rgba(0, 0, 0, 0)\" class=\"has-inline-color has-vivid-cyan-blue-color\">R\u00e9seau LUTTE Frelon Asiatique<\/mark><\/strong><\/a><\/p>\n\n\n\n<h2 class=\"wp-block-heading has-text-align-center\">Pourquoi et comment effectuer un traitement \u00abhivernal\u00bb contre le varroa ?<\/h2>\n\n\n<div class=\"wp-block-image\">\n<figure class=\"aligncenter size-large\"><img decoding=\"async\" src=\"http:\/\/gdsa30.fr\/wp-content\/uploads\/2025\/12\/FNOSAD-LSA.png\" alt=\"\"\/><\/figure>\n<\/div>\n\n\n<p>Pour une meilleure survie des abeilles au printemps, et des colonies plus productives et performantes au d\u00e9marrage de la saison apicole, traiter contre le varroa en automne et en hiver constitue une conduite du rucher efficace\u2026<\/p>\n\n\n\n<p><a href=\"https:\/\/fnosad-lsa.fr\/fileadmin\/LSA\/LSA_324-traitement_hivernal_VARROA_acide_oxalique.pdf\"><strong><mark style=\"background-color:rgba(0, 0, 0, 0)\" class=\"has-inline-color has-vivid-cyan-blue-color\">T\u00e9l\u00e9charger l&rsquo;article<\/mark><\/strong><\/a><\/p>\n\n\n\n<h2 class=\"wp-block-heading has-text-align-center\">Toxicit\u00e9 des n\u00e9onicotino\u00efdes : retour sur une \u00e9pop\u00e9e scientifique<\/h2>\n\n\n<div class=\"wp-block-image\">\n<figure class=\"aligncenter size-full is-resized\"><img loading=\"lazy\" decoding=\"async\" width=\"420\" height=\"177\" src=\"http:\/\/gdsa30.fr\/wp-content\/uploads\/2025\/06\/itsap-e1767351368314.jpg\" alt=\"\" class=\"wp-image-10640\" style=\"width:271px;height:auto\"\/><\/figure>\n<\/div>\n\n\n<p>En France, depuis 2018, l\u2019utilisation des pesticides \u00e0 base de n\u00e9onicotino\u00efdes est interdite en agriculture.<\/p>\n\n\n\n<p><a href=\"https:\/\/itsap.asso.fr\/articles\/toxicite-des-neonicotinoides-retour-sur-une-epopee-scientifique\"><strong><mark style=\"background-color:rgba(0, 0, 0, 0)\" class=\"has-inline-color has-vivid-cyan-blue-color\">Lire l&rsquo;article<\/mark><\/strong><\/a><\/p>\n\n\n\n<h2 class=\"wp-block-heading has-text-align-center\">Mortalit\u00e9s<\/h2>\n\n\n<div class=\"wp-block-image\">\n<figure class=\"aligncenter size-full\"><img loading=\"lazy\" decoding=\"async\" width=\"294\" height=\"121\" src=\"http:\/\/gdsa30.fr\/wp-content\/uploads\/2024\/10\/logo-GTV-Occitanie.jpg\" alt=\"\" class=\"wp-image-10520\"\/><\/figure>\n<\/div>\n\n\n<p>L\u2019Observatoire des Mortalit\u00e9s et des Affaiblissements de l\u2019Abeille (OMAA) est op\u00e9rationnel depuis le 17 Mai 2023. Le GTV Occitanie s\u2019est engag\u00e9 dans ce <strong>projet<\/strong> pour r\u00e9pondre aux attentes des apiculteurs, de la filiere apicole et de la DGAL.<\/p>\n\n\n\n<p>Le dispositif repose sur la d\u00e9claration volontaire au guichet unique r\u00e9gional : <strong>05 31 60 91 91<\/strong><\/p>\n\n\n\n<p><a href=\"https:\/\/gtvoccitanie.fr\/IMG\/pdf\/bulletin_septembre_2025.pdf\"><strong><mark style=\"background-color:rgba(0, 0, 0, 0)\" class=\"has-inline-color has-vivid-cyan-blue-color\">Bulletin OMAA &#8211; septembre 2025<\/mark><\/strong><\/a><\/p>\n\n\n\n<p><\/p>\n","protected":false},"excerpt":{"rendered":"<p>T\u00e9l\u00e9charger la lettre d&rsquo;infos Ch\u00e8res amies apicultrices, chers amis apiculteurs, En ce d\u00e9but d&rsquo;ann\u00e9e 2026, le GDSA du Gard tient \u00e0 vous adresser ses v\u0153ux les plus chaleureux. L&rsquo;ann\u00e9e 2025 a \u00e9t\u00e9 marqu\u00e9e par des d\u00e9fis importants, mais aussi par des avanc\u00e9es notables. Nous avons le plaisir de vous annoncer que la lutte contre le frelon asiatique, que notre association m\u00e8ne depuis 2008, porte enfin ses fruits. Gr\u00e2ce \u00e0 notre r\u00e9seau de pi\u00e9geurs et de destructeurs de nids b\u00e9n\u00e9voles, nous&#8230;<\/p>\n<p class=\"read-more\"><a class=\"btn btn-default\" href=\"https:\/\/gdsa30.fr\/index.php\/lettre-dinfos-janvier-2026\/\">Lire la suite<span class=\"screen-reader-text\"> Lire la suite<\/span><\/a><\/p>\n","protected":false},"author":1,"featured_media":0,"parent":0,"menu_order":0,"comment_status":"closed","ping_status":"closed","template":"","meta":{"footnotes":""},"class_list":["post-10870","page","type-page","status-publish","hentry"],"_links":{"self":[{"href":"https:\/\/gdsa30.fr\/index.php\/wp-json\/wp\/v2\/pages\/10870","targetHints":{"allow":["GET"]}}],"collection":[{"href":"https:\/\/gdsa30.fr\/index.php\/wp-json\/wp\/v2\/pages"}],"about":[{"href":"https:\/\/gdsa30.fr\/index.php\/wp-json\/wp\/v2\/types\/page"}],"author":[{"embeddable":true,"href":"https:\/\/gdsa30.fr\/index.php\/wp-json\/wp\/v2\/users\/1"}],"replies":[{"embeddable":true,"href":"https:\/\/gdsa30.fr\/index.php\/wp-json\/wp\/v2\/comments?post=10870"}],"version-history":[{"count":9,"href":"https:\/\/gdsa30.fr\/index.php\/wp-json\/wp\/v2\/pages\/10870\/revisions"}],"predecessor-version":[{"id":10883,"href":"https:\/\/gdsa30.fr\/index.php\/wp-json\/wp\/v2\/pages\/10870\/revisions\/10883"}],"wp:attachment":[{"href":"https:\/\/gdsa30.fr\/index.php\/wp-json\/wp\/v2\/media?parent=10870"}],"curies":[{"name":"wp","href":"https:\/\/api.w.org\/{rel}","templated":true}]}}