{"id":9277,"date":"2018-02-14T17:13:30","date_gmt":"2018-02-14T16:13:30","guid":{"rendered":"http:\/\/gdsa30.fr\/?page_id=9277"},"modified":"2025-12-08T12:12:46","modified_gmt":"2025-12-08T11:12:46","slug":"reglement-interieur","status":"publish","type":"page","link":"https:\/\/gdsa30.fr\/index.php\/reglement-interieur\/","title":{"rendered":"R\u00e8glement Int\u00e9rieur \u2013 Section Sanitaire Apicole du GDS 30"},"content":{"rendered":"\n<p>Le r\u00e8glement int\u00e9rieur d\u00e9crit le fonctionnement interne de la Section Sanitaire Apicole du Groupement de D\u00e9fense Sanitaire du Gard (GDS 30) et ses interactions avec celui-ci.<br> Il a \u00e9t\u00e9 valid\u00e9 par le Conseil d&rsquo;Administration du GDS 30 en date du 16\/12\/2021 puis adopt\u00e9 lors du Conseil de Section en date du 29 Novembre 2022.<\/p>\n\n\n\n<p><strong>Lien de t\u00e9l\u00e9chargement<\/strong>: <a href=\"https:\/\/gdsa30.fr\/wp-content\/uploads\/2024\/01\/Reglement-interieur-Section-Apicole-GDSA-30.pdf\">Reglement-interieur-Section-Apicole-GDSA-30.pdf<\/a><\/p>\n","protected":false},"excerpt":{"rendered":"<p>Le r\u00e8glement int\u00e9rieur d\u00e9crit le fonctionnement interne de la Section Sanitaire Apicole du Groupement de D\u00e9fense Sanitaire du Gard (GDS 30) et ses interactions avec celui-ci. Il a \u00e9t\u00e9 valid\u00e9 par le Conseil d&rsquo;Administration du GDS 30 en date du 16\/12\/2021 puis adopt\u00e9 lors du Conseil de Section en date du 29 Novembre 2022. Lien de t\u00e9l\u00e9chargement: Reglement-interieur-Section-Apicole-GDSA-30.pdf<\/p>\n","protected":false},"author":1,"featured_media":0,"parent":0,"menu_order":0,"comment_status":"closed","ping_status":"closed","template":"","meta":{"footnotes":""},"class_list":["post-9277","page","type-page","status-publish","hentry"],"_links":{"self":[{"href":"https:\/\/gdsa30.fr\/index.php\/wp-json\/wp\/v2\/pages\/9277","targetHints":{"allow":["GET"]}}],"collection":[{"href":"https:\/\/gdsa30.fr\/index.php\/wp-json\/wp\/v2\/pages"}],"about":[{"href":"https:\/\/gdsa30.fr\/index.php\/wp-json\/wp\/v2\/types\/page"}],"author":[{"embeddable":true,"href":"https:\/\/gdsa30.fr\/index.php\/wp-json\/wp\/v2\/users\/1"}],"replies":[{"embeddable":true,"href":"https:\/\/gdsa30.fr\/index.php\/wp-json\/wp\/v2\/comments?post=9277"}],"version-history":[{"count":7,"href":"https:\/\/gdsa30.fr\/index.php\/wp-json\/wp\/v2\/pages\/9277\/revisions"}],"predecessor-version":[{"id":10659,"href":"https:\/\/gdsa30.fr\/index.php\/wp-json\/wp\/v2\/pages\/9277\/revisions\/10659"}],"wp:attachment":[{"href":"https:\/\/gdsa30.fr\/index.php\/wp-json\/wp\/v2\/media?parent=9277"}],"curies":[{"name":"wp","href":"https:\/\/api.w.org\/{rel}","templated":true}]}}