{"id":9303,"date":"2018-02-14T18:00:25","date_gmt":"2018-02-14T17:00:25","guid":{"rendered":"http:\/\/gdsa30.fr\/?page_id=9303"},"modified":"2019-02-07T19:56:04","modified_gmt":"2019-02-07T18:56:04","slug":"maladies-et-parasites-des-colonies","status":"publish","type":"page","link":"https:\/\/gdsa30.fr\/index.php\/maladies-et-parasites-des-colonies\/","title":{"rendered":"Maladies, parasites et pr\u00e9dateurs des colonies"},"content":{"rendered":"<h2><span style=\"color: #ff6600;\">Les dangers sanitaires de cat\u00e9gorie 1 :<\/span><\/h2>\n<p>Quatre maladies sont retenues pour leur rapidit\u00e9 de propagation et leur caract\u00e8re \u00e9pizootique. Elles sont d\u00e9nomm\u00e9es \u00ab\u00a0dangers sanitaires de cat\u00e9gorie 1 et 2\u00a0\u00bb (anciennement \u00ab\u00a0Maladies R\u00e9put\u00e9es Contagieuses\u00a0\u00bb) :<\/p>\n<ul>\n<li>Loque am\u00e9ricaine.<\/li>\n<li>Nos\u00e9mose.<\/li>\n<li>Infestation par Aethina Tumida.<\/li>\n<li>Infestation par Tropilaelaps.spp<\/li>\n<\/ul>\n<h3><\/h3>\n<h3><span style=\"color: #3366ff;\">La Loque Am\u00e9ricaine &#8211; Paenibacillus larvae<\/span><\/h3>\n<p>Paenibacillus larvae est une esp\u00e8ce de bact\u00e9rie responsable d\u2019une maladie connue sous le nom de loque am\u00e9ricaine (American foolbrood), qui touche sp\u00e9cifiquement le couvain (zone regroupant les larves) de la colonie d\u2019abeilles. En France, la loque am\u00e9ricaine est une maladie r\u00e9glement\u00e9e faisant partie de la liste des maladies r\u00e9put\u00e9es contagieuses (MRC) de l\u2019article D223-21 du code rural 1. Il s&rsquo;agit de maladies ayant un fort impact sur la sant\u00e9 publique, l&rsquo;\u00e9conomie de l\u2019\u00e9levage ou le commerce international. En cas de constat de la maladie, sa d\u00e9claration aux autorit\u00e9s sanitaires et v\u00e9t\u00e9rinaires est obligatoire et conduira \u00e0 la prise de mesures destin\u00e9es \u00e0 assainir et \u00e0 bloquer l\u2019expansion de la maladie.<\/p>\n<h5><strong>La Loque am\u00e9ricaine :\u00a0\u00a0<\/strong><a href=\"https:\/\/www.fnosad.com\/fiches-pratiques\/la_loque_americaine.pdf\">\u00a07_loque_americaine.pdf<\/a><\/h5>\n<h3><span style=\"color: #3366ff;\">La Nos\u00e9mose<\/span><\/h3>\n<p>La nos\u00e9mose est une maladie qui affecte uniquement l\u2019abeille au stade adulte.<br \/>\nElle est caus\u00e9e par un champignon microscopique unicellulaire du genre Nosema.<br \/>\nOn retrouve deux esp\u00e8ces de ce parasite intracellulaire causant des infections fongiques chez l\u2019abeille europ\u00e9enne Apis mellifera soit Nosema apis et Nosema ceranae. L\u2019infection \u00e0 Nosema apis est bien connue et identifi\u00e9 depuis pr\u00e8s d\u2019un si\u00e8cle. Par contre, les pathologies associ\u00e9es \u00e0 l\u2019infection par Nosema ceranae chez l\u2019abeille europ\u00e9enne sont beaucoup plus contemporaines et ne sont pas bien connues (Nosema ceranae \u00e9tait \u00e0 l\u2019origine un parasite de l\u2019abeille asiatique Apis cerana).<br \/>\nLa nos\u00e9mose est une maladie r\u00e9pandue dans le monde entier, mais particuli\u00e8rement dans les pays au climat temp\u00e9r\u00e9, aux hivers longs et humides, o\u00f9 les manifestations cliniques sont plus \u00e9videntes au printemps.<\/p>\n<h5><strong>La Nosemose:\u00a0 \u00a0<\/strong><a href=\"https:\/\/www.fnosad.com\/fiches-pratiques\/la_nosemose.pdf\">8_nosemose.pdf<\/a><\/h5>\n<h3><span style=\"color: #3366ff;\">Aethina Tumida, le Petit Col\u00e9opt\u00e8re de la Ruche<\/span><\/h3>\n<p>L\u2019introduction du petit col\u00e9opt\u00e8re de la ruche (Aethina tumida) est \u00e0 pr\u00e9sent bien confirm\u00e9e dans le sud de l\u2019Italie. Des larves ont \u00e9t\u00e9 trouv\u00e9es ce qui montre qu\u2019il s\u2019y est reproduit. En date du 30\/09\/14, 13 ruchers ont \u00e9t\u00e9 d\u00e9clar\u00e9s infest\u00e9s dans une zone de 20 km de rayon autour du foyer initial, dont deux foyers avec pr\u00e9sence de larves (source : LRUE).<\/p>\n<p>La menace est s\u00e9rieuse pour l\u2019apiculture fran\u00e7aise, aussi devons nous prendre d\u00e8s aujourd\u2019hui des mesures pour y faire face.<\/p>\n<p>De : Jerome Vandame &lt;jerome.vandame@wanadoo.fr&gt;<\/p>\n<p>Date : 23 septembre 2014 16:06<\/p>\n<p>Objet : FNOSAD &#8211; petit col\u00e9opt\u00e8re de la ruche &#8211; Aethina tumida<\/p>\n<p>\u00c0<\/p>\n<p>Message \u00e0 l&rsquo;attention des OSAD<\/p>\n<p>Bonjour \u00e0 tous,<\/p>\n<p>La FNOSAD a \u00e9t\u00e9 inform\u00e9e d&rsquo;une alerte r\u00e9cente concernant la d\u00e9couverte du petit col\u00e9opt\u00e8re de la ruche, Aethina tumida, dans le sud de l&rsquo;Italie.<\/p>\n<p>Un courrier vient d&rsquo;\u00eatre envoy\u00e9 \u00e0 l&rsquo;administration pour obtenir les informations les plus pr\u00e9cises possibles concernant l&rsquo;\u00e9volution de cette situation et les instructions pour \u00e9viter que ce col\u00e9opt\u00e8re ne soit import\u00e9 en France.<\/p>\n<p>En attente d&rsquo;informations compl\u00e9mentaires, vous trouverez en PJ :<\/p>\n<p>&#8211; Une plaquette \u00e9dit\u00e9e par l&rsquo;ANSES, donnant des indications pour permettre d&rsquo;identifier le petit col\u00e9opt\u00e8re Aethina tumida;<\/p>\n<p>&#8211; l&rsquo;adresse de la plateforme \u00e9pid\u00e9miologique sant\u00e9 animale sur lesquelles sont centralis\u00e9es les informations du terrain re\u00e7ues par\u00a0 le LRUE :<\/p>\n<p>http:\/\/www.plateforme-esa.fr\/<\/p>\n<p>Par ailleurs et en attendant des mesures pr\u00e9cises, il est pr\u00e9f\u00e9rable de s&rsquo;abstenir de tout \u00e9change de reines, paquets d&rsquo;abeilles, essaims, provenant d&rsquo;Italie, et de toute action commerciale pr\u00e9parant l&rsquo;ann\u00e9e 2015.<\/p>\n<h5><strong>Aethina Tumida, le petit col\u00e9opt\u00e8re de la ruche :<\/strong><\/h5>\n<h5><a href=\"https:\/\/www.fnosad.com\/fiches-pratiques\/le_petit_coleoptere_de_la_ruche.pdf\">PetitColeo_Plaquette_Janv2013.pdf<\/a><\/h5>\n<h5><b>Pi\u00e9geage<\/b><strong>\u00a0pour la d\u00e9tection du PCR :<\/strong><\/h5>\n<h5><a href=\"https:\/\/www.anses.fr\/fr\/system\/files\/Protocole_Pieges_AethinaVF_LNR-Sante-Abeilles_15-04-24.pdf\">Bande de d\u00e9tection du petit col\u00e9opt\u00e8re d[&#8230;]<\/a><\/h5>\n<h3><span style=\"color: #3366ff;\">Tropilaelaps.spp<\/span><\/h3>\n<p>Tropilaelaps clareae est un acarien parasite de l&rsquo;abeille. M\u00eame s&rsquo;il est moins connu que Varroa destructor, il n&rsquo;en est pas moins un grave danger pour les ruches. C&rsquo;est un parasite externe, qui peut se d\u00e9velopper sur diff\u00e9rentes esp\u00e8ces d&rsquo;abeilles. Sa r\u00e9partition g\u00e9ographique est mal connue, mais celle de son h\u00f4te naturel va de l&rsquo;Asie du Sud-Est \u00e0 l&rsquo;Inde. Ce parasite a \u00e9t\u00e9 signal\u00e9 sur Apis mellifera en Iran, en Afghanistan et en Afrique. C&rsquo;est la raison pour laquelle une importation non contr\u00f4l\u00e9e risque de r\u00e9pandre ce parasite.<\/p>\n<h5>Tropilaelaps.spp :<\/h5>\n<h5><a href=\"https:\/\/www.fnosad.com\/fiches-pratiques\/les_acariens_du_genre_tropilaelaps_spp.pdf\">https:\/\/www.fnosad.com\/fiches-pratiques\/les_acariens_du_genre_tropilaelaps_spp.pdf<\/a><\/h5>\n<h2><span style=\"color: #ff6600;\">Les dangers sanitaires de cat\u00e9gorie 2 :<\/span><\/h2>\n<ul>\n<li>La Varroose<\/li>\n<li>Vespa velutina (frelon asiatique)<\/li>\n<\/ul>\n<h3><span style=\"color: #3366ff;\">Le Varroa<\/span><\/h3>\n<p>Varroa destructor est un acarien parasite externe h\u00e9matophage des abeilles. Il est \u00e0 l&rsquo;abeille ce que la tique est aux chiens, bovins, \u00e9quins, humains&#8230;<br \/>\nIl est, \u00e0 l&rsquo;origine, parasite de l&rsquo;abeille asiatique Apis cerenae et a un cycle de d\u00e9veloppement adapt\u00e9 \u00e0 celle-ci, plus court que celui d&rsquo;Apis mellifera, \u00ab\u00a0notre abeille\u00a0\u00bb. Cela ne l&rsquo;a pas emp\u00each\u00e9 de la parasiter et de s&rsquo;adapter \u00e0 son cycle. Il a gagn\u00e9 tous les ruchers de France et provoque des pertes de colonies importantes. La lutte est complexe et ne peut \u00eatre efficace que si l&rsquo;on conna\u00eet bien le cycle de ce parasite.<br \/>\nAujourd&rsquo;hui en France, seule l&rsquo;\u00eele d&rsquo;Ouessant est indemne, prot\u00e9g\u00e9e son statut insulaire et les apiculteurs bretons qui ont pris des mesures de protection de leur rucher avant l&rsquo;arriv\u00e9e de Varroa!<\/p>\n<h5><strong>Tout savoir sur Varroa destructor :<\/strong><\/h5>\n<h5><a href=\"https:\/\/www.frgds-occitanie.fr\/Le-varroa\">https:\/\/www.frgds-occitanie.fr\/Le-varroa<\/a><\/h5>\n<h5><strong>Lutter contre varroa destructor en apiculture Biologique :<\/strong><\/h5>\n<h5><a href=\"https:\/\/www.frgds-occitanie.fr\/IMG\/pdf\/21_les_methodes_de_lutte_en_apiculture_biologique.pdf\">https:\/\/www.frgds-occitanie.fr\/IMG\/pdf\/21_les_methodes_de_lutte_en_apiculture_biologique.pdf<\/a><\/h5>\n<h3><span style=\"color: #3366ff;\">Le Frelon Asiatique<\/span><\/h3>\n<p>Insecte Hym\u00e9nopt\u00e8re : Arriv\u00e9 en 2004 en France, le frelon a rapidement gagn\u00e9 du terrain. Pr\u00e9dateur des abeilles, le frelon asiatique (Vespa velutinanigrithorax) d\u00e9barqu\u00e9 de Chine en 2004 colonise progressivement la France.<\/p>\n<h5>Reconna\u00eetre Vespa velutina :<\/h5>\n<h5><a href=\"https:\/\/www.fnosad.com\/fiches-pratiques\/plaquette_identification_vespa_velutina.pdf\">https:\/\/www.fnosad.com\/fiches-pratiques\/plaquette_identification_vespa_velutina.pdf<\/a><\/h5>\n<h5>Lutter contre le Frelon asiatique :<\/h5>\n<h5><a href=\"https:\/\/www.frgds-occitanie.fr\/La-lutte-contre-le-frelon\">https:\/\/www.frgds-occitanie.fr\/La-lutte-contre-le-frelon<\/a><\/h5>\n<h2><span style=\"color: #ff6600;\">Maladies diverses :<\/span><\/h2>\n<p><strong>Le couvain sacciforme :<\/strong><br \/>\n<a href=\"https:\/\/www.fnosad.com\/fiches-pratiques\/le_couvain_sacciforme.pdf\">Fiche_1_couvain_sacciforme .pdf<\/a><\/p>\n<p><strong>La Loque Europ\u00e9enne :<\/strong><br \/>\n<a href=\"https:\/\/www.fnosad.com\/fiches-pratiques\/la_loque_europeenne.pdf\">Fiche_2_loque_europeenne.pdf<\/a><\/p>\n<p><strong>La Paralysie Chronique &#8211; (Maladie Noire) :<\/strong><br \/>\n<a href=\"https:\/\/www.fnosad.com\/fiches-pratiques\/la_paralysie_chronique.pdf\">Fiche_4_paralysie_chronique.pdf<\/a><\/p>\n<p><strong>Maladie Ailes des d\u00e9form\u00e9es :<\/strong><br \/>\n<a href=\"https:\/\/www.fnosad.com\/fiches-pratiques\/la_maladie_des_ailes_deformees.pdf\">https:\/\/www.fnosad.com\/fiches-pratiques\/la_maladie_des_ailes_deformees.pdf<\/a><\/p>\n<p><strong>Ascosph\u00e9rose &#8211; Mycose du couvain :\u00a0<\/strong><a href=\"https:\/\/www.fnosad.com\/12-fiches-pratiques\/54-ascospherose-mycose-du-couvain\">https:\/\/www.fnosad.com\/12-fiches-pratiques\/54-ascospherose-mycose-du-couvain<\/a><\/p>\n<p><strong>Traitement Varroose avec Acide Oxalique &#8211; Api Bioxal :<\/strong><br \/>\n<a href=\"https:\/\/www.frgds-occitanie.fr\/IMG\/pdf\/17_api_bioxal_r_.pdf\">Fiche_6_traitement_varroose_acide_oxaliq[&#8230;]<\/a><\/p>\n<p><strong>R\u00e9alisation transvasement sanitaire :<\/strong><br \/>\n<a href=\"https:\/\/www.fnosad.com\/fiches-pratiques\/realisation_transvasement_sanitaire.pdf\">Fiche_3_realisation_transvasement_sanita[&#8230;]<\/a><\/p>\n<h3><\/h3>\n<h3><span style=\"color: #3366ff;\">L&rsquo;Acariose<\/span><\/h3>\n<p>L&rsquo;acariose est une maladie de l&rsquo;abeille domestique adulte Apis mellifera. et des autres esp\u00e8ces d&rsquo;Apis.<br \/>\nElle est provoqu\u00e9e par l&rsquo;acarien Acarapis woodi. L&rsquo;acarien mesure approximativement 150 \u03bcm ; c&rsquo;est un parasite interne du syst\u00e8me respiratoire qui vit et se reproduit principalement dans la premi\u00e8re paire des trach\u00e9es thoraciques de l&rsquo;abeille. Parfois les acariens sont retrouv\u00e9s dans les sacs a\u00e9riens de la t\u00eate, du thorax et de l&rsquo;abdomen. Les acariens s&rsquo;alimentent avec l&rsquo;h\u00e9molymphe de leur h\u00f4te.<br \/>\nLes effets pathog\u00e8nes trouv\u00e9s chez les abeilles infect\u00e9es d\u00e9pendent du nombre de parasites dans la trach\u00e9e et ils sont attribuables aux dommages m\u00e9caniques et aux d\u00e9sordres physiologiques cons\u00e9cutifs \u00e0 l&rsquo;obstruction des conduits d&rsquo;air, aux l\u00e9sions dans les parois des trach\u00e9es, et \u00e0 la r\u00e9duction de l&rsquo;h\u00e9molymphe. L&rsquo;augmentation du nombre de parasites entra\u00eene une opacit\u00e9 et une d\u00e9coloration des parois des trach\u00e9es avec des secteurs tach\u00e9s de noir, probablement dus aux couches de m\u00e9lanine. Le taux de mortalit\u00e9 varie de moyen \u00e0 \u00e9lev\u00e9. Les manifestations pr\u00e9coces d&rsquo;infection sont normalement inapparentes, elles deviennent \u00e9videntes seulement lors de fortes infections. Elles ont lieu habituellement au d\u00e9but du printemps. Les infections se propagent par contact direct. G\u00e9n\u00e9ralement, une p\u00e9riode de 10 jours est n\u00e9cessaire apr\u00e8s le premier contact du parasite pour que les abeilles d\u00e9clarent l&rsquo;acariose. La reproduction des acariens se produit dans les trach\u00e9es des abeilles adultes, o\u00f9 les femelles peuvent pondre de 8 \u00e0 20 \u0153ufs. Il y a 2 \u00e0 4 fois plus de femelles que de m\u00e2les. L&rsquo;incubation est de 11 \u00e0 12 jours pour les m\u00e2les et 14 \u00e0 15 jours pour les femelles.<\/p>\n<h3><\/h3>\n<h3><span style=\"color: #3366ff;\">La Teigne de la ruche<\/span> (parasite de la ruche)<\/h3>\n<h4>Les d\u00e9g\u00e2ts<\/h4>\n<p>La fausse teigne n&rsquo;est n&rsquo;y un pr\u00e9dateur, ni un parasite ni une maladie de l&rsquo;abeille.<\/p>\n<p>C&rsquo;est un papillon de nuit, de la famille des mites, qui pond dans les ruches et dont les larves se d\u00e9veloppent dans les rayons de cire de la ruche. En fait il existe deux vari\u00e9t\u00e9 de fausse teigne : Galleria melonella et Achroia Grisella.Cette derni\u00e8re est plus petite et plus rose. Toutes deux font partie de la famille des Pyralidae sous- famille des Gallerinae. C&rsquo;est la plus grande des deux (Galleria melonella) qui fait le plus de d\u00e9g\u00e2ts.<\/p>\n<p>La larve de la fausse teigne creuse son r\u00e9seau de galeries tapiss\u00e9es de soie dans tout le rayon. Comme les abeilles ne savent pas comment retirer cette soie, les cellules abim\u00e9es ne sont pas r\u00e9par\u00e9es et deviennent impropres \u00e0 la ponte et au stockage du nectar. En grandissant la larve de fausse teigne \u00e9tablie des ponts de soie entre les rayons ce qui entrave la circulation des abeilles.<\/p>\n<p>Comme la fausse teigne pond plusieurs grappes d&rsquo;\u0153ufs, avec une centaines d&rsquo;\u0153ufs par grappe, si tous ces \u0153ufs \u00e9closent, les d\u00e9g\u00e2ts sont rapides et irr\u00e9versibles . La ruche devient une vaste toile d&rsquo;araign\u00e9e.<\/p>\n<h4>Ses cibles<\/h4>\n<p>P\u00e9n\u00e9trer dans la ruche, y pondre, y \u00e9clore et s&rsquo;y d\u00e9velopper, tout cela ne peut se passer que dans une ruche \u00e0 faible densit\u00e9. C&rsquo;est-\u00e0-dire dans une ruche o\u00f9 certaines zones ne sont jamais auscult\u00e9es par les abeilles (gardiennes ou nettoyeuses).<\/p>\n<p>Donc, si on ne veut pas que la fausse teigne s&rsquo;installe dans une ruche il faut quelle soit enti\u00e8rement occup\u00e9es. Cela signifie qu&rsquo;il faut avoir une ruche en ad\u00e9quation avec la taille de la colonie. Petite colonie: petite ruche. Forte colonie: grande ruche.<\/p>\n<p>Une pratique \u00e0 risque de la m\u00e9thode Dadant est le partitionnement du corps de la ruche pour l&rsquo;hiver. Quand la colonie est trop petite pour se tenir au chaud dans un aussi grand corps, l&rsquo;apiculteur partitionne (segmente) le corps. Une partie contiendra la grappe d&rsquo;abeille, l&rsquo;autre restera vide d&rsquo;octobre \u00e0 f\u00e9vrier. Bien sur, cette partie vacante fera le bonheur des fausses teignes !<\/p>\n<p>Un autre paradis \u00e0 fausse teigne sont les hausses Dadant et leurs rayons b\u00e2tis, pendant leur stockage d&rsquo;hiver. Apr\u00e8s avoir r\u00e9colt\u00e9 le miel par centrifugation, les rayons presque vides sont donn\u00e9s \u00e0 l\u00e9cher aux abeilles. Une fois exempt de miel ces rayons vides sont stock\u00e9s avec leurs hausses en attente de la belle saison. Des rayons de cire, sans surveillance, la fausse teigne n&rsquo;attend que \u00e7a ! Il faut d&rsquo;infinies pr\u00e9cautions pour que la fausse teigne ne ponde pas dans ces hausses mais aussi pour que les petits rongeurs ne viennent pas y passer l&rsquo;hiver (en d\u00e9truisant les rayons). Certains ont m\u00eame recours \u00e0 des vapeurs de soufre pour tuer les larves. Mais les \u0153ufs r\u00e9sistent au soufre &#8230;<\/p>\n<h4>Bombe \u00e0 retardement<\/h4>\n<p>Le temps entre la ponte et l&rsquo;\u00e9closion varie de une \u00e0 deux semaines suivant la temp\u00e9rature. En dessous de 10\u00b0C l&rsquo;\u0153uf n&rsquo;\u00e9volue plus, mais ne meurt pas. Des \u0153ufs peuvent donc passer l&rsquo;hiver, m\u00eame si on les expose aux vapeurs de souffre. La larve se d\u00e9veloppe d&rsquo;autant plus vite que la temp\u00e9rature est \u00e9lev\u00e9e. L&rsquo;id\u00e9al pour elle \u00e9tant 30\u00b0C. En dessous de 15\u00b0C la larve survie au ralentie.<\/p>\n<h4>Pr\u00e9vention et traitements<\/h4>\n<p>* Bonne nouvelle ! Il existe deux r\u00e9pulsifs \u00e0 fausse teigne gratuits et efficaces : la lumi\u00e8re et le courant d&rsquo;air.<\/p>\n<p>Si vous devez prot\u00e9ger quelque chose contre la fausse teigne il faut qu&rsquo;il soit expos\u00e9 aux courants d&rsquo;air ET \u00e0 la lumi\u00e8re. Dans ce cas la teigne ne viendra pas y pondre. C&rsquo;est ainsi qu&rsquo;il faut stoker vos hausses et barrettes Warr\u00e9 (m\u00eame si elles ne contiennent pas de rayons de cire).<\/p>\n<p>* Les apiculteurs du nord de l&rsquo;Europe peuvent profiter des rigueurs de l&rsquo;hiver pour d\u00e9barrasser leurs rayons de la fausse teigne. En effet, le grand froid ( -10\u00b0C pendant plusieurs heures) tue les adultes, les larves et les \u0153ufs. Ceux du sud auront recours au cong\u00e9lateur !<\/p>\n<p>* Il existe un agent biologique de pr\u00e9vention contre la fausse teigne : Bacillus thuringiensis.<\/p>\n<p>Il s&rsquo;agit d&rsquo;une bact\u00e9rie qui tue la larve ou l&rsquo;insecte s&rsquo;il l&rsquo;ing\u00e8re. Sont action est d\u00e9j\u00e0 tr\u00e8s utilis\u00e9 en agriculture bio contre d&rsquo;autres types de papillons parasites. Il faut pulv\u00e9riser une solution contenant cette bact\u00e9rie sur tous les rayons. Aucun effet sur les abeilles ou l&rsquo;homme.<\/p>\n<p>Le \u00ab Ma\u00efs Bt \u00bb est un ma\u00efs OGM qui contient dans ses g\u00e8nes des g\u00e8nes extrait de Bacillus thuringiensis. Ce ma\u00efs se d\u00e9fend tout seul contre la pyrale du ma\u00efs.<\/p>\n<p>* L&rsquo;avantage du traitement par le soufre des hausses et des rayons pendant l&rsquo;hivernage est qu&rsquo;il n&rsquo;est pas soluble dans la cire. Contrairement au paradichlorobenz\u00e8ne (PDCB) qui est liposoluble et que l&rsquo;on retrouve dans la cire et ensuite dans le miel.<\/p>\n","protected":false},"excerpt":{"rendered":"<p>Les dangers sanitaires de cat\u00e9gorie 1 : Quatre maladies sont retenues pour leur rapidit\u00e9 de propagation et leur caract\u00e8re \u00e9pizootique. Elles sont d\u00e9nomm\u00e9es \u00ab\u00a0dangers sanitaires de cat\u00e9gorie 1 et 2\u00a0\u00bb (anciennement \u00ab\u00a0Maladies R\u00e9put\u00e9es Contagieuses\u00a0\u00bb) : Loque am\u00e9ricaine. Nos\u00e9mose. Infestation par Aethina Tumida. Infestation par Tropilaelaps.spp La Loque Am\u00e9ricaine &#8211; Paenibacillus larvae Paenibacillus larvae est une esp\u00e8ce de bact\u00e9rie responsable d\u2019une maladie connue sous le nom de loque am\u00e9ricaine (American foolbrood), qui touche sp\u00e9cifiquement le couvain (zone regroupant les larves) de&#8230;<\/p>\n<p class=\"read-more\"><a class=\"btn btn-default\" href=\"https:\/\/gdsa30.fr\/index.php\/maladies-et-parasites-des-colonies\/\">Lire la suite<span class=\"screen-reader-text\"> Lire la suite<\/span><\/a><\/p>\n","protected":false},"author":1,"featured_media":0,"parent":0,"menu_order":0,"comment_status":"closed","ping_status":"closed","template":"","meta":{"footnotes":""},"class_list":["post-9303","page","type-page","status-publish","hentry"],"_links":{"self":[{"href":"https:\/\/gdsa30.fr\/index.php\/wp-json\/wp\/v2\/pages\/9303","targetHints":{"allow":["GET"]}}],"collection":[{"href":"https:\/\/gdsa30.fr\/index.php\/wp-json\/wp\/v2\/pages"}],"about":[{"href":"https:\/\/gdsa30.fr\/index.php\/wp-json\/wp\/v2\/types\/page"}],"author":[{"embeddable":true,"href":"https:\/\/gdsa30.fr\/index.php\/wp-json\/wp\/v2\/users\/1"}],"replies":[{"embeddable":true,"href":"https:\/\/gdsa30.fr\/index.php\/wp-json\/wp\/v2\/comments?post=9303"}],"version-history":[{"count":20,"href":"https:\/\/gdsa30.fr\/index.php\/wp-json\/wp\/v2\/pages\/9303\/revisions"}],"predecessor-version":[{"id":9483,"href":"https:\/\/gdsa30.fr\/index.php\/wp-json\/wp\/v2\/pages\/9303\/revisions\/9483"}],"wp:attachment":[{"href":"https:\/\/gdsa30.fr\/index.php\/wp-json\/wp\/v2\/media?parent=9303"}],"curies":[{"name":"wp","href":"https:\/\/api.w.org\/{rel}","templated":true}]}}