{"id":9308,"date":"2018-02-14T18:05:53","date_gmt":"2018-02-14T17:05:53","guid":{"rendered":"http:\/\/gdsa30.fr\/?page_id=9308"},"modified":"2018-02-14T18:05:53","modified_gmt":"2018-02-14T17:05:53","slug":"les-interventions-de-la-saison-au-rucher","status":"publish","type":"page","link":"https:\/\/gdsa30.fr\/index.php\/les-interventions-de-la-saison-au-rucher\/","title":{"rendered":"Les interventions de la saison au rucher"},"content":{"rendered":"<p>Pemi\u00e8res interventions sur les ruches, \u00e0 la sortie de l\u2019hiver.<\/p>\n<p>Nettoyage du Plateau de fond.<\/p>\n<p>Le nettoyage des planchers peut-\u00eatre r\u00e9alis\u00e9 d\u00e8s que la temp\u00e9rature atteint 15\u00b0 afin de ne pas d\u00e9ranger des abeilles pr\u00e9matur\u00e9ment. L&rsquo;observation des d\u00e9chets sur les plateaux est riche d&rsquo;enseignements. C&rsquo;est l&#8217;empreinte de l&rsquo;\u00e9volution de la colonie pendant la p\u00e9riode hivernale.<\/p>\n<p>La technique est simple : la ruche est soulev\u00e9e, d\u00e9pos\u00e9e provisoirement sur un support, son plancher est enlev\u00e9,\u00a0 gratt\u00e9 et d\u00e9sinfect\u00e9 \u00e0 la flamme.<\/p>\n<p>Le plateau repos\u00e9, la ruche remise en place.<\/p>\n<p>Quelques observations :<\/p>\n<p>3 \u00e0 5 bandes de d\u00e9chets de longueurs diff\u00e9rentes en forme d&rsquo;ellipse.<\/p>\n<p>Ces bandes toujours situ\u00e9es \u00e0 l&rsquo;avant de la ruche confirment que la grappe hivernale s&rsquo;installe \u00e0 proximit\u00e9 du trou de vol, sa forme elliptique correspond \u00e0 la forme d&rsquo;une grappe en forme : tout va bien.<\/p>\n<p>Lorsque ces bandes sont brun fonc\u00e9 ou m\u00eame noires : les cadres sont \u00e2g\u00e9s et doivent \u00eatre renouvel\u00e9s.<\/p>\n<p>Des cristaux blancs sont m\u00e9lang\u00e9s aux d\u00e9chets : ce sont des provisions d&rsquo;hiver qui ont cristallis\u00e9. Attention aux r\u00e9serves qui s&rsquo;\u00e9puisent plus vite.<\/p>\n<p>Lorsque des abeilles mortes pendant l&rsquo;hiver gisent dispers\u00e9es sur toute la surface du plancher, les pattes \u00e9cart\u00e9es, nous avons la preuve que la grappe hivernale a \u00e9t\u00e9 d\u00e9rang\u00e9e. Quelques abeilles s&rsquo;en sont \u00e9loign\u00e9es, ont \u00e9t\u00e9 surprises par le froid et sont mortes. Prendre note de cette observation pour en \u00e9lucider la cause lors de la visite de printemps.<\/p>\n","protected":false},"excerpt":{"rendered":"<p>Pemi\u00e8res interventions sur les ruches, \u00e0 la sortie de l\u2019hiver. Nettoyage du Plateau de fond. Le nettoyage des planchers peut-\u00eatre r\u00e9alis\u00e9 d\u00e8s que la temp\u00e9rature atteint 15\u00b0 afin de ne pas d\u00e9ranger des abeilles pr\u00e9matur\u00e9ment. L&rsquo;observation des d\u00e9chets sur les plateaux est riche d&rsquo;enseignements. C&rsquo;est l&#8217;empreinte de l&rsquo;\u00e9volution de la colonie pendant la p\u00e9riode hivernale. La technique est simple : la ruche est soulev\u00e9e, d\u00e9pos\u00e9e provisoirement sur un support, son plancher est enlev\u00e9,\u00a0 gratt\u00e9 et d\u00e9sinfect\u00e9 \u00e0 la flamme. Le&#8230;<\/p>\n<p class=\"read-more\"><a class=\"btn btn-default\" href=\"https:\/\/gdsa30.fr\/index.php\/les-interventions-de-la-saison-au-rucher\/\">Lire la suite<span class=\"screen-reader-text\"> Lire la suite<\/span><\/a><\/p>\n","protected":false},"author":1,"featured_media":0,"parent":0,"menu_order":0,"comment_status":"closed","ping_status":"closed","template":"","meta":{"footnotes":""},"class_list":["post-9308","page","type-page","status-publish","hentry"],"_links":{"self":[{"href":"https:\/\/gdsa30.fr\/index.php\/wp-json\/wp\/v2\/pages\/9308","targetHints":{"allow":["GET"]}}],"collection":[{"href":"https:\/\/gdsa30.fr\/index.php\/wp-json\/wp\/v2\/pages"}],"about":[{"href":"https:\/\/gdsa30.fr\/index.php\/wp-json\/wp\/v2\/types\/page"}],"author":[{"embeddable":true,"href":"https:\/\/gdsa30.fr\/index.php\/wp-json\/wp\/v2\/users\/1"}],"replies":[{"embeddable":true,"href":"https:\/\/gdsa30.fr\/index.php\/wp-json\/wp\/v2\/comments?post=9308"}],"version-history":[{"count":1,"href":"https:\/\/gdsa30.fr\/index.php\/wp-json\/wp\/v2\/pages\/9308\/revisions"}],"predecessor-version":[{"id":9309,"href":"https:\/\/gdsa30.fr\/index.php\/wp-json\/wp\/v2\/pages\/9308\/revisions\/9309"}],"wp:attachment":[{"href":"https:\/\/gdsa30.fr\/index.php\/wp-json\/wp\/v2\/media?parent=9308"}],"curies":[{"name":"wp","href":"https:\/\/api.w.org\/{rel}","templated":true}]}}