{"id":9321,"date":"2018-02-14T18:17:05","date_gmt":"2018-02-14T17:17:05","guid":{"rendered":"http:\/\/gdsa30.fr\/?page_id=9321"},"modified":"2026-01-02T10:00:28","modified_gmt":"2026-01-02T09:00:28","slug":"declaration-de-rucher","status":"publish","type":"page","link":"https:\/\/gdsa30.fr\/index.php\/declaration-de-rucher\/","title":{"rendered":"D\u00e9claration de rucher"},"content":{"rendered":"\n<p>Tout apiculteur est tenu de d\u00e9clarer chaque ann\u00e9e entre le 1er septembre et le 31 d\u00e9cembre les colonies d\u2019abeilles dont il est propri\u00e9taire ou d\u00e9tenteur, en pr\u00e9cisant notamment leur nombre et leurs emplacements. Toute colonie doit \u00eatre d\u00e9clar\u00e9e, quelle que soit sa taille (en ruches, ruchettes, ruchettes de f\u00e9condation\/nuclei). Cette d\u00e9claration concourt \u00e0 une meilleure connaissance du cheptel apicole fran\u00e7ais et participe \u00e0 sa gestion sanitaire, notamment face \u00e0 la menace que repr\u00e9sente le parasite<em> Aethina Tumida<\/em>. Elle permet \u00e9galement d\u2019obtenir des aides europ\u00e9ennes dans le cadre du Plan apicole europ\u00e9en qui soutient la r\u00e9alisation d\u2019actions en faveur de la fili\u00e8re apicole fran\u00e7aise.<\/p>\n\n\n\n<p><strong>La d\u00e9claration est accessible en ligne ici<\/strong>:<strong>\u00a0<a href=\"https:\/\/agriculture-portail.6tzen.fr\/default\/requests\/Cerfa13995\/\"><mark style=\"background-color:rgba(0, 0, 0, 0)\" class=\"has-inline-color has-pale-cyan-blue-color\">Cerfa d\u00e9claration de ruchers<\/mark><\/a><\/strong><\/p>\n\n\n\n<h4 class=\"wp-block-heading\">D\u00e9tails pratiques&nbsp;sur la D\u00e9claration de D\u00e9tention et d\u2019Emplacement de rucher<\/h4>\n\n\n\n<ul class=\"wp-block-list\">\n<li>Elle est <strong>obligatoire chaque ann\u00e9e<\/strong> entre le 1\u00b0Septembre et le 31 D\u00e9cembre<\/li>\n\n\n\n<li>Mais elle peut \u00eatre renouvel\u00e9e en dehors de cette p\u00e9riode obligatoire&nbsp;: Elle <strong>doit \u00eatre refaite \u00e0 tout moment de l\u2019ann\u00e9e, apr\u00e8s chaque changement<\/strong> notable de votre cheptel (emplacements, nombre de colonies)&nbsp;; Il faut bien avoir conscience qu\u2019elle est votre justificatif de base aupr\u00e8s de votre assureur, elle se doit donc d\u2019\u00eatre \u00e0 jour en permanence.<\/li>\n\n\n\n<li>Une d\u00e9claration annule et remplace toujours la pr\u00e9c\u00e9dente.<\/li>\n\n\n\n<li>Elle est aussi indispensable pour adh\u00e9rer au GDSA30\u00a0: Joignez syst\u00e9matiquement votre r\u00e9c\u00e9piss\u00e9 \u00e0 votre demande d\u2019adh\u00e9sion. <strong>Le r\u00e9c\u00e9piss\u00e9 doit \u00eatre transf\u00e9r\u00e9 sur notre messagerie<\/strong> <a href=\"mailto:gdsa30@gmail.com\"><strong><mark style=\"background-color:rgba(0, 0, 0, 0)\" class=\"has-inline-color has-pale-cyan-blue-color\">gdsa30@gmail.com<\/mark><\/strong><\/a> (ce n\u2019est pas automatique).<\/li>\n<\/ul>\n\n\n\n<p>Le recensement des ruchers, leur implantation et le nombre des ruches d\u00e9tenues, resteront confidentiels, mais doivent \u00eatre connus pour le bon fonctionnement de notre Plan Sanitaire d\u2019Elevage ( PSE ).<\/p>\n\n\n\n<h4 class=\"wp-block-heading\">D\u00e9tails pratiques pour r\u00e9diger sa d\u00e9claration en ligne&nbsp;<\/h4>\n\n\n\n<p><strong>ATTENTION aux petits pi\u00e8ges:<\/strong><\/p>\n\n\n\n<ul class=\"wp-block-list\">\n<li>Si vous oubliez de noter votre NAPI il sera perdu, un nouveau NAPI vous sera attribu\u00e9<\/li>\n\n\n\n<li>Pour l&#8217;emplacement des ruchers, il est pr\u00e9f\u00e9rable de taper le code postal puis cliquer sur la commune ad\u00e9quate dans la&nbsp;fen\u00eatre&nbsp;de choix.<\/li>\n\n\n\n<li>Ne pas oublier de r\u00e9pondre \u00e0 la question anti-robot, au-dessous de l&rsquo;avertissement en rouge, dans le cadre \u00ab\u00a0Validation de la d\u00e9marche\u00a0\u00bb, ensuite seulement cliquer sur \u00ab\u00a0valider\u00a0\u00bb.<\/li>\n\n\n\n<li>Vous recevez instantan\u00e9ment un r\u00e9c\u00e9piss\u00e9 dans votre messagerie, uniquement si votre d\u00e9claration est enregistr\u00e9e.<\/li>\n<\/ul>\n","protected":false},"excerpt":{"rendered":"<p>Tout apiculteur est tenu de d\u00e9clarer chaque ann\u00e9e entre le 1er septembre et le 31 d\u00e9cembre les colonies d\u2019abeilles dont il est propri\u00e9taire ou d\u00e9tenteur, en pr\u00e9cisant notamment leur nombre et leurs emplacements. Toute colonie doit \u00eatre d\u00e9clar\u00e9e, quelle que soit sa taille (en ruches, ruchettes, ruchettes de f\u00e9condation\/nuclei). Cette d\u00e9claration concourt \u00e0 une meilleure connaissance du cheptel apicole fran\u00e7ais et participe \u00e0 sa gestion sanitaire, notamment face \u00e0 la menace que repr\u00e9sente le parasite Aethina Tumida. Elle permet \u00e9galement&#8230;<\/p>\n<p class=\"read-more\"><a class=\"btn btn-default\" href=\"https:\/\/gdsa30.fr\/index.php\/declaration-de-rucher\/\">Lire la suite<span class=\"screen-reader-text\"> Lire la suite<\/span><\/a><\/p>\n","protected":false},"author":1,"featured_media":0,"parent":0,"menu_order":0,"comment_status":"closed","ping_status":"closed","template":"","meta":{"footnotes":""},"class_list":["post-9321","page","type-page","status-publish","hentry"],"_links":{"self":[{"href":"https:\/\/gdsa30.fr\/index.php\/wp-json\/wp\/v2\/pages\/9321","targetHints":{"allow":["GET"]}}],"collection":[{"href":"https:\/\/gdsa30.fr\/index.php\/wp-json\/wp\/v2\/pages"}],"about":[{"href":"https:\/\/gdsa30.fr\/index.php\/wp-json\/wp\/v2\/types\/page"}],"author":[{"embeddable":true,"href":"https:\/\/gdsa30.fr\/index.php\/wp-json\/wp\/v2\/users\/1"}],"replies":[{"embeddable":true,"href":"https:\/\/gdsa30.fr\/index.php\/wp-json\/wp\/v2\/comments?post=9321"}],"version-history":[{"count":9,"href":"https:\/\/gdsa30.fr\/index.php\/wp-json\/wp\/v2\/pages\/9321\/revisions"}],"predecessor-version":[{"id":10851,"href":"https:\/\/gdsa30.fr\/index.php\/wp-json\/wp\/v2\/pages\/9321\/revisions\/10851"}],"wp:attachment":[{"href":"https:\/\/gdsa30.fr\/index.php\/wp-json\/wp\/v2\/media?parent=9321"}],"curies":[{"name":"wp","href":"https:\/\/api.w.org\/{rel}","templated":true}]}}