{"id":9324,"date":"2018-02-14T18:33:35","date_gmt":"2018-02-14T17:33:35","guid":{"rendered":"http:\/\/gdsa30.fr\/?page_id=9324"},"modified":"2018-02-14T18:33:35","modified_gmt":"2018-02-14T17:33:35","slug":"culture-apicole","status":"publish","type":"page","link":"https:\/\/gdsa30.fr\/index.php\/culture-apicole\/","title":{"rendered":"Culture apicole"},"content":{"rendered":"<h3>L&rsquo;Ane et l&rsquo;abeille<\/h3>\n<p>Auteur : Gilles Lapouge<br \/>\n\u00ab Francis Jammes est un tr\u00e8s beau po\u00e8te. Un jour, il a mis dans un quatrain un \u00e2ne et une abeille. Je me suis demand\u00e9 pourquoi il avait r\u00e9uni ces deux animaux.<br \/>\nJ\u2019ai compar\u00e9 les labeurs de l\u2019abeille avec la philosophie espi\u00e8gle de l\u2019\u00e2ne. J\u2019ai jet\u00e9 un \u0153il dans les ruches, dans l\u2019atelier o\u00f9 les hym\u00e9nopt\u00e8res fabriquent le nectar des dieux. Et j\u2019ai cru rep\u00e9rer le lieu o\u00f9 les deux animaux affichent leur ressemblance. Ce lieu est la sexualit\u00e9 : l\u2019insecte et le mammif\u00e8re d\u00e9fient la loi fondamentale : tu n\u2019aimeras pas un individu d\u2019une autre esp\u00e8ce que la tienne. Ils d\u00e9sob\u00e9issent. Ils aiment ceux qu\u2019ils aiment, et tant pis si les dieux froncent le sourcil. Pareille r\u00e9volte contre l\u2019ordre des choses est sans exemple. C\u2019est elle qui a permis \u00e0 l\u2019\u00e2ne d\u2019introduire sur la terre un individu qui n\u2019avait pas \u00e9t\u00e9 dessin\u00e9 dans les cartons de Dieu, le mulet, et \u00e0 l\u2019abeille de renouveler le miracle de la vie en faisant l\u2019amour avec les roses. \u00bb<br \/>\nGilles Lapouge<br \/>\n2014 Prix essai France T\u00e9l\u00e9visions<\/p>\n<h3>Papiculteur<\/h3>\n<p>Film de Sylv\u00e8re PETIT,<br \/>\navec les apprentis apiculteurs de Marvejols :<br \/>\n<iframe loading=\"lazy\" title=\"CINEMA ANIMA - APIS - PAPICULTEUR\" width=\"640\" height=\"360\" src=\"https:\/\/www.youtube.com\/embed\/XXRnXwX_cWI?feature=oembed\" frameborder=\"0\" allow=\"accelerometer; autoplay; clipboard-write; encrypted-media; gyroscope; picture-in-picture; web-share\" referrerpolicy=\"strict-origin-when-cross-origin\" allowfullscreen><\/iframe><\/p>\n<p>CINEMA ANIMA &#8211; APIS &#8211; PAPICULTEUR<br \/>\nune r\u00e9alisation collective<br \/>\ndes apprentis en apiculture<br \/>\ndu CFA-CFPPA de Marvejols<\/p>\n<p>Manuel AUG\u00c9<br \/>\nJ\u00e9r\u00f4me CLAVEL<br \/>\nDavid COVES<br \/>\nGulali DELIDAG<br \/>\nAlexandre LANNE-PETIT<br \/>\nAm\u00e9lie LAUNAY<br \/>\nNyhl GACHE<br \/>\nAxel GUILBERT<br \/>\nMicha\u00ebl MARTINEZ<br \/>\nVincent METRAL<br \/>\nM\u00e9ryll ZACKARIN<\/p>\n<p>dans le cadre de l&rsquo;action culturelle<br \/>\nCINEMA ANIMA<br \/>\ncoordonn\u00e9e et anim\u00e9e par<br \/>\nSylv\u00e8re PETIT<br \/>\nune production<br \/>\nLes arts buissonniers<br \/>\nLe Cin\u00e9-Th\u00e9\u00e2tre de St Chely d&rsquo;Apcher<br \/>\nLe CFA-CFPPA de Marvejols<br \/>\nen partenariat avec<br \/>\nla DRAC Languedoc-Roussillon<br \/>\nMusique<br \/>\nLaurent FELLOT<br \/>\nDavid COVES<\/p>\n<p>\u00a9 Les arts Buissonniers &#8211; mai 2014<br \/>\nCat\u00e9gorie<\/p>\n<p>Films et animations<br \/>\nLicence<br \/>\nLicence YouTube standard<\/p>\n<p>L&rsquo;apicultrice Sue HUBBELL a gard\u00e9 un souvenir extasi\u00e9 de ces moments ou l&rsquo;insecte le plus rationnel de la Cr\u00e9ation c\u00e8de \u00e0 la d\u00e9raison, \u00e0 l&rsquo;improvisation, \u00e0 l&rsquo;\u00e9motion. Elle raconte l&rsquo;arriv\u00e9e d&rsquo;un essaim: \u00abJe travaillais tranquillement le long de la rang\u00e9e de douze ruches dans un enclos lorsque je sentis mes cheveux se h\u00e9risser sur ma nuque. Levant la t\u00eate, je vis un nuage d&rsquo;abeilles qui volait dans ma direction, venant du nord, ,,,, Elles arrivaient en masse, amor\u00e7ant leur descente en tourbillon, puis d\u00e9crivant des spirales autour de moi et de l&rsquo;arbre. Je me retrouvais bient\u00f4t environn\u00e9e par l&rsquo;essaim des abeilles dont les palpitations d&rsquo;ailes faisaient doucement vibrer l&rsquo;air. Je ne sais combien de temps je suis rest\u00e9 ainsi. J&rsquo;avais perdu tout sens du temps et j&rsquo;\u00e9prouvais une sorte d&rsquo;excitation, l\u2019\u00e9quivalent \u00e9motionnel chez un humain de l&rsquo;effervescence printani\u00e8re, jubilatoire, qui qui s&rsquo;\u00e9tait empar\u00e9e des abeilles. Je demeurais immobile, je n&rsquo;\u00e9tait rien d&rsquo;autre pour les abeilles qu&rsquo;un objet autour duquel elles tournoyaient pour atteindre l&rsquo;endroit ou elles avaient d\u00e9cid\u00e9, d&rsquo;une fa\u00e7on que je ne pouvais conna\u00eetre, de se regrouper. Par ailleurs, je ne me sentais pas \u00e9trang\u00e8re \u00e0 elles et recevais toutes sortes de messages charg\u00e9s de sens sur un mode intense totalement \u00e9tranger au processus de la pens\u00e9e et du langage des hommes. Ma peau fr\u00e9missais, effleur\u00e9e au passage par les abeilles et j&rsquo;avais presque la sensation de faire partie de l&rsquo;essaim\u00bb<\/p>\n<p>Les abeilles emm\u00e9nagent ensuite dans le nouveau local que les \u00e9claireuses ont rep\u00e9r\u00e9, \u00ab Il leur a fallut environ vingt minutes pour entrer les unes derri\u00e8re les autres, la reine ,une longue abeille \u00e9l\u00e9gante, fut la derni\u00e8re \u00e0 franchir le seuil\u00bb<\/p>\n<h3>Les Ventileuses de Sylv\u00e8re Petit<\/h3>\n<p>from Jean-Michel Frodon<\/p>\n<p>Ce film de fiction aurait pu s&rsquo;appeler \u00ab\u00a0Une femme et des abeilles\u00a0\u00bb. A partir d&rsquo;une situation r\u00e9elle, les contraintes de la transhumance des essaims, le cin\u00e9aste Sylv\u00e8re PETIT met en sc\u00e8ne la r\u00e9alit\u00e9 et l&rsquo;imaginaire de notre rapport aux animaux.<\/p>\n<h3>Entre Miel et Terre<\/h3>\n<p>Un film de Sylv\u00e8re PETIT<br \/>\nIls avaient vingt ans.<br \/>\nIls voulaient \u00ab vivre autrement \u00bb, vivre loin de la folie des hommes, vivre en harmonie avec la nature.<br \/>\nPour cela, Sam, Manu, Florent et Timoth\u00e9e avaient choisi l&rsquo;apiculture et j&rsquo;avais film\u00e9 leur d\u00e9sir, leur rage, leur engagement mais aussi leur na\u00efvet\u00e9 alors qu&rsquo;ils terminaient leur 1\u00e8re ann\u00e9e de formation.<br \/>\nDix ans plus tard ils sont apiculteurs.<br \/>\nDix ans plus tard, ils composent avec les contraintes \u00e9conomiques, familiales, font face \u00e0 la mortalit\u00e9 toujours plus grande des abeilles et, d\u00e9j\u00e0, sans le savoir, inventent une nouvelle ruralit\u00e9.<br \/>\nCe film se glisse entre le r\u00eave et la r\u00e9alit\u00e9&#8230; Entre miel &amp; terre.<br \/>\nUne coproduction<br \/>\nFrance T\u00e9l\u00e9visions<br \/>\nPages &amp; Images<br \/>\nContact : pagesimages@free.fr<\/p>\n<p>52&prime;<br \/>\nMontage : Anna RICHE<br \/>\nMusique : Laurent FELLOT<\/p>\n<p>\u00a9 France T\u00e9l\u00e9visions \/ Pages &amp; Images &#8211; 2012<\/p>\n<p><iframe loading=\"lazy\" title=\"ENTRE MIEL ET TERRE BA\" width=\"640\" height=\"360\" src=\"https:\/\/www.youtube.com\/embed\/rW8y9DT-1bo?feature=oembed\" frameborder=\"0\" allow=\"accelerometer; autoplay; clipboard-write; encrypted-media; gyroscope; picture-in-picture; web-share\" referrerpolicy=\"strict-origin-when-cross-origin\" allowfullscreen><\/iframe><br \/>\nhttp:\/\/www.pagesimages.com\/contacts-9<\/p>\n","protected":false},"excerpt":{"rendered":"<p>L&rsquo;Ane et l&rsquo;abeille Auteur : Gilles Lapouge \u00ab Francis Jammes est un tr\u00e8s beau po\u00e8te. Un jour, il a mis dans un quatrain un \u00e2ne et une abeille. Je me suis demand\u00e9 pourquoi il avait r\u00e9uni ces deux animaux. J\u2019ai compar\u00e9 les labeurs de l\u2019abeille avec la philosophie espi\u00e8gle de l\u2019\u00e2ne. J\u2019ai jet\u00e9 un \u0153il dans les ruches, dans l\u2019atelier o\u00f9 les hym\u00e9nopt\u00e8res fabriquent le nectar des dieux. Et j\u2019ai cru rep\u00e9rer le lieu o\u00f9 les deux animaux affichent leur&#8230;<\/p>\n<p class=\"read-more\"><a class=\"btn btn-default\" href=\"https:\/\/gdsa30.fr\/index.php\/culture-apicole\/\">Lire la suite<span class=\"screen-reader-text\"> Lire la suite<\/span><\/a><\/p>\n","protected":false},"author":1,"featured_media":0,"parent":0,"menu_order":0,"comment_status":"closed","ping_status":"closed","template":"","meta":{"footnotes":""},"class_list":["post-9324","page","type-page","status-publish","hentry"],"_links":{"self":[{"href":"https:\/\/gdsa30.fr\/index.php\/wp-json\/wp\/v2\/pages\/9324","targetHints":{"allow":["GET"]}}],"collection":[{"href":"https:\/\/gdsa30.fr\/index.php\/wp-json\/wp\/v2\/pages"}],"about":[{"href":"https:\/\/gdsa30.fr\/index.php\/wp-json\/wp\/v2\/types\/page"}],"author":[{"embeddable":true,"href":"https:\/\/gdsa30.fr\/index.php\/wp-json\/wp\/v2\/users\/1"}],"replies":[{"embeddable":true,"href":"https:\/\/gdsa30.fr\/index.php\/wp-json\/wp\/v2\/comments?post=9324"}],"version-history":[{"count":1,"href":"https:\/\/gdsa30.fr\/index.php\/wp-json\/wp\/v2\/pages\/9324\/revisions"}],"predecessor-version":[{"id":9325,"href":"https:\/\/gdsa30.fr\/index.php\/wp-json\/wp\/v2\/pages\/9324\/revisions\/9325"}],"wp:attachment":[{"href":"https:\/\/gdsa30.fr\/index.php\/wp-json\/wp\/v2\/media?parent=9324"}],"curies":[{"name":"wp","href":"https:\/\/api.w.org\/{rel}","templated":true}]}}