{"id":9327,"date":"2018-02-14T18:37:22","date_gmt":"2018-02-14T17:37:22","guid":{"rendered":"http:\/\/gdsa30.fr\/?page_id=9327"},"modified":"2018-02-14T18:37:22","modified_gmt":"2018-02-14T17:37:22","slug":"entomologie","status":"publish","type":"page","link":"https:\/\/gdsa30.fr\/index.php\/entomologie\/","title":{"rendered":"Entomologie"},"content":{"rendered":"<h2>Entomologie<\/h2>\n<h3>Les P\u00e9lop\u00e9es<\/h3>\n<p>Insecte (sph\u00e9gid\u00e9) \u00e0 l&rsquo;abdomen reli\u00e9 au corselet par un long et fin p\u00e9doncule. (Les p\u00e9lop\u00e9es construisent des nids en terre et les approvisionnent avec des araign\u00e9es qu&rsquo;ils ont paralys\u00e9es.)<\/p>\n<p>\u00ab\u00a0Les P\u00e9lop\u00e9es vivent dans les contr\u00e9es chaudes. Frileux \u00e0 l&rsquo;exc\u00e8s, ils s&rsquo;\u00e9tablissent volontiers dans la demeure de l&rsquo;homme, nullement troubl\u00e9s par le va-et-vient de ceux dont ils se font l&rsquo;h\u00f4te. Ayant explor\u00e9 les recoins de l&rsquo;habitation, l&rsquo;insecte choisit une place \u00e0 son go\u00fbt, autant que possible d&rsquo;une temp\u00e9rature douce et \u00e9gale, puis s&rsquo;en va qu\u00e9rir les mat\u00e9riaux qui constitueront le berceau de sa famille.<\/p>\n<p>Avec de la terre humect\u00e9e de salive, qu&rsquo;il apporte pelote par pelote (photos) il construit une cellule appliqu\u00e9e contre la muraille ou contre un objet quelconque qui n&rsquo;a nul besoin d&rsquo;\u00eatre rigide, car on l&rsquo;a vu s&rsquo;installer dans des vieux v\u00eatements pendus \u00e0 un mur, une casquette d&rsquo;hiver inutilis\u00e9e et m\u00eame ma\u00e7onner un nid aux rideaux des fen\u00eatres\u00a0\u00bb<\/p>\n<p>(In \u00ab\u00a0vie et m\u0153urs des araign\u00e9es\u00a0\u00bb de MAURICE THOMAS. \u00e9ditions Payot 1953)<\/p>\n<p>NDLR : Chez FABRE \u00e0 l&rsquo;Harmas, des P\u00e9lop\u00e9es avaient construit leur nid dans la chemin\u00e9e, mais \u00e0 l&rsquo;abri de la fum\u00e9e et des flammes !<\/p>\n<p>* On a signal\u00e9 des \u00ab\u00a0gu\u00eapes\u00a0\u00bb qui avaient \u00e9difi\u00e9 600 cellules dans une seule meule de foin, chaque cellule contenant une dizaine d&rsquo;araign\u00e9es ! (MILLOT, 1949)<\/p>\n<h3>Le Philante Apivore<\/h3>\n<p>C&rsquo;est une gu\u00eape fouisseuse qui creuse des galeries. Au fond de la galerie, une demi-douzaine de cellules garnies d&rsquo;Abeilles. La femelle Philanthe est une chasseuse d&rsquo;Abeilles, et plus pr\u00e9cis\u00e9ment d&rsquo;Abeilles mellif\u00e8res qu&rsquo;elle pique avant de les emporter sous son abdomen, tenues par ses pattes avant, vers une cellule de sa galerie. Elle vide auparavent consciencieusement l&rsquo;Abeille de sa cargaison de miel, en pressant son jabot, l\u00e9chant les gouttes de miel, avant de la d\u00e9poser dans une cellule. Elle y pondra un \u0153uf, et sa larve, log\u00e9e dans son garde-manger, va y d\u00e9vorer les abeilles. 2 ou 3 pour les m\u00e2les et une ration plus grosse dans les cellules des femelles.<\/p>\n<h3>La C\u00e9toine dor\u00e9e<\/h3>\n<p>La c\u00e9toine dor\u00e9e (Cetonia aurata) est un magnifique insecte de couleur verte susceptible au printemps de s\u2019introduire dans la ruche pour y occasionner quelques d\u00e9g\u00e2ts.<\/p>\n<p>Ce col\u00e9opt\u00e8re de la famille des Cetonidae \u00e0 la belle couleur vert m\u00e9tallis\u00e9 (avec des variances chromatiques jaune, bleue ou rouge extraordinaires) semble tout droit issu de la s\u00e9pulture d\u2019un pharaon.<\/p>\n<p>Tandis que la larve se nourrit de bois d\u00e9compos\u00e9 (saxoproxylophage), l\u2019adulte coupe les \u00e9tamines des fleurs pour en consommer le pollen. Il ne rechigne pas \u00e0 s\u2019introduire dans les ruches au mois de mai pour y consommer cire et miel, creusant des rigoles sinueuses dans les rayons.<\/p>\n<p>&nbsp;<\/p>\n<p>&nbsp;<\/p>\n","protected":false},"excerpt":{"rendered":"<p>Entomologie Les P\u00e9lop\u00e9es Insecte (sph\u00e9gid\u00e9) \u00e0 l&rsquo;abdomen reli\u00e9 au corselet par un long et fin p\u00e9doncule. (Les p\u00e9lop\u00e9es construisent des nids en terre et les approvisionnent avec des araign\u00e9es qu&rsquo;ils ont paralys\u00e9es.) \u00ab\u00a0Les P\u00e9lop\u00e9es vivent dans les contr\u00e9es chaudes. Frileux \u00e0 l&rsquo;exc\u00e8s, ils s&rsquo;\u00e9tablissent volontiers dans la demeure de l&rsquo;homme, nullement troubl\u00e9s par le va-et-vient de ceux dont ils se font l&rsquo;h\u00f4te. Ayant explor\u00e9 les recoins de l&rsquo;habitation, l&rsquo;insecte choisit une place \u00e0 son go\u00fbt, autant que possible d&rsquo;une temp\u00e9rature&#8230;<\/p>\n<p class=\"read-more\"><a class=\"btn btn-default\" href=\"https:\/\/gdsa30.fr\/index.php\/entomologie\/\">Lire la suite<span class=\"screen-reader-text\"> Lire la suite<\/span><\/a><\/p>\n","protected":false},"author":1,"featured_media":0,"parent":0,"menu_order":0,"comment_status":"closed","ping_status":"closed","template":"","meta":{"footnotes":""},"class_list":["post-9327","page","type-page","status-publish","hentry"],"_links":{"self":[{"href":"https:\/\/gdsa30.fr\/index.php\/wp-json\/wp\/v2\/pages\/9327","targetHints":{"allow":["GET"]}}],"collection":[{"href":"https:\/\/gdsa30.fr\/index.php\/wp-json\/wp\/v2\/pages"}],"about":[{"href":"https:\/\/gdsa30.fr\/index.php\/wp-json\/wp\/v2\/types\/page"}],"author":[{"embeddable":true,"href":"https:\/\/gdsa30.fr\/index.php\/wp-json\/wp\/v2\/users\/1"}],"replies":[{"embeddable":true,"href":"https:\/\/gdsa30.fr\/index.php\/wp-json\/wp\/v2\/comments?post=9327"}],"version-history":[{"count":1,"href":"https:\/\/gdsa30.fr\/index.php\/wp-json\/wp\/v2\/pages\/9327\/revisions"}],"predecessor-version":[{"id":9328,"href":"https:\/\/gdsa30.fr\/index.php\/wp-json\/wp\/v2\/pages\/9327\/revisions\/9328"}],"wp:attachment":[{"href":"https:\/\/gdsa30.fr\/index.php\/wp-json\/wp\/v2\/media?parent=9327"}],"curies":[{"name":"wp","href":"https:\/\/api.w.org\/{rel}","templated":true}]}}