{"id":9332,"date":"2018-02-14T18:41:54","date_gmt":"2018-02-14T17:41:54","guid":{"rendered":"http:\/\/gdsa30.fr\/?page_id=9332"},"modified":"2025-12-09T17:39:55","modified_gmt":"2025-12-09T16:39:55","slug":"registre-delevage","status":"publish","type":"page","link":"https:\/\/gdsa30.fr\/index.php\/registre-delevage\/","title":{"rendered":"Registre d&rsquo;\u00e9levage"},"content":{"rendered":"<p>Tenir un registre d\u2019\u00e9levage est une obligation pour tous les apiculteurs. L\u2019objectif est d\u2019assurer la tra\u00e7abilit\u00e9 des interventions sanitaires sur le cheptel.<\/p>\n<p style=\"text-align: center;\"><strong><span style=\"color: #ff0000;\">QUELLES INFORMATIONS DOIVENT Y FIGURER\u00a0?<\/span><\/strong><\/p>\n<ul>\n<li>Une fiche synth\u00e9tique des caract\u00e9ristiques de l\u2019exploitation (nom du d\u00e9tenteur, adresse, num\u00e9ro d\u2019apiculteur et num\u00e9ro Siret ou Numagrit).<\/li>\n<li>Une fiche synth\u00e9tique des donn\u00e9es concernant l\u2019encadrement technique et sanitaire.<\/li>\n<li>Les donn\u00e9es relatives aux interventions sanitaires (num\u00e9ro de rucher, emplacement, dates,<br \/>interventions, remarques, analyses, traitements, ordonnances).<\/li>\n<li>Les donn\u00e9es relatives aux traitements m\u00e9dicamenteux (date, maladie, traitement, modalit\u00e9<br \/>d\u2019application, nombre de ruches concern\u00e9es, isolement, remarque).<\/li>\n<li>Y joindre\u00a0obligatoirement : les ordonnances v\u00e9t\u00e9rinaires, les analyses de laboratoire avec les<br \/>r\u00e9sultats, les factures d\u2019achat des m\u00e9dicaments, les comptes rendus de visite sanitaire<br \/>(documents \u00e0 conserver cinq ans)\u2026<\/li>\n<li>Facultatif\u00a0: le registre d\u2019\u00e9levage peut \u00eatre compl\u00e9t\u00e9 par les informations relatives au nourrissement,<br \/>aux mouvements des colonies,<\/li>\n<\/ul>\n<p>De nombreux registres sont disponibles sur internet, <a href=\"http:\/\/www.mathieua.fr\/blog\/wp-content\/uploads\/2017\/01\/registre.pdf\">par exemple ici<\/a>.<br \/>Le registre \u00e9dit\u00e9 par l&rsquo;ITSAP peut \u00eatre <a href=\"https:\/\/acta-editions.com\/shop\/product\/registre-d-elevage-1441?search=registre\">command\u00e9 en ligne<\/a>.<\/p>\n<p><span style=\"color: #ff0000;\">Mon Registre d&rsquo;\u00e9levage<\/span> (fichier t\u00e9l\u00e9chargeable au format pdf) : http:\/\/gdsa30.fr\/wp-content\/uploads\/2022\/03\/5-Mon-registre-delevage.pdf<\/p>\n\n\n<div data-wp-interactive=\"core\/file\" class=\"wp-block-file\"><object data-wp-bind--hidden=\"!state.hasPdfPreview\" hidden class=\"wp-block-file__embed\" data=\"http:\/\/gdsa30.fr\/wp-content\/uploads\/2022\/03\/5-Mon-registre-delevage.pdf\" type=\"application\/pdf\" style=\"width:100%;height:200px\" aria-label=\"Contenu embarqu\u00e9 5-Mon-registre-delevage.\"><\/object><a id=\"wp-block-file--media-11340743-d992-4e45-9fa1-9c6a6b0c9472\" href=\"http:\/\/gdsa30.fr\/wp-content\/uploads\/2022\/03\/5-Mon-registre-delevage.pdf\">5-Mon-registre-delevage<\/a><a href=\"http:\/\/gdsa30.fr\/wp-content\/uploads\/2022\/03\/5-Mon-registre-delevage.pdf\" class=\"wp-block-file__button wp-element-button\" download aria-describedby=\"wp-block-file--media-11340743-d992-4e45-9fa1-9c6a6b0c9472\">T\u00e9l\u00e9charger<\/a><\/div>\n","protected":false},"excerpt":{"rendered":"<p>Tenir un registre d\u2019\u00e9levage est une obligation pour tous les apiculteurs. L\u2019objectif est d\u2019assurer la tra\u00e7abilit\u00e9 des interventions sanitaires sur le cheptel. QUELLES INFORMATIONS DOIVENT Y FIGURER\u00a0? Une fiche synth\u00e9tique des caract\u00e9ristiques de l\u2019exploitation (nom du d\u00e9tenteur, adresse, num\u00e9ro d\u2019apiculteur et num\u00e9ro Siret ou Numagrit). Une fiche synth\u00e9tique des donn\u00e9es concernant l\u2019encadrement technique et sanitaire. Les donn\u00e9es relatives aux interventions sanitaires (num\u00e9ro de rucher, emplacement, dates,interventions, remarques, analyses, traitements, ordonnances). Les donn\u00e9es relatives aux traitements m\u00e9dicamenteux (date, maladie, traitement, modalit\u00e9d\u2019application,&#8230;<\/p>\n<p class=\"read-more\"><a class=\"btn btn-default\" href=\"https:\/\/gdsa30.fr\/index.php\/registre-delevage\/\">Lire la suite<span class=\"screen-reader-text\"> Lire la suite<\/span><\/a><\/p>\n","protected":false},"author":1,"featured_media":0,"parent":0,"menu_order":0,"comment_status":"closed","ping_status":"closed","template":"","meta":{"footnotes":""},"class_list":["post-9332","page","type-page","status-publish","hentry"],"_links":{"self":[{"href":"https:\/\/gdsa30.fr\/index.php\/wp-json\/wp\/v2\/pages\/9332","targetHints":{"allow":["GET"]}}],"collection":[{"href":"https:\/\/gdsa30.fr\/index.php\/wp-json\/wp\/v2\/pages"}],"about":[{"href":"https:\/\/gdsa30.fr\/index.php\/wp-json\/wp\/v2\/types\/page"}],"author":[{"embeddable":true,"href":"https:\/\/gdsa30.fr\/index.php\/wp-json\/wp\/v2\/users\/1"}],"replies":[{"embeddable":true,"href":"https:\/\/gdsa30.fr\/index.php\/wp-json\/wp\/v2\/comments?post=9332"}],"version-history":[{"count":7,"href":"https:\/\/gdsa30.fr\/index.php\/wp-json\/wp\/v2\/pages\/9332\/revisions"}],"predecessor-version":[{"id":10682,"href":"https:\/\/gdsa30.fr\/index.php\/wp-json\/wp\/v2\/pages\/9332\/revisions\/10682"}],"wp:attachment":[{"href":"https:\/\/gdsa30.fr\/index.php\/wp-json\/wp\/v2\/media?parent=9332"}],"curies":[{"name":"wp","href":"https:\/\/api.w.org\/{rel}","templated":true}]}}