{"id":9390,"date":"2018-02-21T17:33:40","date_gmt":"2018-02-21T16:33:40","guid":{"rendered":"http:\/\/gdsa30.fr\/?page_id=9390"},"modified":"2018-02-21T17:33:40","modified_gmt":"2018-02-21T16:33:40","slug":"reseau-action-contre-le-varroa","status":"publish","type":"page","link":"https:\/\/gdsa30.fr\/index.php\/reseau-action-contre-le-varroa\/","title":{"rendered":"R\u00e9seau action contre le varroa"},"content":{"rendered":"<h2>Mobilisation nationale contre le fl\u00e9au du varroa : vaste enqu\u00eate participative des pratiques de chacun.<\/h2>\n<h3>Pourquoi une vaste enqu\u00eate participative des pratiques ?<\/h3>\n<p>Chaque apiculteur dispose d\u2019outils pour combattre le varroa. L\u2019enqu\u00eate participative permettra de savoir comment certaines armes sont collectivement utilis\u00e9es et de disposer ainsi d\u2019une image de la qualit\u00e9 de la lutte collective indispensable face \u00e0 un pr\u00e9dateur tel que le varroa. Les donn\u00e9es obtenues permettront d&rsquo;adapter les strat\u00e9gies sanitaires des GDS aux niveaux local et national afin de rendre plus efficiente la maitrise du varroa par tous les apiculteurs. Le traitement des enregistrements ne vise pas \u00e0 la production de donn\u00e9es scientifiques ou \u00e9pid\u00e9miologiques.<\/p>\n<h3>L\u2019approche participative contre le varroa ? Un axe de lutte \u00e0 ne pas n\u00e9gliger.<\/h3>\n<p>L\u2019acte consenti par chaque apiculteur de t\u00e9moigner, via une approche participative, de sa lutte individuelle contre le varroa est un acte fort, jamais insignifiant. A l\u2019\u00e9chelle individuelle, chacun peut en effet s\u2019interroger sur le sens d\u2019un tel acte, l\u2019estimant peu digne d\u2019int\u00e9r\u00eat : c\u2019est une erreur, ce partage permet d\u2019appr\u00e9hender l\u2019impact de sa propre lutte sur une plus grande \u00e9chelle, mais aussi d\u2019\u00e9largir sa vision sur la lutte men\u00e9e \u00e0 l\u2019\u00e9chelle d\u00e9partementale, r\u00e9gionale, nationale.<\/p>\n<h3>\nParticipons tous !<\/h3>\n<p>Allons sous <a href=\"https:\/\/www.sante-animale.com\/apiculture\/\">https:\/\/www.sante-animale.com\/apiculture\/<\/a> sur le lien \u00abenqu\u00eate participative \u00bb<br \/>\nLa Plateforme en ligne participative est en libre acc\u00e8s, sans identification autre que votre commune. Exprimez-vous-y librement : cette plateforme sanitaire des GDS con\u00e7ue pour cette premi\u00e8re enqu\u00eate restitue imm\u00e9diatement la situation locale et r\u00e9gionale relative \u00e0 4 axes de lutte en affichant :<\/p>\n<p>\u2022 Le % d\u2019apiculteurs utilisant un m\u00e9dicament sous AMM.<br \/>\n\u2022 Le % d\u2019apiculteurs ayant effectu\u00e9 une rotation de mol\u00e9cules au cours des 4 derni\u00e8res ann\u00e9es.<br \/>\n\u2022 Le % d\u2019apiculteurs pratiquant une m\u00e9thode zootechnique de lutte.<br \/>\n\u2022 Le % d\u2019apiculteurs effectuant un comptage varroa.<\/p>\n<p>Ces pratiques, nombre d\u2019apiculteurs les effectuent r\u00e9guli\u00e8rement. D\u2019autres veulent en parler, d\u2019autres les ignorent. D\u2019o\u00f9 l\u2019importance d\u2019entrainer par cette dynamique participative tout le monde, et notamment les moins initi\u00e9s. C\u2019est le sens de la dimension collective de cette enqu\u00eate. Conseils locaux et bonnes pratiques devraient naturellement suivre.<\/p>\n<p>Message de G.D.S. France. Action financ\u00e9e par l&rsquo;\u00c9tat et France Agri Mer.<\/p>\n<p><img loading=\"lazy\" decoding=\"async\" class=\"alignnone size-full wp-image-9391\" src=\"http:\/\/gdsa30.fr\/wp-content\/uploads\/2018\/02\/varroa.png\" alt=\"\" width=\"1045\" height=\"443\" \/><\/p>\n<p>Le Varroa est une menace pour l&rsquo;apiculture fran\u00e7aise : cet acarien provoque des mortalit\u00e9s d\u2019abeilles, d\u2019importantes pertes \u00e9conomiques. Son impact sur les colonies est trop souvent sous-estim\u00e9 ! Ensemble \u00e9tablissons un \u00e9tat des lieux de nos pratiques de lutte.<\/p>\n<p>&nbsp;<\/p>\n","protected":false},"excerpt":{"rendered":"<p>Mobilisation nationale contre le fl\u00e9au du varroa : vaste enqu\u00eate participative des pratiques de chacun. Pourquoi une vaste enqu\u00eate participative des pratiques ? Chaque apiculteur dispose d\u2019outils pour combattre le varroa. L\u2019enqu\u00eate participative permettra de savoir comment certaines armes sont collectivement utilis\u00e9es et de disposer ainsi d\u2019une image de la qualit\u00e9 de la lutte collective indispensable face \u00e0 un pr\u00e9dateur tel que le varroa. Les donn\u00e9es obtenues permettront d&rsquo;adapter les strat\u00e9gies sanitaires des GDS aux niveaux local et national afin&#8230;<\/p>\n<p class=\"read-more\"><a class=\"btn btn-default\" href=\"https:\/\/gdsa30.fr\/index.php\/reseau-action-contre-le-varroa\/\">Lire la suite<span class=\"screen-reader-text\"> Lire la suite<\/span><\/a><\/p>\n","protected":false},"author":1,"featured_media":0,"parent":0,"menu_order":0,"comment_status":"closed","ping_status":"closed","template":"","meta":{"footnotes":""},"class_list":["post-9390","page","type-page","status-publish","hentry"],"_links":{"self":[{"href":"https:\/\/gdsa30.fr\/index.php\/wp-json\/wp\/v2\/pages\/9390","targetHints":{"allow":["GET"]}}],"collection":[{"href":"https:\/\/gdsa30.fr\/index.php\/wp-json\/wp\/v2\/pages"}],"about":[{"href":"https:\/\/gdsa30.fr\/index.php\/wp-json\/wp\/v2\/types\/page"}],"author":[{"embeddable":true,"href":"https:\/\/gdsa30.fr\/index.php\/wp-json\/wp\/v2\/users\/1"}],"replies":[{"embeddable":true,"href":"https:\/\/gdsa30.fr\/index.php\/wp-json\/wp\/v2\/comments?post=9390"}],"version-history":[{"count":1,"href":"https:\/\/gdsa30.fr\/index.php\/wp-json\/wp\/v2\/pages\/9390\/revisions"}],"predecessor-version":[{"id":9392,"href":"https:\/\/gdsa30.fr\/index.php\/wp-json\/wp\/v2\/pages\/9390\/revisions\/9392"}],"wp:attachment":[{"href":"https:\/\/gdsa30.fr\/index.php\/wp-json\/wp\/v2\/media?parent=9390"}],"curies":[{"name":"wp","href":"https:\/\/api.w.org\/{rel}","templated":true}]}}