{"id":9421,"date":"2018-04-29T18:45:02","date_gmt":"2018-04-29T16:45:02","guid":{"rendered":"http:\/\/gdsa30.fr\/?page_id=9421"},"modified":"2026-01-02T10:54:35","modified_gmt":"2026-01-02T09:54:35","slug":"les-bonnes-pratiques-apicoles","status":"publish","type":"page","link":"https:\/\/gdsa30.fr\/index.php\/les-bonnes-pratiques-apicoles\/","title":{"rendered":"Les bonnes pratiques apicoles"},"content":{"rendered":"\n<p>Tous les apiculteurs (professionnels, pluriactifs, de loisir) trouveront r\u00e9unies dans <a href=\"http:\/\/bonnes-pratiques.itsap.asso.fr\/\"><strong><mark style=\"background-color:rgba(0, 0, 0, 0)\" class=\"has-inline-color has-vivid-cyan-blue-color\">ce classeur \u00e9dit\u00e9 par l&rsquo;ITSAP<\/mark><\/strong><\/a> les bonnes pratiques n\u00e9cessaires \u00e0 la gestion d\u2019un cheptel apiaire et d\u2019une miellerie. Qu\u2019ils soient d\u00e9butants, exp\u00e9riment\u00e9s ou en formation. Cet ouvrage constitue \u00e9galement un socle sur lequel pourront s\u2019appuyer les formateurs des ruchers \u00e9coles, les enseignants des formations apicoles ou les techniciens en appui aux exploitations.<\/p>\n\n\n\n<ul class=\"wp-block-list\">\n<li>Chapitre R : conduite des ruchers (l\u2019emplacement du rucher, la gestion des cires, etc.)<\/li>\n\n\n\n<li>Chapitre E : \u00e9levage des reines<\/li>\n\n\n\n<li>Chapitre S : sant\u00e9 des colonies (r\u00e9agir en cas d\u2019intoxication, g\u00e9rer les colonies malades, etc.)<\/li>\n\n\n\n<li>Chapitre M : connaissance, pr\u00e9vention, surveillance et lutte contre les principales maladies et agresseurs des colonies<\/li>\n\n\n\n<li>Chapitre C : composition et contaminants du miel<\/li>\n\n\n\n<li>Chapitre H : hygi\u00e8ne, en production de miel, de pollen et de gel\u00e9e royale (les b\u00e2timents, leur nettoyage, la tra\u00e7abilit\u00e9, etc.)<\/li>\n\n\n\n<li>Chapitre P : s\u00e9curit\u00e9 et pr\u00e9vention des risques (se prot\u00e9ger, r\u00e9agir en cas d\u2019allergie, etc.)<\/li>\n\n\n\n<li>Chapitre D : documents \u00e0 conserver par l\u2019apiculteur<\/li>\n<\/ul>\n\n\n\n<p><\/p>\n","protected":false},"excerpt":{"rendered":"<p>Tous les apiculteurs (professionnels, pluriactifs, de loisir) trouveront r\u00e9unies dans ce classeur \u00e9dit\u00e9 par l&rsquo;ITSAP les bonnes pratiques n\u00e9cessaires \u00e0 la gestion d\u2019un cheptel apiaire et d\u2019une miellerie. Qu\u2019ils soient d\u00e9butants, exp\u00e9riment\u00e9s ou en formation. Cet ouvrage constitue \u00e9galement un socle sur lequel pourront s\u2019appuyer les formateurs des ruchers \u00e9coles, les enseignants des formations apicoles ou les techniciens en appui aux exploitations.<\/p>\n","protected":false},"author":1,"featured_media":0,"parent":0,"menu_order":0,"comment_status":"closed","ping_status":"closed","template":"","meta":{"footnotes":""},"class_list":["post-9421","page","type-page","status-publish","hentry"],"_links":{"self":[{"href":"https:\/\/gdsa30.fr\/index.php\/wp-json\/wp\/v2\/pages\/9421","targetHints":{"allow":["GET"]}}],"collection":[{"href":"https:\/\/gdsa30.fr\/index.php\/wp-json\/wp\/v2\/pages"}],"about":[{"href":"https:\/\/gdsa30.fr\/index.php\/wp-json\/wp\/v2\/types\/page"}],"author":[{"embeddable":true,"href":"https:\/\/gdsa30.fr\/index.php\/wp-json\/wp\/v2\/users\/1"}],"replies":[{"embeddable":true,"href":"https:\/\/gdsa30.fr\/index.php\/wp-json\/wp\/v2\/comments?post=9421"}],"version-history":[{"count":2,"href":"https:\/\/gdsa30.fr\/index.php\/wp-json\/wp\/v2\/pages\/9421\/revisions"}],"predecessor-version":[{"id":10861,"href":"https:\/\/gdsa30.fr\/index.php\/wp-json\/wp\/v2\/pages\/9421\/revisions\/10861"}],"wp:attachment":[{"href":"https:\/\/gdsa30.fr\/index.php\/wp-json\/wp\/v2\/media?parent=9421"}],"curies":[{"name":"wp","href":"https:\/\/api.w.org\/{rel}","templated":true}]}}