{"id":9766,"date":"2020-02-05T20:13:10","date_gmt":"2020-02-05T19:13:10","guid":{"rendered":"http:\/\/gdsa30.fr\/?page_id=9766"},"modified":"2025-01-15T20:22:14","modified_gmt":"2025-01-15T19:22:14","slug":"nos-reseaux-de-lutte","status":"publish","type":"page","link":"https:\/\/gdsa30.fr\/index.php\/nos-reseaux-de-lutte\/","title":{"rendered":"Notre r\u00e9seau \u00ab\u00a0Pi\u00e9geurs\u00a0\u00bb"},"content":{"rendered":"\n<p class=\"has-medium-font-size\">Depuis <strong>2024<\/strong>, notre r\u00e9seau \u00ab\u00a0Pi\u00e8geurs\u00a0\u00bb est pris en charge et suivi par le <strong>GDSA30<\/strong> en la personne d<strong>&lsquo;Alexandre DUHAMEL<\/strong> du \u00ab\u00a0<strong>R\u00e9seau pi\u00e9geurs\u00a0\u00bb <\/strong>en utilisant le lien ci-dessous, les <strong>pi\u00e9geurs volontaires<\/strong> du d\u00e9partement peuvent s&rsquo;inscrire et d\u00e9clarer leurs prises\u00a0: \u00a0\u00a0<\/p>\n\n\n\n<p class=\"has-medium-font-size\"><strong><a href=\"http:\/\/lefrelon.com\" data-type=\"link\" data-id=\"lefrelon.com\">lefrelon.com<\/a>&nbsp;&nbsp;&nbsp;&nbsp;&nbsp;&nbsp;&nbsp;<\/strong>&nbsp;<\/p>\n\n\n\n<p class=\"has-medium-font-size\"><strong>Pour rappel, dans notre d\u00e9partement, le pi\u00e9geage des fondatrices d\u00e9bute g\u00e9n\u00e9ralement fin f\u00e9vrier d\u00e9but mars (m\u00e9t\u00e9o) pour se terminer \u00e0 la fin mai.<\/strong><\/p>\n\n\n\n<p>Lorsque vous vous serez inscrit sur l&rsquo;application \u00ab\u00a0<strong>lefrelon.com<\/strong>\u00ab\u00a0, vous aurez toutes les informations n\u00e9cessaires.<\/p>\n\n\n\n<figure class=\"wp-block-image size-full is-resized\"><img loading=\"lazy\" decoding=\"async\" width=\"614\" height=\"454\" src=\"http:\/\/gdsa30.fr\/wp-content\/uploads\/2021\/11\/fa5.jpg\" alt=\"\" class=\"wp-image-10129\" style=\"width:338px;height:250px\" srcset=\"https:\/\/gdsa30.fr\/wp-content\/uploads\/2021\/11\/fa5.jpg 614w, https:\/\/gdsa30.fr\/wp-content\/uploads\/2021\/11\/fa5-300x222.jpg 300w, https:\/\/gdsa30.fr\/wp-content\/uploads\/2021\/11\/fa5-365x270.jpg 365w\" sizes=\"auto, (max-width: 614px) 100vw, 614px\" \/><\/figure>\n\n\n\n<p>Ci-dessous un lien YouTube pour visualiser un documentaire \u00e9labor\u00e9 par notre coll\u00e8gue <strong>Patrick Bidal<\/strong> sur le cycle de d\u00e9veloppement du Frelon Asiatique et la n\u00e9cessit\u00e9 du pi\u00e9geage de Printemps :<\/p>\n\n\n\n<p><a href=\"https:\/\/youtu.be\/bBmLt7-7Pjc\">https:\/\/youtu.be\/bBmLt7-7Pjc<\/a><\/p>\n","protected":false},"excerpt":{"rendered":"<p>Depuis 2024, notre r\u00e9seau \u00ab\u00a0Pi\u00e8geurs\u00a0\u00bb est pris en charge et suivi par le GDSA30 en la personne d&lsquo;Alexandre DUHAMEL du \u00ab\u00a0R\u00e9seau pi\u00e9geurs\u00a0\u00bb en utilisant le lien ci-dessous, les pi\u00e9geurs volontaires du d\u00e9partement peuvent s&rsquo;inscrire et d\u00e9clarer leurs prises\u00a0: \u00a0\u00a0 lefrelon.com&nbsp;&nbsp;&nbsp;&nbsp;&nbsp;&nbsp;&nbsp;&nbsp; Pour rappel, dans notre d\u00e9partement, le pi\u00e9geage des fondatrices d\u00e9bute g\u00e9n\u00e9ralement fin f\u00e9vrier d\u00e9but mars (m\u00e9t\u00e9o) pour se terminer \u00e0 la fin mai. Lorsque vous vous serez inscrit sur l&rsquo;application \u00ab\u00a0lefrelon.com\u00ab\u00a0, vous aurez toutes les informations n\u00e9cessaires. Ci-dessous un lien&#8230;<\/p>\n<p class=\"read-more\"><a class=\"btn btn-default\" href=\"https:\/\/gdsa30.fr\/index.php\/nos-reseaux-de-lutte\/\">Lire la suite<span class=\"screen-reader-text\"> Lire la suite<\/span><\/a><\/p>\n","protected":false},"author":3,"featured_media":0,"parent":0,"menu_order":0,"comment_status":"closed","ping_status":"closed","template":"","meta":{"footnotes":""},"class_list":["post-9766","page","type-page","status-publish","hentry"],"_links":{"self":[{"href":"https:\/\/gdsa30.fr\/index.php\/wp-json\/wp\/v2\/pages\/9766","targetHints":{"allow":["GET"]}}],"collection":[{"href":"https:\/\/gdsa30.fr\/index.php\/wp-json\/wp\/v2\/pages"}],"about":[{"href":"https:\/\/gdsa30.fr\/index.php\/wp-json\/wp\/v2\/types\/page"}],"author":[{"embeddable":true,"href":"https:\/\/gdsa30.fr\/index.php\/wp-json\/wp\/v2\/users\/3"}],"replies":[{"embeddable":true,"href":"https:\/\/gdsa30.fr\/index.php\/wp-json\/wp\/v2\/comments?post=9766"}],"version-history":[{"count":13,"href":"https:\/\/gdsa30.fr\/index.php\/wp-json\/wp\/v2\/pages\/9766\/revisions"}],"predecessor-version":[{"id":10576,"href":"https:\/\/gdsa30.fr\/index.php\/wp-json\/wp\/v2\/pages\/9766\/revisions\/10576"}],"wp:attachment":[{"href":"https:\/\/gdsa30.fr\/index.php\/wp-json\/wp\/v2\/media?parent=9766"}],"curies":[{"name":"wp","href":"https:\/\/api.w.org\/{rel}","templated":true}]}}