{"id":9790,"date":"2020-02-06T18:15:26","date_gmt":"2020-02-06T17:15:26","guid":{"rendered":"http:\/\/gdsa30.fr\/?page_id=9790"},"modified":"2025-12-11T10:47:13","modified_gmt":"2025-12-11T09:47:13","slug":"organisation-de-la-lutte-dans-le-gard","status":"publish","type":"page","link":"https:\/\/gdsa30.fr\/index.php\/organisation-de-la-lutte-dans-le-gard\/","title":{"rendered":"Chronologie des actions de lutte FA du GDSA du Gard"},"content":{"rendered":"\n<p>D\u00e8s d\u00e9but 2008, le GDSA 30 s\u2019engage dans un Plan de\nLutte sur le d\u00e9partement du Gard&nbsp;:<\/p>\n\n\n\n<p><strong>2008<\/strong>&nbsp;: Recensement des premi\u00e8res observations de FA &#8211; Etude du pi\u00e9geage\net achats du mat\u00e9riel pour confection \u00e0 grande \u00e9chelle du \u00ab&nbsp;pi\u00e8ge\nBLOT&nbsp;\u00bb &#8211; Premi\u00e8res mises en place dans la r\u00e9gion de LA SALLE.<\/p>\n\n\n\n<p>Premiers ateliers de construction de pi\u00e8ges et\ndistributions &#8211; Informations des m\u00e9dias et structures associatives.<\/p>\n\n\n\n<p><strong>2009<\/strong>&nbsp;:\nParticipation active \u00e0 la r\u00e9union Interd\u00e9partementale du 13\/02\/2009 organis\u00e9e\npar l\u2019ADAPRO&nbsp;&nbsp;&nbsp;&nbsp;&nbsp;&nbsp;&nbsp;&nbsp;&nbsp; (point de d\u00e9part\nd\u2019un site wiki des recensements) &#8211; Elaboration et divulgation de Flyers\nInformatifs -Mise en place d\u2019un\nr\u00e9seau pyramidal avec les premiers r\u00e9f\u00e9rents, r\u00e9unions d&rsquo;information, ateliers\nde constructions et distributions de pi\u00e8ges, (500 pi\u00e8ges) et mise en place de\nla premi\u00e8re campagne de pi\u00e9geage. <strong>3 Nids localis\u00e9s<\/strong><\/p>\n\n\n\n<p><strong>2010&nbsp;<\/strong>: Recensements en progression sur de nombreux secteurs&nbsp;; le FA\nredescend les cours d\u2019eau par le haut des C\u00e9vennes. Le pi\u00e9geage se r\u00e9v\u00e8le\nd\u00e9cevant. Premiers nids d\u00e9truits suivant leur accessibilit\u00e9.&nbsp;&nbsp;&nbsp;&nbsp;&nbsp; &nbsp;&nbsp;<strong>12 Nids localis\u00e9s <\/strong>(7 d\u00e9truit)<\/p>\n\n\n\n<p><strong>2011&nbsp;<\/strong>: Signature d\u2019un partenariat avec le SDIS 30 au printemps, d\u00e9finition\nd\u2019un protocole d\u2019actions et de notes op\u00e9rationnelles&nbsp;: Validation des nids\npar les r\u00e9f\u00e9rents du GDSA 30 et destruction avec les moyens du SDIS (un centre de\nsecours sp\u00e9cialis\u00e9). <strong>49 Nids localis\u00e9s <\/strong>(une grosse moiti\u00e9 d\u00e9truite)<\/p>\n\n\n\n<p><strong>2012&nbsp;<\/strong>: Abandon du recensement r\u00e9gional sur le site ONEM qui n\u2019est ni mis \u00e0\njour, ni r\u00e9actualis\u00e9. Campagne de pi\u00e9geage des fondatrices au printemps. Achat\nd\u2019une perche carbone t\u00e9lescopique ACEVEDO. Formation \u00e0 son utilisation du\nCentre SDIS de LEDIGNAN &#8211; Cartographie des nids rep\u00e9r\u00e9s et (ou) d\u00e9truits. <strong>88\nNids localis\u00e9s <\/strong>(47 d\u00e9truits)<\/p>\n\n\n\n<p><strong>2013&nbsp;<\/strong>:Mise au point d\u2019une perche aluminium (moins on\u00e9reuse) avec la\nsoci\u00e9t\u00e9 ALERT\u2019O FRELONS et achat de cinq&nbsp;\nperches (SO2 ou Perm\u00e9trine) &#8211; Formation de quatre Centre de secours \u00e0\nl\u2019utilisation de ces perches &#8211; AG Frelon Asiatique avec invitation des\nd\u00e9partements voisins pour partage d\u2019exp\u00e9riences.&nbsp;&nbsp;&nbsp;&nbsp; <strong>116 Nids localis\u00e9s <\/strong>(82 d\u00e9truits)<\/p>\n\n\n\n<p><strong>2014<\/strong>&nbsp;: Organisation de la maintenance pour les perches &#8211; Essai de\nd\u00e9veloppement du r\u00e9seau de r\u00e9f\u00e9rents et d\u00e9but d\u2019information des communaut\u00e9s de\ncommunes sur leur implication dans la destruction (r\u00e9flexion sur la formation\nd\u2019agents \u00e0 l\u2019utilisation des perches de destruction) &#8211; Attente des pi\u00e8ges \u00e0\nph\u00e9romone.&nbsp; &nbsp;<strong>70 Nids localis\u00e9s <\/strong>(62 d\u00e9truits)<\/p>\n\n\n\n<p><strong>2015<\/strong>&nbsp;: Achat de trois perches suppl\u00e9mentaires &#8211; Stages de rappel de\nformation au SDIS &#8211; Signature du prolongement du partenariat &#8211; Travail de\nsensibilisation de nombreuses collectivit\u00e9s territoriales &#8211; Red\u00e9finition de la\nnote op\u00e9rationnelle face \u00e0 l\u2019engorgement du CTA (112) et aux d\u00e9rives de\nproc\u00e9dures &#8211; Projet de cr\u00e9er un sixi\u00e8me secteur (r\u00e9f\u00e9rent et centre de secours\n\u00e0 former).<\/p>\n\n\n\n<p><strong>486\nNids localis\u00e9s <\/strong>(312 d\u00e9truits)<\/p>\n\n\n\n<p><strong>2016&nbsp;<\/strong>: Mise en place de doubles embouts dans les CIS perchistes (maintenance)\n&#8211; D\u00e9rives notables du CTA et arr\u00eat de destruction SDIS au 10\/11 en raison du\nbudget &#8211; Introduction de deux nouveaux r\u00e9f\u00e9rents ( mais secteurs \u00e0 red\u00e9finir\nsur les 23 cantons ) &#8211; Projet de \u00ab&nbsp;perchistes&nbsp;\u00bb b\u00e9n\u00e9voles \u00e0 former\navec soutien de collectivit\u00e9s territoriales (recherche d\u2019encadrants)<\/p>\n\n\n\n<p><strong>590\nNids localis\u00e9s <\/strong>(385 d\u00e9truits)<\/p>\n\n\n\n<p><strong>2017<\/strong>&nbsp;: D\u00e9but d\u2019un travail collectif de pi\u00e9geage de printemps avec\nsynth\u00e8ses des captures et \u00e9tude locale du cycle de d\u00e9veloppement FA &#8211; Mise au\npoint du PILP ( pistolet insecticide longue port\u00e9e ) et premi\u00e8re saison\nexp\u00e9rimentale &#8211; Evolution du Partenariat SDIS et projet de Vid\u00e9o\n\u00ab&nbsp;tuto&nbsp;\u00bb pour les diff\u00e9rentes interventions de destruction &#8211;\nInvestissement de quelques collectivit\u00e9s par un soutien financier.<\/p>\n\n\n\n<p><strong>505\nNids localis\u00e9s <\/strong>(307 d\u00e9truits)<\/p>\n\n\n\n<p><strong>2018&nbsp;:<\/strong> Accentuation du r\u00e9seau de pi\u00e9geage de printemps (3137 captures, arr\u00eat\u00e9\nau 15 Juin). Evolution du Partenariat&nbsp;: le SDIS 30 n\u2019intervient plus\nau-dessus de dix m\u00e8tres. La prolif\u00e9ration est impressionnante cette ann\u00e9e et\nmet \u00e0 rude \u00e9preuve notre organisation qui manque de moyens, notamment humains.\nTravail d\u2019information et de mobilisation de collectivit\u00e9s. Il faut repenser le\nfonctionnement du partenariat SDIS. <\/p>\n\n\n\n<p><strong>1203\nNids localis\u00e9s<\/strong> (676 d\u00e9truits)<\/p>\n\n\n\n<p><strong>2019&nbsp;:\n<\/strong>Continuation du pi\u00e9geage centralis\u00e9 de printemps (2157\ncaptures, arr\u00eat\u00e9 au 1\u00b0 Juin). Disponibilit\u00e9 de 7 perches et un PILP sur le\nD\u00e9partement. Prise en charge de certains secteurs par les collectivit\u00e9s&nbsp;&nbsp;&nbsp;&nbsp;&nbsp;&nbsp;&nbsp;&nbsp; (form\u00e9es et \u00e9quip\u00e9es). Ann\u00e9e\ncaniculaire de Juin \u00e0 Septembre avec une grosse baisse des rep\u00e9rages.<\/p>\n\n\n\n<p>La fin de saison des recensements annuels est fix\u00e9e\nau 31 Mars 2020&nbsp;; L\u2019estimation est de 400 nids.<\/p>\n\n\n\n<p><strong>2020&nbsp;<\/strong>: Renouvellement du partenariat avec le SDIS du Gard qui r\u00e9ceptionne les appels des collectivit\u00e9s ou des particuliers et les orientent vers notre groupe de R\u00e9f\u00e9rents diss\u00e9min\u00e9s sur l\u2019ensemble du territoire (malgr\u00e9 les conditions sanitaires que nous avons connus cette ann\u00e9e <strong>330 nids<\/strong> ont \u00e9t\u00e9 d\u00e9truits).<\/p>\n\n\n\n<p>Le r\u00e9seau pi\u00e9geage a annonc\u00e9 la prise de <strong>plus de\n1400 fondatrices<\/strong> sur la p\u00e9riode allant de mars \u00e0 juin 2020.<\/p>\n\n\n\n<p><strong>2023<\/strong>\u00a0: Prise en charge et suivi par le <strong>GDSA30<\/strong> en la personne de <strong>Christian DE SERESIN<\/strong> du \u00ab\u00a0<strong>R\u00e9seau pi\u00e9geurs\u00a0\u00bb <\/strong>en utilisant l&rsquo;adresse mail sur laquelle tous les <strong>pi\u00e9geurs volontaires<\/strong> du d\u00e9partement peuvent s\u2019inscrire\u00a0: \u00a0\u00a0\u00a0\u00a0\u00a0 <a href=\"mailto:gdsa30.piegeagefa@gmail.com\"><strong>gdsa30.piegeagefa@gmail.com<\/strong><\/a><\/p>\n\n\n\n<p>Pour rappel, le pi\u00e9geage des fondatrices d\u00e9bute g\u00e9n\u00e9ralement fin f\u00e9vrier d\u00e9but mars (m\u00e9t\u00e9o) pour se terminer \u00e0 la fin mai.<\/p>\n","protected":false},"excerpt":{"rendered":"<p>D\u00e8s d\u00e9but 2008, le GDSA 30 s\u2019engage dans un Plan de Lutte sur le d\u00e9partement du Gard&nbsp;: 2008&nbsp;: Recensement des premi\u00e8res observations de FA &#8211; Etude du pi\u00e9geage et achats du mat\u00e9riel pour confection \u00e0 grande \u00e9chelle du \u00ab&nbsp;pi\u00e8ge BLOT&nbsp;\u00bb &#8211; Premi\u00e8res mises en place dans la r\u00e9gion de LA SALLE. Premiers ateliers de construction de pi\u00e8ges et distributions &#8211; Informations des m\u00e9dias et structures associatives. 2009&nbsp;: Participation active \u00e0 la r\u00e9union Interd\u00e9partementale du 13\/02\/2009 organis\u00e9e par l\u2019ADAPRO&nbsp;&nbsp;&nbsp;&nbsp;&nbsp;&nbsp;&nbsp;&nbsp;&nbsp; (point de&#8230;<\/p>\n<p class=\"read-more\"><a class=\"btn btn-default\" href=\"https:\/\/gdsa30.fr\/index.php\/organisation-de-la-lutte-dans-le-gard\/\">Lire la suite<span class=\"screen-reader-text\"> Lire la suite<\/span><\/a><\/p>\n","protected":false},"author":3,"featured_media":0,"parent":0,"menu_order":0,"comment_status":"closed","ping_status":"closed","template":"","meta":{"footnotes":""},"class_list":["post-9790","page","type-page","status-publish","hentry"],"_links":{"self":[{"href":"https:\/\/gdsa30.fr\/index.php\/wp-json\/wp\/v2\/pages\/9790","targetHints":{"allow":["GET"]}}],"collection":[{"href":"https:\/\/gdsa30.fr\/index.php\/wp-json\/wp\/v2\/pages"}],"about":[{"href":"https:\/\/gdsa30.fr\/index.php\/wp-json\/wp\/v2\/types\/page"}],"author":[{"embeddable":true,"href":"https:\/\/gdsa30.fr\/index.php\/wp-json\/wp\/v2\/users\/3"}],"replies":[{"embeddable":true,"href":"https:\/\/gdsa30.fr\/index.php\/wp-json\/wp\/v2\/comments?post=9790"}],"version-history":[{"count":7,"href":"https:\/\/gdsa30.fr\/index.php\/wp-json\/wp\/v2\/pages\/9790\/revisions"}],"predecessor-version":[{"id":10687,"href":"https:\/\/gdsa30.fr\/index.php\/wp-json\/wp\/v2\/pages\/9790\/revisions\/10687"}],"wp:attachment":[{"href":"https:\/\/gdsa30.fr\/index.php\/wp-json\/wp\/v2\/media?parent=9790"}],"curies":[{"name":"wp","href":"https:\/\/api.w.org\/{rel}","templated":true}]}}