{"id":9972,"date":"2025-01-15T19:35:07","date_gmt":"2025-01-15T18:35:07","guid":{"rendered":"http:\/\/gdsa30.fr\/?page_id=9972"},"modified":"2025-12-11T10:31:49","modified_gmt":"2025-12-11T09:31:49","slug":"pse-2025","status":"publish","type":"page","link":"https:\/\/gdsa30.fr\/index.php\/pse-2025\/","title":{"rendered":"Plan Sanitaire d&rsquo;Elevage 2025"},"content":{"rendered":"\n<h3 class=\"wp-block-heading\">Objet du PSE<\/h3>\n\n\n\n<p>Le PSE (Plan Sanitaire d\u2019\u00c9levage) \u00e9tabli par GDSA 30 vise \u00e0 organiser la lutte et la pr\u00e9vention des dangers sanitaires pouvant affecter les ruchers des apiculteurs du d\u00e9partement du Gard. Il s\u2019inscrit sous le contr\u00f4le de la DDETSPP du Gard.<\/p>\n\n\n\n<p>Il garantit la <strong>tra\u00e7abilit\u00e9 des \u00e9levages<\/strong>, en imposant \u00e0 chaque apiculteur la d\u00e9claration annuelle de son cheptel et de ses emplacements, d\u00e8s la premi\u00e8re ruche. <\/p>\n\n\n\n<p>Un registre d\u2019\u00e9levage doit \u00eatre tenu : recensement des ruches, traitements r\u00e9alis\u00e9s, factures, bons de d\u00e9livrance de m\u00e9dicaments, entr\u00e9es de cheptels (essaims, reines), etc. <\/p>\n\n\n\n<p><strong>T\u00e9l\u00e9charger le plan sanitaire d&rsquo;\u00e9levage<\/strong>: <a href=\"http:\/\/gdsa30.fr\/wp-content\/uploads\/2025\/01\/Presentation-PSE-2025-GDSA-30.pdf\">Presentation-PSE-2025-GDSA-30.pdf<\/a><\/p>\n","protected":false},"excerpt":{"rendered":"<p>Objet du PSE Le PSE (Plan Sanitaire d\u2019\u00c9levage) \u00e9tabli par GDSA 30 vise \u00e0 organiser la lutte et la pr\u00e9vention des dangers sanitaires pouvant affecter les ruchers des apiculteurs du d\u00e9partement du Gard. Il s\u2019inscrit sous le contr\u00f4le de la DDETSPP du Gard. Il garantit la tra\u00e7abilit\u00e9 des \u00e9levages, en imposant \u00e0 chaque apiculteur la d\u00e9claration annuelle de son cheptel et de ses emplacements, d\u00e8s la premi\u00e8re ruche. Un registre d\u2019\u00e9levage doit \u00eatre tenu : recensement des ruches, traitements r\u00e9alis\u00e9s,&#8230;<\/p>\n<p class=\"read-more\"><a class=\"btn btn-default\" href=\"https:\/\/gdsa30.fr\/index.php\/pse-2025\/\">Lire la suite<span class=\"screen-reader-text\"> Lire la suite<\/span><\/a><\/p>\n","protected":false},"author":3,"featured_media":0,"parent":0,"menu_order":0,"comment_status":"closed","ping_status":"closed","template":"","meta":{"footnotes":""},"class_list":["post-9972","page","type-page","status-publish","hentry"],"_links":{"self":[{"href":"https:\/\/gdsa30.fr\/index.php\/wp-json\/wp\/v2\/pages\/9972","targetHints":{"allow":["GET"]}}],"collection":[{"href":"https:\/\/gdsa30.fr\/index.php\/wp-json\/wp\/v2\/pages"}],"about":[{"href":"https:\/\/gdsa30.fr\/index.php\/wp-json\/wp\/v2\/types\/page"}],"author":[{"embeddable":true,"href":"https:\/\/gdsa30.fr\/index.php\/wp-json\/wp\/v2\/users\/3"}],"replies":[{"embeddable":true,"href":"https:\/\/gdsa30.fr\/index.php\/wp-json\/wp\/v2\/comments?post=9972"}],"version-history":[{"count":11,"href":"https:\/\/gdsa30.fr\/index.php\/wp-json\/wp\/v2\/pages\/9972\/revisions"}],"predecessor-version":[{"id":10684,"href":"https:\/\/gdsa30.fr\/index.php\/wp-json\/wp\/v2\/pages\/9972\/revisions\/10684"}],"wp:attachment":[{"href":"https:\/\/gdsa30.fr\/index.php\/wp-json\/wp\/v2\/media?parent=9972"}],"curies":[{"name":"wp","href":"https:\/\/api.w.org\/{rel}","templated":true}]}}