{"id":9975,"date":"2025-01-15T19:36:14","date_gmt":"2025-01-15T18:36:14","guid":{"rendered":"http:\/\/gdsa30.fr\/?page_id=9975"},"modified":"2026-01-02T10:52:20","modified_gmt":"2026-01-02T09:52:20","slug":"plan-de-distribution-2025","status":"publish","type":"page","link":"https:\/\/gdsa30.fr\/index.php\/plan-de-distribution-2025\/","title":{"rendered":"Plan de distribution 2026"},"content":{"rendered":"\n<p class=\"has-text-align-center has-background\" style=\"background-color:#ffbe7e\"><strong>GDSA 30 : Plan de Distribution des M\u00e9dicaments au PSE 202<\/strong>6<\/p>\n\n\n\n<p><br>T\u00e9l\u00e9chargez le <a href=\"\/wp-content\/uploads\/2025\/12\/2026_Plan-2026-de-Distribution-des-Produits-Anti-Varroas-GDSA-30.pdf\"><strong><mark style=\"background-color:rgba(0, 0, 0, 0)\" class=\"has-inline-color has-vivid-cyan-blue-color\">plan de distribution des m\u00e9dicaments 2026<\/mark><\/strong><\/a><\/p>\n\n\n\n<p><\/p>\n","protected":false},"excerpt":{"rendered":"<p>GDSA 30 : Plan de Distribution des M\u00e9dicaments au PSE 2026 T\u00e9l\u00e9chargez le plan de distribution des m\u00e9dicaments 2026<\/p>\n","protected":false},"author":3,"featured_media":0,"parent":0,"menu_order":0,"comment_status":"closed","ping_status":"closed","template":"","meta":{"footnotes":""},"class_list":["post-9975","page","type-page","status-publish","hentry"],"_links":{"self":[{"href":"https:\/\/gdsa30.fr\/index.php\/wp-json\/wp\/v2\/pages\/9975","targetHints":{"allow":["GET"]}}],"collection":[{"href":"https:\/\/gdsa30.fr\/index.php\/wp-json\/wp\/v2\/pages"}],"about":[{"href":"https:\/\/gdsa30.fr\/index.php\/wp-json\/wp\/v2\/types\/page"}],"author":[{"embeddable":true,"href":"https:\/\/gdsa30.fr\/index.php\/wp-json\/wp\/v2\/users\/3"}],"replies":[{"embeddable":true,"href":"https:\/\/gdsa30.fr\/index.php\/wp-json\/wp\/v2\/comments?post=9975"}],"version-history":[{"count":10,"href":"https:\/\/gdsa30.fr\/index.php\/wp-json\/wp\/v2\/pages\/9975\/revisions"}],"predecessor-version":[{"id":10860,"href":"https:\/\/gdsa30.fr\/index.php\/wp-json\/wp\/v2\/pages\/9975\/revisions\/10860"}],"wp:attachment":[{"href":"https:\/\/gdsa30.fr\/index.php\/wp-json\/wp\/v2\/media?parent=9975"}],"curies":[{"name":"wp","href":"https:\/\/api.w.org\/{rel}","templated":true}]}}